{"id":8433,"date":"2018-10-03T10:15:38","date_gmt":"2018-10-03T07:15:38","guid":{"rendered":"https:\/\/turkpedkar.org.tr\/tr\/?page_id=8433"},"modified":"2025-07-31T16:31:44","modified_gmt":"2025-07-31T13:31:44","slug":"yeterlilik-kurulu-yonergesi","status":"publish","type":"page","link":"https:\/\/turkpedkar.org.tr\/en\/yeterlilik-kurulu-yonergesi\/","title":{"rendered":"Yeterlilik Kurulu Y\u00f6nergeleri"},"content":{"rendered":"<p><strong><a href=\"https:\/\/turkpedkar.org.tr\/wp-content\/uploads\/2024\/08\/Kardiyoloji-yeterlilik-Kurulu-Yonere.pdf\">PED\u0130ATR\u0130K KARD\u0130YOLOJ\u0130 YETERL\u0130L\u0130K KURULU Y\u00d6NERGES\u0130<\/a><\/strong><\/p>\n<p><strong><a href=\"https:\/\/turkpedkar.org.tr\/wp-content\/uploads\/2024\/08\/Cerrahi-Yeterlilik-Kurulu-Yonerge.pdf\">PED\u0130ATR\u0130K KALP VE DAMAR CERRAH\u0130S\u0130 YETERL\u0130L\u0130K KURULU Y\u00d6NERGES\u0130<\/a><strong><\/p>","protected":false},"excerpt":{"rendered":"<p>PED\u0130ATR\u0130K KARD\u0130YOLOJ\u0130 YETERL\u0130L\u0130K KURULU Y\u00d6NERGES\u0130 PED\u0130ATR\u0130K KALP VE DAMAR CERRAH\u0130S\u0130 YETERL\u0130L\u0130K KURULU Y\u00d6NERGES\u0130<\/p>","protected":false},"author":1,"featured_media":0,"parent":0,"menu_order":0,"comment_status":"closed","ping_status":"closed","template":"","meta":{"footnotes":""},"class_list":["post-8433","page","type-page","status-publish"],"_links":{"self":[{"href":"https:\/\/turkpedkar.org.tr\/en\/wp-json\/wp\/v2\/pages\/8433","targetHints":{"allow":["GET"]}}],"collection":[{"href":"https:\/\/turkpedkar.org.tr\/en\/wp-json\/wp\/v2\/pages"}],"about":[{"href":"https:\/\/turkpedkar.org.tr\/en\/wp-json\/wp\/v2\/types\/page"}],"author":[{"embeddable":true,"href":"https:\/\/turkpedkar.org.tr\/en\/wp-json\/wp\/v2\/users\/1"}],"replies":[{"embeddable":true,"href":"https:\/\/turkpedkar.org.tr\/en\/wp-json\/wp\/v2\/comments?post=8433"}],"version-history":[{"count":1,"href":"https:\/\/turkpedkar.org.tr\/en\/wp-json\/wp\/v2\/pages\/8433\/revisions"}],"predecessor-version":[{"id":150641,"href":"https:\/\/turkpedkar.org.tr\/en\/wp-json\/wp\/v2\/pages\/8433\/revisions\/150641"}],"wp:attachment":[{"href":"https:\/\/turkpedkar.org.tr\/en\/wp-json\/wp\/v2\/media?parent=8433"}],"curies":[{"name":"wp","href":"https:\/\/api.w.org\/{rel}","templated":true}]}}