{"id":7013,"date":"2017-09-17T20:50:42","date_gmt":"2017-09-17T17:50:42","guid":{"rendered":"http:\/\/turkpedkar.org.tr\/?page_id=7013"},"modified":"2025-07-31T16:31:43","modified_gmt":"2025-07-31T13:31:43","slug":"uye-album","status":"publish","type":"page","link":"https:\/\/turkpedkar.org.tr\/en\/uye-album\/","title":{"rendered":"\u00dcye Alb\u00fcm\u00fc"},"content":{"rendered":"<p>\u00dcYE ALB\u00dcM\u00dc G\u00dcNCELLEME \u00c7ALI\u015eMALARI DEVAM ETMEKTED\u0130R.<\/p>\n<p>&nbsp;<\/p>\n<h1 style=\"color: red;\">\u00dcye Alb\u00fcm\u00fcn\u00fc g\u00f6r\u00fcnt\u00fclemek i\u00e7in giri\u015f yapmal\u0131s\u0131n\u0131z<\/h1>","protected":false},"excerpt":{"rendered":"<p>\u00dcYE ALB\u00dcM\u00dc G\u00dcNCELLEME \u00c7ALI\u015eMALARI DEVAM ETMEKTED\u0130R. &nbsp; \u00dcye Alb\u00fcm\u00fcn\u00fc g\u00f6r\u00fcnt\u00fclemek i\u00e7in giri\u015f yapmal\u0131s\u0131n\u0131z<\/p>","protected":false},"author":1,"featured_media":0,"parent":0,"menu_order":0,"comment_status":"closed","ping_status":"closed","template":"","meta":{"footnotes":""},"class_list":["post-7013","page","type-page","status-publish"],"_links":{"self":[{"href":"https:\/\/turkpedkar.org.tr\/en\/wp-json\/wp\/v2\/pages\/7013","targetHints":{"allow":["GET"]}}],"collection":[{"href":"https:\/\/turkpedkar.org.tr\/en\/wp-json\/wp\/v2\/pages"}],"about":[{"href":"https:\/\/turkpedkar.org.tr\/en\/wp-json\/wp\/v2\/types\/page"}],"author":[{"embeddable":true,"href":"https:\/\/turkpedkar.org.tr\/en\/wp-json\/wp\/v2\/users\/1"}],"replies":[{"embeddable":true,"href":"https:\/\/turkpedkar.org.tr\/en\/wp-json\/wp\/v2\/comments?post=7013"}],"version-history":[{"count":1,"href":"https:\/\/turkpedkar.org.tr\/en\/wp-json\/wp\/v2\/pages\/7013\/revisions"}],"predecessor-version":[{"id":150634,"href":"https:\/\/turkpedkar.org.tr\/en\/wp-json\/wp\/v2\/pages\/7013\/revisions\/150634"}],"wp:attachment":[{"href":"https:\/\/turkpedkar.org.tr\/en\/wp-json\/wp\/v2\/media?parent=7013"}],"curies":[{"name":"wp","href":"https:\/\/api.w.org\/{rel}","templated":true}]}}