{"id":6,"date":"2013-09-23T16:52:06","date_gmt":"2013-09-23T13:52:06","guid":{"rendered":"http:\/\/test.bartekyazilim.com\/?page_id=6"},"modified":"2026-03-24T17:47:16","modified_gmt":"2026-03-24T14:47:16","slug":"groups","status":"publish","type":"page","link":"https:\/\/turkpedkar.org.tr\/en\/groups\/","title":{"rendered":"\u00c7ALI\u015eMA GRUPLARI"},"content":{"rendered":"<div>\n<div>\n<div class=\"gb-element-6ca54410\">\n<div>\n<figure class=\"wp-block-image is-resized\"><a href=\"http:\/\/turkpedkar.org.tr\/wp-content\/uploads\/2013\/12\/disritmicalisma.jpg\"><img loading=\"lazy\" decoding=\"async\" width=\"128\" height=\"128\" src=\"http:\/\/turkpedkar.org.tr\/wp-content\/uploads\/2013\/12\/disritmicalisma.jpg\" alt=\"AR\u0130TM\u0130 \u00c7ALI\u015eMA GRUBU\" class=\"wp-image-2019\" style=\"width:131px;height:auto\" srcset=\"https:\/\/turkpedkar.org.tr\/wp-content\/uploads\/2013\/12\/disritmicalisma.jpg 128w, https:\/\/turkpedkar.org.tr\/wp-content\/uploads\/2013\/12\/disritmicalisma-100x100.jpg 100w\" sizes=\"auto, (max-width: 128px) 100vw, 128px\" \/><\/a><\/figure>\n\n\n\n<p><strong>Arrhythmia Working Group<\/strong><\/p>\n\n\n\n<p>Ba\u015fkan: Prof. Dr. \u015eevket BALLI<br>Ba\u015fkan Yard\u0131mc\u0131s\u0131: Prof. Dr. \u00d6zlem ELKIRAN<br>Sekreter: Prof. Dr. \u0130lker ERTU\u011eRUL<\/p>\n\n\n\n<p>Past Chairs<\/p>\n\n\n\n<p>Prof. Dr. Cem KARADEN\u0130Z<br>Prof. Dr. Yakup ERG\u00dcL<br>Prof. Dr. Ayhan KILI\u00c7<br>Prof. Dr. Tevfik KARAG\u00d6Z<br>Prof. Dr. Osman K\u00dc\u00c7\u00dcKOSMANO\u011eLU<br>Prof. Dr. Sema \u00d6ZER<\/p>\n<\/div>\n\n\n\n<div>\n<figure class=\"wp-block-image\"><a href=\"http:\/\/turkpedkar.org.tr\/wp-content\/uploads\/2013\/12\/cerrahicalisma.jpg\"><img loading=\"lazy\" decoding=\"async\" width=\"128\" height=\"128\" src=\"http:\/\/turkpedkar.org.tr\/wp-content\/uploads\/2013\/12\/cerrahicalisma.jpg\" alt=\"CERRAH\u0130 \u00c7ALI\u015eMA GRUBU\" class=\"wp-image-2022\" srcset=\"https:\/\/turkpedkar.org.tr\/wp-content\/uploads\/2013\/12\/cerrahicalisma.jpg 128w, https:\/\/turkpedkar.org.tr\/wp-content\/uploads\/2013\/12\/cerrahicalisma-100x100.jpg 100w\" sizes=\"auto, (max-width: 128px) 100vw, 128px\" \/><\/a><\/figure>\n\n\n\n<p><strong>Surgery Working Group<\/strong><\/p>\n\n\n\n<p>Ba\u015fkan: Prof. Dr. Atakan ATALAY<br>Ba\u015fkan Yard\u0131mc\u0131s\u0131: Do\u00e7. Dr. Nihat \u00c7\u0130NE<br>Sekreter: Prof. Dr. ONUR I\u015eIK<\/p>\n\n\n\n<p>Past Chairs<\/p>\n\n\n\n<p>Prof. Dr. Hakan CEYRAN<br>Prof. Dr. Ali Can HATEM\u0130<br>Prof. Dr. Hakan CEYRAN<br>Prof. Dr. Halil T\u00dcRKO\u011eLU<br>Prof. Dr. Adnan UYSALEL<br>Prof. Dr. Co\u015fkun \u0130K\u0130ZLER<\/p>\n<\/div>\n<\/div>\n\n\n\n<div class=\"gb-element-4f6788ab\">\n<div>\n<figure class=\"wp-block-image\"><a href=\"http:\/\/turkpedkar.org.tr\/wp-content\/uploads\/2013\/12\/edinselkalp.jpg\"><img loading=\"lazy\" decoding=\"async\" width=\"128\" height=\"128\" src=\"http:\/\/turkpedkar.org.tr\/wp-content\/uploads\/2013\/12\/edinselkalp.jpg\" alt=\"ED\u0130NSEL KALP HASTALIKLARI VE KORUNMA \u00c7ALI\u015eMA GRUBU\" class=\"wp-image-2020\" srcset=\"https:\/\/turkpedkar.org.tr\/wp-content\/uploads\/2013\/12\/edinselkalp.jpg 128w, https:\/\/turkpedkar.org.tr\/wp-content\/uploads\/2013\/12\/edinselkalp-100x100.jpg 100w\" sizes=\"auto, (max-width: 128px) 100vw, 128px\" \/><\/a><\/figure>\n\n\n\n<p><strong>Acquired Heart Diseases and Prevention Working Group<\/strong><\/p>\n\n\n\n<p>Ba\u015fkan: Prof. Dr. Rahmi \u00d6ZDEM\u0130R<br>Ba\u015fkan Yard\u0131mc\u0131s\u0131: Prof. Dr. \u00d6zge PAMUK\u00c7U AKAY<br>Sekreter: Prof. Dr. Abdullah \u00d6ZYURT<\/p>\n\n\n\n<p>Past Chairs<\/p>\n\n\n\n<p>Prof. Dr. Dolunay G\u00dcRSES<br>Do\u00e7. Dr. Murat Muhtar YILMAZER<br>Prof. Dr. G\u00fclendam KO\u00c7AK<br>Prof. Dr. Funda \u00d6ZTUN\u00c7<br>Prof. Dr. Dolunay G\u00dcRSES<br>Prof. Dr. Kaz\u0131m \u00dcZ\u00dcM<br>Prof. Dr. Selmin KARADEM\u0130R<br>Prof. Dr. Rana OLGUNT\u00dcRK<\/p>\n<\/div>\n\n\n\n<div>\n<figure class=\"wp-block-image\"><a href=\"https:\/\/turkpedkar.org.tr\/wp-content\/uploads\/2013\/12\/eriskinyasaulasmis.jpg\"><img decoding=\"async\" src=\"https:\/\/turkpedkar.org.tr\/wp-content\/uploads\/2013\/12\/eriskinyasaulasmis.jpg\" alt=\"ER\u0130\u015eK\u0130N YA\u015eTA DO\u011eUMSAL KALP HASTALIKLARI \u00c7ALI\u015eMA GRUBU\" class=\"wp-image-2018\"\/><\/a><\/figure>\n\n\n\n<p><strong>Adult Congenital Heart Diseases Working Group<\/strong><\/p>\n\n\n\n<p>Ba\u015fkan: Prof. Dr. Osman K\u00dc\u00c7\u00dcKOSMANO\u011eLU<br>Ba\u015fkan Yard\u0131mc\u0131s\u0131: Do\u00e7. Dr. Derya AYDIN \u015eAH\u0130N<br>Sekreter: Prof. Dr. Ahmet \u0130RDEM<\/p>\n\n\n\n<p>Past Chairs<\/p>\n\n\n\n<p>Prof. Dr. \u00d6zlem Mehtap BOSTAN<br>Prof. Dr. F. Ay\u015fenur PA\u00c7<br>Prof. Dr. Figen AKALIN<br>Prof. Dr. Serdar KULA<br>Prof. Dr. Dursun ALEHAN<br>Prof. Dr. G\u00fcl SA\u011eIN SAYLAM<\/p>\n<\/div>\n<\/div>\n\n\n\n<div class=\"gb-element-bc404c5d\">\n<div>\n<figure class=\"wp-block-image\"><a href=\"https:\/\/turkpedkar.org.tr\/wp-content\/uploads\/2018\/08\/fetal.jpg\"><img decoding=\"async\" src=\"https:\/\/turkpedkar.org.tr\/wp-content\/uploads\/2018\/08\/fetal.jpg\" alt=\"FETAL KARD\u0130YOLOJ\u0130 \u00c7ALI\u015eMA GRUBU\" class=\"wp-image-2016\"\/><\/a><\/figure>\n\n\n\n<p><strong>Fetal Cardiology Working Group<\/strong><\/p>\n\n\n\n<p>Ba\u015fkan: Prof. Dr. Ebru AYPAR<br>Ba\u015fkan Yard\u0131mc\u0131s\u0131: Do\u00e7. Dr. T\u00fclay \u015e\u0130R\u0130NO\u011eLU<br>Sekreter: Do\u00e7. Dr. Fato\u015f ALKAN<\/p>\n\n\n\n<p>Past Chairs<\/p>\n\n\n\n<p>Prof. Dr. Abd\u00fclkadir BABAO\u011eLU<br>Prof. Dr. Sedef TUNAO\u011eLU<br>Prof. Dr. Ercan TUTAR<\/p>\n<\/div>\n\n\n\n<div>\n<figure class=\"wp-block-image is-resized\"><a href=\"https:\/\/turkpedkar.org.tr\/wp-content\/uploads\/2013\/12\/girisimselkardiyo.jpg\"><img decoding=\"async\" src=\"https:\/\/turkpedkar.org.tr\/wp-content\/uploads\/2013\/12\/girisimselkardiyo.jpg\" alt=\"G\u0130R\u0130\u015e\u0130MSEL KARD\u0130YOLOJ\u0130 \u00c7ALI\u015eMA GRUBU\" class=\"wp-image-2021\" style=\"width:178px;height:auto\"\/><\/a><\/figure>\n\n\n\n<p><strong>Interventional Cardiology Working Group<\/strong><\/p>\n\n\n\n<p>Ba\u015fkan: Prof. Dr. Alper G\u00dcZELTA\u015e<br>Vice Chair: Prof. Dr. \u0130brahim Cansaran TANIDIR<br>Sekreter: Prof. Dr. \u0130brahim ECE<\/p>\n\n\n\n<p>Past Chairs<\/p>\n\n\n\n<p>Prof. Dr. Abdullah ERDEM<br>Prof. Dr. Kemal N\u0130\u015eL\u0130<br>Prof. Dr. Ahmet \u00c7ELEB\u0130<br>Prof. Dr. Nazmi NAR\u0130N<br>Prof. Dr. Nazan \u00d6ZBARLAS<\/p>\n<\/div>\n<\/div>\n<\/div>\n<\/div>\n\n\n\n<div>\n<div>\n<div class=\"gb-element-94961b6d\">\n<div>\n<figure class=\"wp-block-image\"><a href=\"https:\/\/turkpedkar.org.tr\/wp-content\/uploads\/2018\/08\/KalpGoruntu.jpg\"><img decoding=\"async\" src=\"https:\/\/turkpedkar.org.tr\/wp-content\/uploads\/2018\/08\/KalpGoruntu.jpg\" alt=\"KALP G\u00d6R\u00dcNT\u00dcLEMES\u0130 \u00c7ALI\u015eMA GRUBU\" class=\"wp-image-2017\"\/><\/a><\/figure>\n\n\n\n<p><strong>Cardiac Imaging Working Group<\/strong><\/p>\n\n\n\n<p>Ba\u015fkan: Prof. Dr. Pelin AYYILDIZ<br>Ba\u015fkan Yard\u0131mc\u0131s\u0131: Do\u00e7. Dr. Ay\u015fe \u015e\u0130M\u015eEK<br>Sekreter: Do\u00e7. Dr. Elif EROLU<\/p>\n\n\n\n<p>Past Chairs<\/p>\n\n\n\n<p>Prof. Dr. Timur ME\u015eE<br>Prof. Dr. G\u00fcl SA\u011eIN SAYLAM<br>Prof. Dr. Selmin KARADEM\u0130R<br>Prof. Dr. Dursun ALEHAN<br>Prof. Dr. F. Sedef TUNAO\u011eLU<br>Prof. Dr. Funda \u00d6ZTUN\u00c7<br>Prof. Dr. Kemal BAYSAL<br>Prof. Dr. S\u00fcheyla \u00d6ZKUTLU<\/p>\n<\/div>\n\n\n\n<div>\n<figure class=\"wp-block-image is-resized\"><a href=\"https:\/\/turkpedkar.org.tr\/wp-content\/uploads\/2025\/06\/Yetersilik.png\"><img decoding=\"async\" src=\"https:\/\/turkpedkar.org.tr\/wp-content\/uploads\/2025\/06\/Yetersilik.png\" alt=\"KALP YETERS\u0130ZL\u0130\u011e\u0130 VE KALP NAKL\u0130 \u00c7ALI\u015eMA GRUBU\" class=\"wp-image-2017\" style=\"width:191px;height:auto\"\/><\/a><\/figure>\n\n\n\n<p><strong>KALP YETERS\u0130ZL\u0130\u011e\u0130 VE KALP NAKL\u0130 \u00c7ALI\u015eMA GRUBU<\/strong><\/p>\n\n\n\n<p>Ba\u015fkan: Prof. Dr. Osman BA\u015ePINAR<br>Ba\u015fkan Yard\u0131mc\u0131s\u0131: Prof. Dr. Z\u00fclal \u00dcLGER TUTAR<br>Sekreter: Prof. Dr. Tayfun U\u00c7AR<\/p>\n<\/div>\n<\/div>\n\n\n\n<div class=\"gb-element-91fc69ba\">\n<div>\n<figure class=\"wp-block-image is-resized\"><a href=\"http:\/\/turkpedkar.org.tr\/wp-content\/uploads\/2016\/10\/pedyogun.jpg\"><img decoding=\"async\" src=\"http:\/\/turkpedkar.org.tr\/wp-content\/uploads\/2016\/10\/pedyogun.jpg\" alt=\"PED\u0130ATR\u0130K KARD\u0130YAK YO\u011eUN BAKIM \u00c7ALI\u015eMA GRUBU\" class=\"wp-image-2015\" style=\"width:213px;height:auto\"\/><\/a><\/figure>\n\n\n\n<p><strong>Pediatric Cardiac Intensive Care Working Group<\/strong><\/p>\n\n\n\n<p>Ba\u015fkan: Prof. Dr. Bedri ALDUDAK<br>Vice Chair: Uzm. Dr. Emine HEK\u0130M YILMAZ<br>Sekreter: Do\u00e7. Dr. Hacer KAMALI<\/p>\n\n\n\n<p>Past Chairs<br>Prof. Dr. Erkut \u00d6ZT\u00dcRK<br>Prof. Dr. Arda SAYGILI<br>Prof. Dr. Nazan \u00d6ZBARLAS<\/p>\n<\/div>\n\n\n\n<div>\n<figure class=\"wp-block-image\"><a href=\"https:\/\/turkpedkar.org.tr\/wp-content\/uploads\/2018\/11\/pulmoner.jpg\"><img decoding=\"async\" src=\"https:\/\/turkpedkar.org.tr\/wp-content\/uploads\/2018\/11\/pulmoner.jpg\" alt=\"PULMONER H\u0130PERTANS\u0130YON \u00c7ALI\u015eMA GRUBU\" class=\"wp-image-2014\" style=\"object-fit:cover\"\/><\/a><\/figure>\n\n\n\n<p><strong>PULMONER H\u0130PERTANS\u0130YON \u00c7ALI\u015eMA GRUBU<\/strong><\/p>\n\n\n\n<p>Chair: Prof. Dr. Serdar KULA<br>Vice Chair: Prof. Dr. Ay\u015fe \u0130NC\u0130 YILDIRIM<br>Secretary: Prof. Dr. Cem\u015fit KARAKURT<\/p>\n\n\n\n<p>Past Chairs<\/p>\n\n\n\n<p>Prof. Dr. Dursun ALEHAN<br>Prof. Dr. N.K\u00fcr\u015fad TOKEL<\/p>\n<\/div>\n<\/div>\n<\/div>\n<\/div>\n\n\n\n<p><\/p>","protected":false},"excerpt":{"rendered":"<p>AR\u0130TM\u0130 \u00c7ALI\u015eMA GRUBU Ba\u015fkan: Prof. Dr. \u015eevket BALLIBa\u015fkan Yard\u0131mc\u0131s\u0131: Prof. Dr. \u00d6zlem ELKIRANSekreter: Prof. Dr. \u0130lker ERTU\u011eRUL \u00d6nceki Ba\u015fkanlar: Prof. Dr. Cem KARADEN\u0130ZProf. Dr. Yakup ERG\u00dcLProf. Dr. Ayhan KILI\u00c7Prof. Dr. Tevfik KARAG\u00d6ZProf. Dr. Osman K\u00dc\u00c7\u00dcKOSMANO\u011eLUProf. Dr. Sema \u00d6ZER CERRAH\u0130 \u00c7ALI\u015eMA GRUBU Ba\u015fkan: Prof. Dr. Atakan ATALAYBa\u015fkan Yard\u0131mc\u0131s\u0131: Do\u00e7. Dr. Nihat \u00c7\u0130NESekreter: Prof. Dr. ONUR I\u015eIK &#8230; <a title=\"\u00c7ALI\u015eMA GRUPLARI\" class=\"read-more\" href=\"https:\/\/turkpedkar.org.tr\/en\/groups\/\" aria-label=\"Read more about \u00c7ALI\u015eMA GRUPLARI\">Read more<\/a><\/p>","protected":false},"author":1,"featured_media":0,"parent":0,"menu_order":0,"comment_status":"closed","ping_status":"closed","template":"","meta":{"footnotes":""},"class_list":["post-6","page","type-page","status-publish"],"_links":{"self":[{"href":"https:\/\/turkpedkar.org.tr\/en\/wp-json\/wp\/v2\/pages\/6","targetHints":{"allow":["GET"]}}],"collection":[{"href":"https:\/\/turkpedkar.org.tr\/en\/wp-json\/wp\/v2\/pages"}],"about":[{"href":"https:\/\/turkpedkar.org.tr\/en\/wp-json\/wp\/v2\/types\/page"}],"author":[{"embeddable":true,"href":"https:\/\/turkpedkar.org.tr\/en\/wp-json\/wp\/v2\/users\/1"}],"replies":[{"embeddable":true,"href":"https:\/\/turkpedkar.org.tr\/en\/wp-json\/wp\/v2\/comments?post=6"}],"version-history":[{"count":21,"href":"https:\/\/turkpedkar.org.tr\/en\/wp-json\/wp\/v2\/pages\/6\/revisions"}],"predecessor-version":[{"id":153153,"href":"https:\/\/turkpedkar.org.tr\/en\/wp-json\/wp\/v2\/pages\/6\/revisions\/153153"}],"wp:attachment":[{"href":"https:\/\/turkpedkar.org.tr\/en\/wp-json\/wp\/v2\/media?parent=6"}],"curies":[{"name":"wp","href":"https:\/\/api.w.org\/{rel}","templated":true}]}}