{"id":546,"date":"2013-10-23T17:00:04","date_gmt":"2013-10-23T14:00:04","guid":{"rendered":"http:\/\/test.bartekyazilim.com\/?page_id=546"},"modified":"2025-07-31T16:23:21","modified_gmt":"2025-07-31T13:23:21","slug":"anasayfa-harita","status":"publish","type":"page","link":"https:\/\/turkpedkar.org.tr\/en\/anasayfa-harita\/","title":{"rendered":"Anasayfa Harita"},"content":{"rendered":"<style><!--\n#harita { margin:43px 0px;  background:  url(\"http:\/\/turkpedkar.org.tr\/wp-content\/uploads\/2013\/11\/dunya123.jpg\") ;  }\n--><\/style>\n<div id=\"harita\">\n<p><!--Stylesheets--><\/p>\n<link href=\"\/tr-map\/cssmap-turkey\/cssmap-turkey.css\" rel=\"stylesheet\" media=\"screen,projection\" type=\"text\/css\" \/><!-- Jquery Plugins--><br \/>\n<script type=\"text\/javascript\" src=\"https:\/\/ajax.googleapis.com\/ajax\/libs\/jquery\/1\/jquery.min.js\"><\/script><br \/>\n<script type=\"text\/javascript\" src=\"\/tr-map\/jquery.cssmap.js\"><\/script><\/p>\n<div id=\"map-turkey\">\n<ul class=\"turkey\">\n<li class=\"tr1\"><a href=\"\/adana-doktorlar\">Adana <\/a><\/li>\n<li class=\"tr2\"><a href=\"\/adiyaman-doktorlari\">Ad\u0131yaman <\/a><\/li>\n<li class=\"tr3\"><a href=\"\/afyonkarahisar-doktorlari\">Afyonkarahisar <\/a><\/li>\n<li class=\"tr4\"><a href=\"\/agri-doktorlari\">A\u011fr\u0131 <\/a><\/li>\n<li class=\"tr5\"><a href=\"\/aksaray-doktorlari\">Aksaray <\/a><\/li>\n<li class=\"tr6\"><a href=\"\/amasya-doktorlari\">Amasya <\/a><\/li>\n<li class=\"tr7\"><a href=\"\/ankara-doktorlari\">Ankara <\/a><\/li>\n<li class=\"tr8\"><a href=\"\/antalya-doktorlari\">Antalya <\/a><\/li>\n<li class=\"tr9\"><a href=\"\/ardahan-doktorlari\">Ardahan <\/a><\/li>\n<li class=\"tr10\"><a href=\"\/artvin-doktorlari\">Artvin <\/a><\/li>\n<li class=\"tr11\"><a href=\"\/aydin-doktorlari\">Ayd\u0131n <\/a><\/li>\n<li class=\"tr12\"><a href=\"\/balikesir-doktorlari\">Bal\u0131kesir <\/a><\/li>\n<li class=\"tr13\"><a href=\"\/bartin-doktorlari\">Bart\u0131n <\/a><\/li>\n<li class=\"tr14\"><a href=\"\/batman-doktorlari\">Batman <\/a><\/li>\n<li class=\"tr15\"><a href=\"\/bayburt-doktorlari\">Bayburt <\/a><\/li>\n<li class=\"tr16\"><a href=\"\/bilecik-doktorlari\">Bilecik <\/a><\/li>\n<li class=\"tr17\"><a href=\"\/bingol-doktorlari\">Bing\u00f6l <\/a><\/li>\n<li class=\"tr18\"><a href=\"\/bitlis-doktorlari\">Bitlis <\/a><\/li>\n<li class=\"tr19\"><a href=\"\/bolu-doktorlari\">Bolu <\/a><\/li>\n<li class=\"tr20\"><a href=\"\/burdur-doktorlari\">Burdur <\/a><\/li>\n<li class=\"tr21\"><a href=\"\/bursa-doktorlari\">Bursa <\/a><\/li>\n<li class=\"tr22\"><a href=\"\/canakkale-doktorlari\">\u00c7anakkale <\/a><\/li>\n<li class=\"tr23\"><a href=\"\/cankiri-doktorlari\">\u00c7ank\u0131r\u0131 <\/a><\/li>\n<li class=\"tr24\"><a href=\"\/corum-doktorlari\">\u00c7orum <\/a><\/li>\n<li class=\"tr25\"><a href=\"\/denizli-doktorlari\">Denizli <\/a><\/li>\n<li class=\"tr26\"><a href=\"\/diyarbakir-doktorlari\">Diyarbak\u0131r <\/a><\/li>\n<li class=\"tr27\"><a href=\"\/duzce-doktorlari\">D\u00fczce <\/a><\/li>\n<li class=\"tr28\"><a href=\"\/edirne-doktorlari\">Edirne <\/a><\/li>\n<li class=\"tr29\"><a href=\"\/elazig-doktorlari\">Elaz\u0131\u011f <\/a><\/li>\n<li class=\"tr30\"><a href=\"\/erzincan-doktorlari\">Erzincan <\/a><\/li>\n<li class=\"tr31\"><a href=\"\/erzurum-doktorlari\">Erzurum <\/a><\/li>\n<li class=\"tr32\"><a href=\"\/eskisehir-doktorlari\">Eski\u015fehir <\/a><\/li>\n<li class=\"tr33\"><a href=\"\/gaziantep-doktorlari\">Gaziantep <\/a><\/li>\n<li class=\"tr34\"><a href=\"\/giresun-doktorlari\">Giresun <\/a><\/li>\n<li class=\"tr35\"><a href=\"\/gumushane-doktorlari\">G\u00fcm\u00fc\u015fhane <\/a><\/li>\n<li class=\"tr36\"><a href=\"\/hakkari-doktorlari\">Hakk\u00e2ri <\/a><\/li>\n<li class=\"tr37\"><a href=\"\/hatay-doktorlari\">Hatay <\/a><\/li>\n<li class=\"tr38\"><a href=\"\/igdir-doktorlari\">I\u011fd\u0131r <\/a><\/li>\n<li class=\"tr39\"><a href=\"\/isparta-doktorlari\">Isparta <\/a><\/li>\n<li class=\"tr40\"><a href=\"\/istanbul-doktorlari\">\u0130stanbul <\/a><\/li>\n<li class=\"tr41\"><a href=\"\/izmir-doktorlari\">\u0130zmir <\/a><\/li>\n<li class=\"tr42\"><a href=\"\/kahramanmaras-doktorlari\">Kahramanmara\u015f <\/a><\/li>\n<li class=\"tr43\"><a href=\"\/karabuk-doktorlari\">Karab\u00fck <\/a><\/li>\n<li class=\"tr44\"><a href=\"\/karaman-doktorlari\">Karaman <\/a><\/li>\n<li class=\"tr45\"><a href=\"\/kars-doktorlari\">Kars <\/a><\/li>\n<li class=\"tr46\"><a href=\"\/kastamonu-doktorlari\">Kastamonu <\/a><\/li>\n<li class=\"tr47\"><a href=\"\/kayseri-doktorlari\">Kayseri <\/a><\/li>\n<li class=\"tr48\"><a href=\"\/kilis-doktorlari\">Kilis <\/a><\/li>\n<li class=\"tr49\"><a href=\"\/kirikkale-doktorlari\">K\u0131r\u0131kkale <\/a><\/li>\n<li class=\"tr50\"><a href=\"\/kirklareli-doktorlar\">K\u0131rklareli <\/a><\/li>\n<li class=\"tr51\"><a href=\"\/kirsehir-doktorlari\">K\u0131r\u015fehir <\/a><\/li>\n<li class=\"tr52\"><a href=\"\/kocaeli-doktorlari\">Kocaeli <\/a><\/li>\n<li class=\"tr53\"><a href=\"\/konya-doktorlar\">Konya <\/a><\/li>\n<li class=\"tr54\"><a href=\"\/kutahya-doktorlari\">K\u00fctahya <\/a><\/li>\n<li class=\"tr55\"><a href=\"\/malatya-doktorlari\">Malatya <\/a><\/li>\n<li class=\"tr56\"><a href=\"\/manisa-doktorlari\">Manisa <\/a><\/li>\n<li class=\"tr57\"><a href=\"\/mardin-doktorlari\">Mardin <\/a><\/li>\n<li class=\"tr58\"><a href=\"\/mersin-doktorlari\">Mersin <\/a><\/li>\n<li class=\"tr59\"><a href=\"\/mugla-doktorlari\">Mu\u011fla <\/a><\/li>\n<li class=\"tr60\"><a href=\"\/mus-doktorlari\">Mu\u015f <\/a><\/li>\n<li class=\"tr61\"><a href=\"\/nevsehir-doktorlari\">Nev\u015fehir <\/a><\/li>\n<li class=\"tr62\"><a href=\"\/nigde-doktorlari\">Ni\u011fde <\/a><\/li>\n<li class=\"tr63\"><a href=\"\/ordu-doktorlari\">Ordu <\/a><\/li>\n<li class=\"tr64\"><a href=\"\/osmaniye-doktorlari\">Osmaniye <\/a><\/li>\n<li class=\"tr65\"><a href=\"\/rize-doktorlari\">Rize <\/a><\/li>\n<li class=\"tr66\"><a href=\"\/sakarya-doktorlari\">Sakarya <\/a><\/li>\n<li class=\"tr67\"><a href=\"\/samsun-doktorlari\">Samsun <\/a><\/li>\n<li class=\"tr68\"><a href=\"\/sanliurfa-doktorlari\">\u015eanl\u0131urfa <\/a><\/li>\n<li class=\"tr69\"><a href=\"\/siirt-doktorlari\">Siirt <\/a><\/li>\n<li class=\"tr70\"><a href=\"\/sinop-doktorlari\">Sinop <\/a><\/li>\n<li class=\"tr71\"><a href=\"\/sivas-doktorlari\">Sivas <\/a><\/li>\n<li class=\"tr72\"><a href=\"\/sirnak-doktorlari\">\u015e\u0131rnak <\/a><\/li>\n<li class=\"tr73\"><a href=\"\/tekirdag-doktorlari\">Tekirda\u011f <\/a><\/li>\n<li class=\"tr74\"><a href=\"\/tokat-doktorlari\">Tokat <\/a><\/li>\n<li class=\"tr75\"><a href=\"\/trabzon-doktorlari\">Trabzon <\/a><\/li>\n<li class=\"tr76\"><a href=\"\/tunceli-doktorlari\">Tunceli <\/a><\/li>\n<li class=\"tr77\"><a href=\"\/usak-doktorlari\">U\u015fak <\/a><\/li>\n<li class=\"tr78\"><a href=\"\/van-doktorlari\">Van <\/a><\/li>\n<li class=\"tr79\"><a href=\"\/yalova-doktorlari\">Yalova <\/a><\/li>\n<li class=\"tr80\"><a href=\"\/yozgat-doktorlari\">Yozgat <\/a><\/li>\n<li class=\"tr81\"><a href=\"\/zonguldak-doktorlari\">Zonguldak <\/a><\/li>\n<\/ul>\n<\/div>\n<p><script type=\"text\/javascript\">\/\/ <![CDATA[\n$(function($){     $('#map-turkey').cssMap({'size' : 500});    });\n\/\/ ]]><\/script><\/p>\n<\/div>\n","protected":false},"excerpt":{"rendered":"<p>Adana Ad\u0131yaman Afyonkarahisar A\u011fr\u0131 Aksaray Amasya Ankara Antalya Ardahan Artvin Ayd\u0131n Bal\u0131kesir Bart\u0131n Batman Bayburt Bilecik Bing\u00f6l Bitlis Bolu Burdur Bursa \u00c7anakkale \u00c7ank\u0131r\u0131 \u00c7orum Denizli Diyarbak\u0131r D\u00fczce Edirne Elaz\u0131\u011f Erzincan Erzurum Eski\u015fehir Gaziantep Giresun G\u00fcm\u00fc\u015fhane Hakk\u00e2ri Hatay I\u011fd\u0131r Isparta \u0130stanbul \u0130zmir Kahramanmara\u015f Karab\u00fck Karaman Kars Kastamonu Kayseri Kilis K\u0131r\u0131kkale K\u0131rklareli K\u0131r\u015fehir Kocaeli Konya K\u00fctahya Malatya &#8230; <a title=\"Anasayfa Harita\" class=\"read-more\" href=\"https:\/\/turkpedkar.org.tr\/en\/anasayfa-harita\/\" aria-label=\"Read more about Anasayfa Harita\">Read more<\/a><\/p>","protected":false},"author":1,"featured_media":0,"parent":0,"menu_order":0,"comment_status":"closed","ping_status":"closed","template":"","meta":{"footnotes":""},"class_list":["post-546","page","type-page","status-publish"],"_links":{"self":[{"href":"https:\/\/turkpedkar.org.tr\/en\/wp-json\/wp\/v2\/pages\/546","targetHints":{"allow":["GET"]}}],"collection":[{"href":"https:\/\/turkpedkar.org.tr\/en\/wp-json\/wp\/v2\/pages"}],"about":[{"href":"https:\/\/turkpedkar.org.tr\/en\/wp-json\/wp\/v2\/types\/page"}],"author":[{"embeddable":true,"href":"https:\/\/turkpedkar.org.tr\/en\/wp-json\/wp\/v2\/users\/1"}],"replies":[{"embeddable":true,"href":"https:\/\/turkpedkar.org.tr\/en\/wp-json\/wp\/v2\/comments?post=546"}],"version-history":[{"count":3,"href":"https:\/\/turkpedkar.org.tr\/en\/wp-json\/wp\/v2\/pages\/546\/revisions"}],"predecessor-version":[{"id":150968,"href":"https:\/\/turkpedkar.org.tr\/en\/wp-json\/wp\/v2\/pages\/546\/revisions\/150968"}],"wp:attachment":[{"href":"https:\/\/turkpedkar.org.tr\/en\/wp-json\/wp\/v2\/media?parent=546"}],"curies":[{"name":"wp","href":"https:\/\/api.w.org\/{rel}","templated":true}]}}