{"id":404,"date":"2013-10-21T15:07:21","date_gmt":"2013-10-21T12:07:21","guid":{"rendered":"http:\/\/test.bartekyazilim.com\/?page_id=404"},"modified":"2025-07-31T16:31:42","modified_gmt":"2025-07-31T13:31:42","slug":"temel-egitim-bilgi-dokumanlari","status":"publish","type":"page","link":"https:\/\/turkpedkar.org.tr\/en\/temel-egitim-bilgi-dokumanlari\/","title":{"rendered":"Core Educational Materials"},"content":{"rendered":"<ul>\n<li><a href=\"http:\/\/mmcts.oxfordjournals.org\/content\/2008\/0915\/mmcts.2008.003160.full\" target=\"_blank\" rel=\"noopener noreferrer\">Ross-Konno operation in children<\/a><\/li>\n<li><a href=\"http:\/\/mmcts.oxfordjournals.org\/content\/2007\/0507\/mmcts.2006.002253.full\" target=\"_blank\" rel=\"noopener noreferrer\">Total anomalous pulmonary venous connection<\/a><\/li>\n<li><a href=\"http:\/\/mmcts.oxfordjournals.org\/content\/2007\/0219\/mmcts.2005.001529.full\" target=\"_blank\" rel=\"noopener noreferrer\">Implantation technique of the Novacor left ventricular assist device<\/a><\/li>\n<li><a href=\"http:\/\/mmcts.oxfordjournals.org\/content\/2007\/0329\/mmcts.2006.002485.full\" target=\"_blank\" rel=\"noopener noreferrer\">Total artificial heart-implantation technique using the CardioWest or the Thoratec system<\/a><\/li>\n<li><a href=\"http:\/\/mmcts.oxfordjournals.org\/content\/2008\/0626\/mmcts.2007.003038.full\" target=\"_blank\" rel=\"noopener noreferrer\">Ebstein&#8217;s anomaly: the Broussais approach<\/a><\/li>\n<li><a href=\"http:\/\/mmcts.oxfordjournals.org\/content\/2008\/0220\/mmcts.2006.002428.full\" target=\"_blank\" rel=\"noopener noreferrer\">Surgical correction of Ebstein anomaly: the Zurich approach<\/a><\/li>\n<li><a href=\"http:\/\/mmcts.oxfordjournals.org\/content\/2010\/0415\/mmcts.2008.003186.full\" target=\"_blank\" rel=\"noopener noreferrer\">Surgery for tetralogy of Fallot \u2013 absent pulmonary valve syndrome. Technique of anterior translocation of the pulmonary artery<\/a><\/li>\n<\/ul>\n<p>&nbsp;<\/p>","protected":false},"excerpt":{"rendered":"<p>Ross-Konno operation in children Total anomalous pulmonary venous connection Implantation technique of the Novacor left ventricular assist device Total artificial heart-implantation technique using the CardioWest or the Thoratec system Ebstein&#8217;s anomaly: the Broussais approach Surgical correction of Ebstein anomaly: the Zurich approach Surgery for tetralogy of Fallot \u2013 absent pulmonary valve syndrome. Technique of anterior &#8230; <a title=\"Core Educational Materials\" class=\"read-more\" href=\"https:\/\/turkpedkar.org.tr\/en\/temel-egitim-bilgi-dokumanlari\/\" aria-label=\"Read more about Temel E\u011fitim Bilgi D\u00f6k\u00fcmanlar\u0131\">Read more<\/a><\/p>","protected":false},"author":1,"featured_media":0,"parent":0,"menu_order":0,"comment_status":"closed","ping_status":"closed","template":"","meta":{"footnotes":""},"class_list":["post-404","page","type-page","status-publish"],"_links":{"self":[{"href":"https:\/\/turkpedkar.org.tr\/en\/wp-json\/wp\/v2\/pages\/404","targetHints":{"allow":["GET"]}}],"collection":[{"href":"https:\/\/turkpedkar.org.tr\/en\/wp-json\/wp\/v2\/pages"}],"about":[{"href":"https:\/\/turkpedkar.org.tr\/en\/wp-json\/wp\/v2\/types\/page"}],"author":[{"embeddable":true,"href":"https:\/\/turkpedkar.org.tr\/en\/wp-json\/wp\/v2\/users\/1"}],"replies":[{"embeddable":true,"href":"https:\/\/turkpedkar.org.tr\/en\/wp-json\/wp\/v2\/comments?post=404"}],"version-history":[{"count":1,"href":"https:\/\/turkpedkar.org.tr\/en\/wp-json\/wp\/v2\/pages\/404\/revisions"}],"predecessor-version":[{"id":150627,"href":"https:\/\/turkpedkar.org.tr\/en\/wp-json\/wp\/v2\/pages\/404\/revisions\/150627"}],"wp:attachment":[{"href":"https:\/\/turkpedkar.org.tr\/en\/wp-json\/wp\/v2\/media?parent=404"}],"curies":[{"name":"wp","href":"https:\/\/api.w.org\/{rel}","templated":true}]}}