{"id":399,"date":"2013-10-21T14:30:20","date_gmt":"2013-10-21T11:30:20","guid":{"rendered":"http:\/\/test.bartekyazilim.com\/?page_id=399"},"modified":"2025-07-31T16:32:03","modified_gmt":"2025-07-31T13:32:03","slug":"yonergeler","status":"publish","type":"page","link":"https:\/\/turkpedkar.org.tr\/en\/yonergeler\/","title":{"rendered":"Regulations"},"content":{"rendered":"<p><strong><em>Pediatrik Kardiyoloji E\u011fitim Y\u00f6nergesi<\/em><\/strong><\/p>\n<p><a href=\"http:\/\/turkpedkar.org.tr\/wp-content\/uploads\/2013\/10\/ped_kar_egitim.pdf\">click here for the booklet<\/a><\/p>\n<div class=\"clear\"><\/div>\n<p><strong><em>Pediatrik Kardiyoloji E\u011fitim Kurumlar\u0131 Y\u00f6nergesi<\/em><\/strong><\/p>\n<p><a href=\"http:\/\/turkpedkar.org.tr\/wp-content\/uploads\/2013\/10\/pediatrik_egitim_kurumlari_yonergesi.pdf\">click here for the booklet<\/a><\/p>\n<div class=\"clear\"><\/div>","protected":false},"excerpt":{"rendered":"<p>Pediatrik Kardiyoloji E\u011fitim Y\u00f6nergesi kitap\u00e7\u0131k i\u00e7in t\u0131klay\u0131n\u0131z Pediatrik Kardiyoloji E\u011fitim Kurumlar\u0131 Y\u00f6nergesi kitap\u00e7\u0131k i\u00e7in t\u0131klay\u0131n\u0131z<\/p>","protected":false},"author":1,"featured_media":0,"parent":0,"menu_order":0,"comment_status":"closed","ping_status":"closed","template":"","meta":{"footnotes":""},"class_list":["post-399","page","type-page","status-publish"],"_links":{"self":[{"href":"https:\/\/turkpedkar.org.tr\/en\/wp-json\/wp\/v2\/pages\/399","targetHints":{"allow":["GET"]}}],"collection":[{"href":"https:\/\/turkpedkar.org.tr\/en\/wp-json\/wp\/v2\/pages"}],"about":[{"href":"https:\/\/turkpedkar.org.tr\/en\/wp-json\/wp\/v2\/types\/page"}],"author":[{"embeddable":true,"href":"https:\/\/turkpedkar.org.tr\/en\/wp-json\/wp\/v2\/users\/1"}],"replies":[{"embeddable":true,"href":"https:\/\/turkpedkar.org.tr\/en\/wp-json\/wp\/v2\/comments?post=399"}],"version-history":[{"count":1,"href":"https:\/\/turkpedkar.org.tr\/en\/wp-json\/wp\/v2\/pages\/399\/revisions"}],"predecessor-version":[{"id":150644,"href":"https:\/\/turkpedkar.org.tr\/en\/wp-json\/wp\/v2\/pages\/399\/revisions\/150644"}],"wp:attachment":[{"href":"https:\/\/turkpedkar.org.tr\/en\/wp-json\/wp\/v2\/media?parent=399"}],"curies":[{"name":"wp","href":"https:\/\/api.w.org\/{rel}","templated":true}]}}