{"id":394,"date":"2013-10-21T14:28:42","date_gmt":"2013-10-21T11:28:42","guid":{"rendered":"http:\/\/test.bartekyazilim.com\/?page_id=394"},"modified":"2025-07-31T16:30:18","modified_gmt":"2025-07-31T13:30:18","slug":"klavuzlar","status":"publish","type":"page","link":"https:\/\/turkpedkar.org.tr\/en\/klavuzlar\/","title":{"rendered":"Guidelines"},"content":{"rendered":"<p><em><strong>PAH sempozyumu-2024<\/strong><\/em><\/p>\n<p><a href=\"https:\/\/turkpedkar.org.tr\/wp-content\/uploads\/2025\/05\/PAH-sempozyumu_2024.pdf\">click here for the booklet<\/a><\/p>\n<p><em><strong>Kapak hastal\u0131klar\u0131-ESC2021<\/strong><\/em><\/p>\n<p><a href=\"https:\/\/turkpedkar.org.tr\/wp-content\/uploads\/2025\/05\/Kapak-hastaliklari_ESC2021.pdf\">click here for the booklet<\/a><\/p>\n<p><em><strong>Ventriku\u0308ler aritmi ve SCD-ESC2022 <\/strong><\/em><\/p>\n<p><a href=\"https:\/\/turkpedkar.org.tr\/wp-content\/uploads\/2025\/05\/Ventriku\u0308ler-aritmi-ve-SCD_ESC2022.pdf\">click here for the booklet<\/a><\/p>\n<p><em><strong>Kalp yetersizlig\u0306i-ESC2023<\/strong><\/em><\/p>\n<p><a href=\"https:\/\/turkpedkar.org.tr\/wp-content\/uploads\/2025\/05\/Kalp-yetersizlig\u0306i_ESC2023.pdf\">click here for the booklet<\/a><\/p>\n<p><em><strong>Pulmoner hipertansiyon-ESC2022<\/strong><\/em><\/p>\n<p><a href=\"https:\/\/turkpedkar.org.tr\/wp-content\/uploads\/2025\/05\/Pulmoner-hipertansiyon_ESC2022.pdf\">click here for the booklet<\/a><\/p>\n<p><em><strong>Kardiyomiyopatiler-ESC2023<\/strong><\/em><\/p>\n<p><a href=\"https:\/\/turkpedkar.org.tr\/wp-content\/uploads\/2025\/05\/Kardiyomiyopatileer_ESC2023.pdf\">click here for the booklet<\/a><\/p>\n<p><em><strong>Endokardit-ESC2023<\/strong><\/em><\/p>\n<p><a href=\"https:\/\/turkpedkar.org.tr\/wp-content\/uploads\/2025\/05\/Endokardit_ESC2023.pdf\">click here for the booklet<\/a><\/p>\n<p><em><strong>RSV PROF\u0130LAKS\u0130S\u0130NDE PAL\u0130V\u0130ZUMAB KULLANIM \u00d6NER\u0130LER\u0130 rehberi <\/strong><\/em><\/p>\n<p><a href=\"https:\/\/turkpedkar.org.tr\/wp-content\/uploads\/2023\/03\/PALIVIZUMAB-PROFLAKSI-REHBERI-27.03.2023.son_.pdf\">click here for the booklet<\/a><\/p>\n<p><em><strong>Chamber Quantification 2015<\/strong><\/em><\/p>\n<p><a href=\"http:\/\/turkpedkar.org.tr\/wp-content\/uploads\/2015\/01\/ChamberQuantification2015.pdf\">click here for the booklet<\/a><\/p>\n<p><em><strong>Vavuler regurg<\/strong><\/em><\/p>\n<p><a href=\"http:\/\/turkpedkar.org.tr\/wp-content\/uploads\/2013\/10\/vavularregurg-Kopya.pdf\">click here for the booklet<\/a><\/p>\n<p><em><strong>Pediatric echo guidelines<\/strong><\/em><\/p>\n<p><a href=\"http:\/\/turkpedkar.org.tr\/wp-content\/uploads\/2013\/10\/pediatricechoguidelines-Kopya.pdf\">click here for the booklet<\/a><\/p>\n<p><em><strong>\u0130ntraop TEE<\/strong><\/em><\/p>\n<p><a href=\"http:\/\/turkpedkar.org.tr\/wp-content\/uploads\/2013\/10\/intraop-TEE-Kopya.pdf\">click here for the booklet<\/a><\/p>\n<p><em><strong>ASE fetal<\/strong><\/em><\/p>\n<p><a href=\"http:\/\/turkpedkar.org.tr\/wp-content\/uploads\/2013\/10\/ASEfetal-Kopya.pdf\">click here for the booklet<\/a><\/p>","protected":false},"excerpt":{"rendered":"<p>PAH sempozyumu-2024 kitap\u00e7\u0131k i\u00e7in t\u0131klay\u0131n\u0131z Kapak hastal\u0131klar\u0131-ESC2021 kitap\u00e7\u0131k i\u00e7in t\u0131klay\u0131n\u0131z Ventriku\u0308ler aritmi ve SCD-ESC2022 kitap\u00e7\u0131k i\u00e7in t\u0131klay\u0131n\u0131z Kalp yetersizlig\u0306i-ESC2023 kitap\u00e7\u0131k i\u00e7in t\u0131klay\u0131n\u0131z Pulmoner hipertansiyon-ESC2022 kitap\u00e7\u0131k i\u00e7in t\u0131klay\u0131n\u0131z Kardiyomiyopatiler-ESC2023 kitap\u00e7\u0131k i\u00e7in t\u0131klay\u0131n\u0131z Endokardit-ESC2023 kitap\u00e7\u0131k i\u00e7in t\u0131klay\u0131n\u0131z RSV PROF\u0130LAKS\u0130S\u0130NDE PAL\u0130V\u0130ZUMAB KULLANIM \u00d6NER\u0130LER\u0130 rehberi kitap\u00e7\u0131k i\u00e7in t\u0131klay\u0131n\u0131z Chamber Quantification 2015 kitap\u00e7\u0131k i\u00e7in t\u0131klay\u0131n\u0131z Vavuler regurg kitap\u00e7\u0131k i\u00e7in t\u0131klay\u0131n\u0131z &#8230; <a title=\"Guidelines\" class=\"read-more\" href=\"https:\/\/turkpedkar.org.tr\/en\/klavuzlar\/\" aria-label=\"Read more about K\u0131lavuzlar\">Read more<\/a><\/p>","protected":false},"author":1,"featured_media":0,"parent":0,"menu_order":0,"comment_status":"closed","ping_status":"closed","template":"","meta":{"footnotes":""},"class_list":["post-394","page","type-page","status-publish"],"_links":{"self":[{"href":"https:\/\/turkpedkar.org.tr\/en\/wp-json\/wp\/v2\/pages\/394","targetHints":{"allow":["GET"]}}],"collection":[{"href":"https:\/\/turkpedkar.org.tr\/en\/wp-json\/wp\/v2\/pages"}],"about":[{"href":"https:\/\/turkpedkar.org.tr\/en\/wp-json\/wp\/v2\/types\/page"}],"author":[{"embeddable":true,"href":"https:\/\/turkpedkar.org.tr\/en\/wp-json\/wp\/v2\/users\/1"}],"replies":[{"embeddable":true,"href":"https:\/\/turkpedkar.org.tr\/en\/wp-json\/wp\/v2\/comments?post=394"}],"version-history":[{"count":1,"href":"https:\/\/turkpedkar.org.tr\/en\/wp-json\/wp\/v2\/pages\/394\/revisions"}],"predecessor-version":[{"id":150585,"href":"https:\/\/turkpedkar.org.tr\/en\/wp-json\/wp\/v2\/pages\/394\/revisions\/150585"}],"wp:attachment":[{"href":"https:\/\/turkpedkar.org.tr\/en\/wp-json\/wp\/v2\/media?parent=394"}],"curies":[{"name":"wp","href":"https:\/\/api.w.org\/{rel}","templated":true}]}}