{"id":2422,"date":"2014-01-31T15:18:16","date_gmt":"2014-01-31T13:18:16","guid":{"rendered":"http:\/\/turkpedkar.org.tr\/?page_id=2422"},"modified":"2025-07-31T16:31:44","modified_gmt":"2025-07-31T13:31:44","slug":"yeterlilik-belgesi-alan-pediatrik-kardiyologlar","status":"publish","type":"page","link":"https:\/\/turkpedkar.org.tr\/en\/yeterlilik-belgesi-alan-pediatrik-kardiyologlar\/","title":{"rendered":"Certified Pediatric Cardiologistics"},"content":{"rendered":"<p><strong><u>2025 YILI SINAVINDA YETERL\u0130L\u0130K BELGES\u0130 ALAN PED\u0130ATR\u0130K KARD\u0130YOLOGLAR<\/u><\/strong><\/p>\n<p>Dr. Harun Terin<\/p>\n<p>Dr. Mehtap K\u00fc\u00e7\u00fck<\/p>\n<p>Dr. O\u011fuzhan Do\u011fan<\/p>\n<p>Dr. Zehra Diyar Tamburac\u0131<\/p>\n<p>&nbsp;<\/p>\n<p><strong><u>2024 YILI SINAVINDA YETERL\u0130L\u0130K BELGES\u0130 ALAN PED\u0130ATR\u0130K KARD\u0130YOLOGLAR<\/u><\/strong><\/p>\n<p>Dr. Hasan T\u00fcrkmen<\/p>\n<p>Dr. Jeyhun Bakhtiyarzada<\/p>\n<p>Dr. Sinem Nur Sel\u00e7uk<\/p>\n<p>&nbsp;<\/p>\n<p><strong><u>2023 YILI SINAVINDA YETERL\u0130L\u0130K BELGES\u0130 ALAN PED\u0130ATR\u0130K KARD\u0130YOLOGLAR<\/u><\/strong><\/p>\n<p>Dr. Gamze Vuran<\/p>\n<p>Dr. Merve Maze Aydemir<\/p>\n<p>Dr. \u00d6zlem Bayram<\/p>\n<p>&nbsp;<\/p>\n<p><strong><u>PEDIATRIC CARDIOLOGISTS CERTIFIED IN THE 2022 EXAM<\/u><\/strong><\/p>\n<p>Dr. Bekir Y\u00fckc\u00fc<\/p>\n<p>Dr. T\u00fclay Demircan<\/p>\n<p>&nbsp;<\/p>\n<p><strong><u>PEDIATRIC CARDIOLOGISTS CERTIFIED IN THE 2019 EXAM<\/u><\/strong><\/p>\n<p>Dr. Ay\u015fe S\u00fcl\u00fc<\/p>\n<p>Dr. Kahraman Yakut<\/p>\n<p>Dr. Muhammet Hamza Halil Toprak<\/p>\n<p>Dr. Serdar Ep\u00e7a\u00e7an<\/p>\n<p>Dr. S\u00fcleyman Sunkak<\/p>\n<p>Dr. \u015eeyma Kayal\u0131<\/p>\n<p>Dr. Tamer Yolda\u015f<\/p>\n<p>&nbsp;<\/p>\n<p><strong><u>PEDIATRIC CARDIOLOGISTS CERTIFIED IN THE 2018 EXAM<\/u><\/strong><\/p>\n<p>Dr. Ali Orgun<\/p>\n<p>Dr. Ay\u015fe \u015eim\u015fek<\/p>\n<p>Dr. Derya Duman<\/p>\n<p>Dr. Derya Karpuz<\/p>\n<p>Dr. Dilek Giray<\/p>\n<p>Dr. Erman \u00c7ilsal<\/p>\n<p>Dr. Mehmet T\u00fcre<\/p>\n<p>Dr. \u00d6zg\u00fcr K\u0131z\u0131lca<\/p>\n<p>Dr. Pelin K\u00f6\u015fger<\/p>\n<p>Dr. Taner Kasar<\/p>\n<p>&nbsp;<\/p>\n<p><strong><u>PEDIATRIC CARDIOLOGISTS WHO OBTAINED CERTIFICATION IN THE 2017 EXAM<\/u><\/strong><\/p>\n<p>Dr. Hasan Tahsin Tola<\/p>\n<p>Dr. Kutay Sel<\/p>\n<p>Dr. Murat S\u00fcr\u00fcc\u00fc<\/p>\n<p>Dr. Sadettin Sezer<\/p>\n<p>&nbsp;<\/p>\n<p><strong><u>PEDIATRIC CARDIOLOGISTS CERTIFIED IN THE 2016 EXAM<\/u><\/strong><\/p>\n<p>Dr. Ahmet K\u00f6se<\/p>\n<p>Dr. Fatma Sevin\u00e7 \u015eeng\u00fcl<\/p>\n<p>Dr. Mecnun \u00c7etin<\/p>\n<p>Dr. Nurdan Erol<\/p>\n<p>Dr. Serta\u00e7 Hanedan Onan<\/p>\n<p>&nbsp;<\/p>\n<p><strong><u>PEDIATRIC CARDIOLOGISTS CERTIFIED IN THE 2015 EXAM\u00a0<\/u><\/strong><\/p>\n<p>Dr. Erkut \u00d6zt\u00fcrk<\/p>\n<p>Dr. Fikri Demir<\/p>\n<p>Dr. \u0130brahim Cansaran Tan\u0131d\u0131r<\/p>\n<p>Dr. Mehmet Bedir Akyol<\/p>\n<p>Dr. Mustafa Argun<\/p>\n<p>Dr. \u00d6nder Doks\u00f6z<\/p>\n<p>Dr. Pelin Hac\u0131\u00f6mero\u011flu Ayy\u0131ld\u0131z<\/p>\n<p>Dr. Rahmi \u00d6zdemir<\/p>\n<p>&nbsp;<\/p>\n<p><strong><u>PEDIATRIC CARDIOLOGISTS CERTIFIED IN THE DECEMBER 2014 EXAM\u00a0<\/u><\/strong><\/p>\n<p>Dr. Abdullah Kocaba\u015f<\/p>\n<p>Dr. Abdullah \u00d6zyurt<\/p>\n<p>Dr. Cem Karadeniz<\/p>\n<p>Dr. Haz\u0131m Alper G\u00fcrsu<\/p>\n<p>Dr. \u0130sa \u00d6zy\u0131lmaz<\/p>\n<p>Dr. Mehmet Emre Ar\u0131<\/p>\n<p>Dr. Murat \u00c7iftel<\/p>\n<p>Dr. Osman Y\u0131lmaz<\/p>\n<p>Dr. Sava\u015f Demirpen\u00e7e<\/p>\n<p>Dr. Senem \u00d6zg\u00fcr<\/p>\n<p>Dr. Taliha \u00d6ner<\/p>\n<p>Dr. Vehbi Do\u011fan<\/p>\n<p>&nbsp;<\/p>\n<p><strong><u>PEDIATRIC CARDIOLOGISTS CERTIFIED IN THE APRIL 2014 EXAM\u00a0<\/u><\/strong><\/p>\n<p>Dr. Ali Y\u0131ld\u0131r\u0131m<\/p>\n<p>Dr. Alper Ak\u0131n<\/p>\n<p>Dr. Bar\u0131\u015f G\u00fcven<\/p>\n<p>Dr. Fahrettin Uysal<\/p>\n<p>Dr. G\u00f6kmen \u00d6zdemir<\/p>\n<p>Dr. \u0130brahim Halil Demir<\/p>\n<p>Dr. \u00d6zben Ceylan<\/p>\n<p>Dr. Y\u0131lmaz Yozgat<\/p>\n<p>&nbsp;<\/p>\n<p><strong><u>PEDIATRIC CARDIOLOGISTS CERTIFIED IN THE 2013 EXAM\u00a0<\/u><\/strong><\/p>\n<p>Dr. Alev Arslan<\/p>\n<p>Dr. Fadli Demir<\/p>\n<p>Dr. Mehmet Burhan Oflaz<\/p>\n<p>Dr. Murat Muhtar Y\u0131lmazer<\/p>\n<p>&nbsp;<\/p>\n<p><strong><u>PEDIATRIC CARDIOLOGISTS CERTIFIED DURING THE TERM OF THE TURKISH SOCIETY OF PEDIATRIC CARDIOLOGY\u00a0<\/u><\/strong><\/p>\n<p>Dr. Ali Baykan<\/p>\n<p>Dr. Kemal Ni\u015fli<\/p>\n<p>Dr. Metin Sungur<\/p>\n<p>Dr. Osman Ba\u015fp\u0131nar<\/p>\n<p>Dr. Sevcan Al\u0131n\u00e7 Erdem<\/p>","protected":false},"excerpt":{"rendered":"<p>2025 YILI SINAVINDA YETERL\u0130L\u0130K BELGES\u0130 ALAN PED\u0130ATR\u0130K KARD\u0130YOLOGLAR Dr. Harun Terin Dr. Mehtap K\u00fc\u00e7\u00fck Dr. O\u011fuzhan Do\u011fan Dr. Zehra Diyar Tamburac\u0131 &nbsp; 2024 YILI SINAVINDA YETERL\u0130L\u0130K BELGES\u0130 ALAN PED\u0130ATR\u0130K KARD\u0130YOLOGLAR Dr. Hasan T\u00fcrkmen Dr. Jeyhun Bakhtiyarzada Dr. Sinem Nur Sel\u00e7uk &nbsp; 2023 YILI SINAVINDA YETERL\u0130L\u0130K BELGES\u0130 ALAN PED\u0130ATR\u0130K KARD\u0130YOLOGLAR Dr. Gamze Vuran Dr. Merve Maze &#8230; <a title=\"Certified Pediatric Cardiologistics\" class=\"read-more\" href=\"https:\/\/turkpedkar.org.tr\/en\/yeterlilik-belgesi-alan-pediatrik-kardiyologlar\/\" aria-label=\"Read more about Yeterlilik Belgesi Alan Pediatrik Kardiyologlar\">Read more<\/a><\/p>","protected":false},"author":4,"featured_media":0,"parent":0,"menu_order":0,"comment_status":"closed","ping_status":"closed","template":"","meta":{"footnotes":""},"class_list":["post-2422","page","type-page","status-publish"],"_links":{"self":[{"href":"https:\/\/turkpedkar.org.tr\/en\/wp-json\/wp\/v2\/pages\/2422","targetHints":{"allow":["GET"]}}],"collection":[{"href":"https:\/\/turkpedkar.org.tr\/en\/wp-json\/wp\/v2\/pages"}],"about":[{"href":"https:\/\/turkpedkar.org.tr\/en\/wp-json\/wp\/v2\/types\/page"}],"author":[{"embeddable":true,"href":"https:\/\/turkpedkar.org.tr\/en\/wp-json\/wp\/v2\/users\/4"}],"replies":[{"embeddable":true,"href":"https:\/\/turkpedkar.org.tr\/en\/wp-json\/wp\/v2\/comments?post=2422"}],"version-history":[{"count":1,"href":"https:\/\/turkpedkar.org.tr\/en\/wp-json\/wp\/v2\/pages\/2422\/revisions"}],"predecessor-version":[{"id":150640,"href":"https:\/\/turkpedkar.org.tr\/en\/wp-json\/wp\/v2\/pages\/2422\/revisions\/150640"}],"wp:attachment":[{"href":"https:\/\/turkpedkar.org.tr\/en\/wp-json\/wp\/v2\/media?parent=2422"}],"curies":[{"name":"wp","href":"https:\/\/api.w.org\/{rel}","templated":true}]}}