{"id":2418,"date":"2014-01-31T15:03:41","date_gmt":"2014-01-31T13:03:41","guid":{"rendered":"http:\/\/turkpedkar.org.tr\/?page_id=2418"},"modified":"2026-02-13T16:59:04","modified_gmt":"2026-02-13T13:59:04","slug":"yeterlilik-sinavi-3","status":"publish","type":"page","link":"https:\/\/turkpedkar.org.tr\/en\/yeterlilik-sinavi-3\/","title":{"rendered":"Certification Examination"},"content":{"rendered":"<p><strong><a href=\"https:\/\/turkpedkar.org.tr\/wp-content\/uploads\/2026\/02\/2026_YETERLILIK_S.Basvuru_Formu.docx\">EXAM APPLICATION FORM<\/a><\/strong><\/p>\n<p><strong><a href=\"http:\/\/turkpedkar.org.tr\/wp-content\/uploads\/2014\/01\/TKD-Soru-Hazirlama-Kilavuzu.pdf\">TKD QUESTION PREPARATION GUIDE<\/a><\/strong><\/p>\n<p><a title=\"Sorular\u0131n\u0131z\u0131 G\u00f6nderiniz\" href=\"https:\/\/turkpedkar.org.tr\/en\/yeterlilik\/login\/\"><img loading=\"lazy\" decoding=\"async\" src=\"http:\/\/turkpedkar.org.tr\/wp-content\/uploads\/2013\/11\/sorugondre.jpg\" alt=\"Sorular\u0131n\u0131z\" width=\"137\" height=\"85\" \/><\/a><\/p>","protected":false},"excerpt":{"rendered":"<p>SINAV BA\u015eVURU FORMU TKD SORU HAZIRLAMA KILAVUZU<\/p>","protected":false},"author":4,"featured_media":0,"parent":0,"menu_order":0,"comment_status":"closed","ping_status":"closed","template":"","meta":{"footnotes":""},"class_list":["post-2418","page","type-page","status-publish"],"_links":{"self":[{"href":"https:\/\/turkpedkar.org.tr\/en\/wp-json\/wp\/v2\/pages\/2418","targetHints":{"allow":["GET"]}}],"collection":[{"href":"https:\/\/turkpedkar.org.tr\/en\/wp-json\/wp\/v2\/pages"}],"about":[{"href":"https:\/\/turkpedkar.org.tr\/en\/wp-json\/wp\/v2\/types\/page"}],"author":[{"embeddable":true,"href":"https:\/\/turkpedkar.org.tr\/en\/wp-json\/wp\/v2\/users\/4"}],"replies":[{"embeddable":true,"href":"https:\/\/turkpedkar.org.tr\/en\/wp-json\/wp\/v2\/comments?post=2418"}],"version-history":[{"count":2,"href":"https:\/\/turkpedkar.org.tr\/en\/wp-json\/wp\/v2\/pages\/2418\/revisions"}],"predecessor-version":[{"id":152989,"href":"https:\/\/turkpedkar.org.tr\/en\/wp-json\/wp\/v2\/pages\/2418\/revisions\/152989"}],"wp:attachment":[{"href":"https:\/\/turkpedkar.org.tr\/en\/wp-json\/wp\/v2\/media?parent=2418"}],"curies":[{"name":"wp","href":"https:\/\/api.w.org\/{rel}","templated":true}]}}