{"id":2414,"date":"2014-01-31T14:58:46","date_gmt":"2014-01-31T12:58:46","guid":{"rendered":"http:\/\/turkpedkar.org.tr\/?page_id=2414"},"modified":"2025-07-31T16:30:36","modified_gmt":"2025-07-31T13:30:36","slug":"kurul-organlari-ve-uyeleri","status":"publish","type":"page","link":"https:\/\/turkpedkar.org.tr\/en\/kurul-organlari-ve-uyeleri\/","title":{"rendered":"Board Bodies and Members"},"content":{"rendered":"<p><b style=\"font-size: 13px;\"><i><span style=\"text-decoration: underline;\">PEDIATRIC CARDIOLOGY CERTIFICATION BOARD<\/span><\/i><\/b><\/p>\n<p>Prof. Dr. A. Deniz O\u011fuz<br \/>\nProf. Dr. Tayfun U\u00e7ar<br \/>\nProf. Dr. Canan Ayabakan<br \/>\nProf. Dr. R\u0131za T\u00fcrk\u00f6z<br \/>\nProf. Dr. Abdulkadir Babao\u011flu<br \/>\nProf. Dr. Sevcan Erdem<br \/>\nProf. Dr. \u0130brahim Cansaran Tan\u0131d\u0131r<br \/>\nDo\u00e7. Dr. Mehmet T\u00fcre<\/p>\n<p>&nbsp;<\/p>\n<p><b style=\"font-size: 13px;\"><i><span style=\"text-decoration: underline;\">PEDIATRIC CARDIOLOGY EDUCATIONAL INSTITUTIONS AND PROGRAMS DETERMINATION AND EVALUATION COMMISSION<\/span><\/i><\/b><\/p>\n<p>Prof. Dr. Tayfun U\u00e7ar<br \/>\nProf. Dr. Osman Ba\u015fp\u0131nar<br \/>\nProf. Dr. Yakup Erg\u00fcl<br \/>\nProf. Dr. \u0130brahim Cansaran Tan\u0131d\u0131r<br \/>\nProf. Dr. Z\u00fclal \u00dclger Tutar<br \/>\nProf. Dr. Filiz Ekici<br \/>\nProf. Dr. Alper Ak\u0131n<br \/>\nProf. Dr. Haz\u0131m Alper G\u00fcrsu<br \/>\nProf. Dr. Birg\u00fcl Varan<\/p>\n<p>&nbsp;<\/p>\n<p><b><i><span style=\"text-decoration: underline;\">PEDIATRIC CARDIOLOGY CERTIFICATION EXAMINATION COMMITTEE<\/span><\/i><\/b><\/p>\n<p>Prof. Dr. A. Deniz O\u011fuz<br \/>\nProf. Dr. Tayfun U\u00e7ar<br \/>\nProf. Dr. Canan Ayabakan<br \/>\nProf. Dr. Sevcan Erdem<br \/>\nProf. Dr. Abdulkadir Babao\u011flu<\/p>\n<p>&nbsp;<\/p>\n<p><span style=\"text-decoration: underline;\"><b><\/b><b><i>PEDIATRIC CARDIOVASCULAR SURGERY CERTIFICATION BOARD<\/i><\/b><\/span><\/p>\n<p>Prof. Dr. Hakan Ceyran<br \/>\nProf. Dr. Ali Can Hatemi<br \/>\nProf. Dr. Murat \u00d6zkan<br \/>\nProf. Dr. Y\u00fcksel Atay<br \/>\nProf. Dr. Zeynep Eyileten<br \/>\nProf. Dr. \u0130brahim Cansaran Tan\u0131d\u0131r<\/p>\n<p>&nbsp;<\/p>","protected":false},"excerpt":{"rendered":"<p>PED\u0130ATR\u0130K KARD\u0130YOLOJ\u0130 YETERL\u0130L\u0130K Y\u00dcR\u00dcTME KURULU Prof. Dr. A. Deniz O\u011fuz Prof. Dr. Tayfun U\u00e7ar Prof. Dr. Canan Ayabakan Prof. Dr. R\u0131za T\u00fcrk\u00f6z Prof. Dr. Abdulkadir Babao\u011flu Prof. Dr. Sevcan Erdem Prof. Dr. \u0130brahim Cansaran Tan\u0131d\u0131r Do\u00e7. Dr. Mehmet T\u00fcre &nbsp; PED\u0130ATR\u0130K KARD\u0130YOLOJ\u0130 E\u011e\u0130T\u0130M KURUMLARI VE PROGRAMLARI BEL\u0130RLEME DE\u011eERLEND\u0130RME KOM\u0130SYONU Prof. Dr. Tayfun U\u00e7ar Prof. Dr. &#8230; <a title=\"Board Bodies and Members\" class=\"read-more\" href=\"https:\/\/turkpedkar.org.tr\/en\/kurul-organlari-ve-uyeleri\/\" aria-label=\"Read more about Kurul Organlar\u0131 ve \u00dcyeleri\">Read more<\/a><\/p>","protected":false},"author":4,"featured_media":0,"parent":0,"menu_order":0,"comment_status":"closed","ping_status":"closed","template":"","meta":{"footnotes":""},"class_list":["post-2414","page","type-page","status-publish"],"_links":{"self":[{"href":"https:\/\/turkpedkar.org.tr\/en\/wp-json\/wp\/v2\/pages\/2414","targetHints":{"allow":["GET"]}}],"collection":[{"href":"https:\/\/turkpedkar.org.tr\/en\/wp-json\/wp\/v2\/pages"}],"about":[{"href":"https:\/\/turkpedkar.org.tr\/en\/wp-json\/wp\/v2\/types\/page"}],"author":[{"embeddable":true,"href":"https:\/\/turkpedkar.org.tr\/en\/wp-json\/wp\/v2\/users\/4"}],"replies":[{"embeddable":true,"href":"https:\/\/turkpedkar.org.tr\/en\/wp-json\/wp\/v2\/comments?post=2414"}],"version-history":[{"count":1,"href":"https:\/\/turkpedkar.org.tr\/en\/wp-json\/wp\/v2\/pages\/2414\/revisions"}],"predecessor-version":[{"id":150591,"href":"https:\/\/turkpedkar.org.tr\/en\/wp-json\/wp\/v2\/pages\/2414\/revisions\/150591"}],"wp:attachment":[{"href":"https:\/\/turkpedkar.org.tr\/en\/wp-json\/wp\/v2\/media?parent=2414"}],"curies":[{"name":"wp","href":"https:\/\/api.w.org\/{rel}","templated":true}]}}