{"id":2221,"date":"2014-01-03T16:22:53","date_gmt":"2014-01-03T14:22:53","guid":{"rendered":"http:\/\/turkpedkar.org.tr\/?page_id=2221"},"modified":"2026-01-07T20:51:06","modified_gmt":"2026-01-07T17:51:06","slug":"uyelik-sartlari","status":"publish","type":"page","link":"https:\/\/turkpedkar.org.tr\/en\/uyelik-sartlari\/","title":{"rendered":"\u00dcyelik"},"content":{"rendered":"<p>In addition to complying with the general conditions such as having the license to use civil rights and not being a member of the association legally, anyone who has the special conditions specified in the membership types below can apply to become a member of the association and are accepted as a member with the approval of the board of directors.<\/p>\n\n\n\n<p>The society offers two types of membership: Active and Honorary.<\/p>\n\n\n\n<p>1) Active Membership:<\/p>\n\n\n\n<ol class=\"wp-block-list\">\n<li>1.\tPhysicians specializing in the fields of Pediatric Cardiology and Pediatric Heart Surgery, as well as those receiving subspecialty training in these two specialties, can become active members of the society.<\/li>\n\n\n\n<li>2.\t The founders of the society are the active members of the society.<\/li>\n<\/ol>\n\n\n\n<p>2) Honorary Membership: Individuals who are interested in the Society's activities and have the qualifications written in the Societies Law can become honorary members with the proposal of two members of the society and the decision of the board of directors.<\/p>\n\n\n\n<p>Foreign individuals must have legal residency in Turkey to become members.<\/p>\n\n\n\n<p>Upon receipt of a written membership application and all necessary documents, the Society's board of directors will review and make a decision within thirty days. The applicant will then be notified of the decision in writing. If the application is approved, the new member's details will be added to our membership register. All members, with the exception of honorary members, are required to pay an annual fee.<\/p>\n\n\n\n<p><strong>FOR APPLICATION;<\/strong><\/p>\n\n\n\n<p>1- Dilek\u00e7e &#8211; <strong>Ba\u015fvuru Dilek\u00e7esi i\u00e7in\u00a0<a href=\"https:\/\/turkpedkar.org.tr\/wp-content\/uploads\/2026\/01\/dernek-uyelik-dilekcesi-1.doc\">click here.<\/a><\/strong>\u00a0<\/p>\n\n\n\n<p>2- <strong>Dernek \u00dcye Bilgi Formu i\u00e7in&nbsp;<a href=\"https:\/\/turkpedkar.org.tr\/wp-content\/uploads\/2022\/03\/Uye-Bilgi-Formu.docx\">click here.<\/a>.<\/strong><\/p>\n\n\n\n<p>3-Bir adet foto\u011fraf.<\/p>\n\n\n\n<p>4-N\u00fcfus c\u00fczdan\u0131 fotokopisi.<\/p>\n\n\n\n<p>5-Aidat makbuzu veya Banka Dekontu 1.000.- TL (Yap\u0131 Kredi Bankas\u0131-\u00c7ankaya Cinnah \u015eubesi 71090960 no\u2019lu hesaba IBAN: TR89 0006 7010 0000 0071 0909 60)<\/p>\n\n\n\n<p>6-Bir \u00fcyenin \u00f6neri yaz\u0131s\u0131 &#8211; <strong>\u00dcye \u00d6neri yaz\u0131s\u0131 i\u00e7in&nbsp;<a href=\"https:\/\/turkpedkar.org.tr\/wp-content\/uploads\/2014\/01\/uye.oneri_.yazizi-2.doc\">t\u0131klay\u0131n\u0131z.<\/a><\/strong><\/p>\n\n\n\n<p>7-\u00c7al\u0131\u015ft\u0131\u011f\u0131n\u0131z kurumdan (Ba\u015fhekimlik veya B\u00f6l\u00fcm Ba\u015fkanl\u0131\u011f\u0131ndan) kurum antetli ka\u011f\u0131d\u0131na resmi yaz\u0131 olarak derne\u011fe \u00fcye olman\u0131zda sak\u0131nca olmad\u0131\u011f\u0131n\u0131n belirtildi\u011fi <strong>izin yaz\u0131s\u0131<\/strong>. \u00d6rnek yaz\u0131 i\u00e7in <a href=\"https:\/\/turkpedkar.org.tr\/wp-content\/uploads\/2025\/02\/Ornek-yazi.pdf\"><strong>t\u0131klay\u0131n\u0131z.<\/strong><\/a><\/p>\n\n\n\n<p>T\u00fcm evraklar haz\u0131rland\u0131ktan sonra as\u0131llar\u0131 derne\u011fe ula\u015ft\u0131r\u0131lmal\u0131 ve g\u00f6nderilecek kargoya a\u015fa\u011f\u0131daki telefon numaras\u0131 eklenmelidir.<\/p>\n\n\n\n<p>Olas\u0131 sorular i\u00e7in 0 530 246 65 55 no ile temasa ge\u00e7ilmelidir.<\/p>\n\n\n\n<p><\/p>","protected":false},"excerpt":{"rendered":"<p>Medeni haklar\u0131 kullanma ehliyetine sahip olmak ve yasal olarak dernek \u00fcyesi olmas\u0131na mani hali bulunmamak gibi genel \u015fartlara uyma yan\u0131nda a\u015fa\u011f\u0131da yer alan \u00fcyelik t\u00fcrlerinde belirtilen \u00f6zel \u015fartlara sahip olan herkes derne\u011fe \u00fcye olmak i\u00e7in ba\u015fvurabilir ve y\u00f6netim kurulu onay\u0131 ile derne\u011fe \u00fcye kabul edilirler. Derne\u011fin iki t\u00fcr \u00fcyesi vard\u0131r. Bunlar Asil ve Onursal \u00fcyeliklerdir &#8230; <a title=\"\u00dcyelik\" class=\"read-more\" href=\"https:\/\/turkpedkar.org.tr\/en\/uyelik-sartlari\/\" aria-label=\"Read more about \u00dcyelik\">Read more<\/a><\/p>","protected":false},"author":1,"featured_media":0,"parent":0,"menu_order":0,"comment_status":"closed","ping_status":"closed","template":"","meta":{"footnotes":""},"class_list":["post-2221","page","type-page","status-publish"],"_links":{"self":[{"href":"https:\/\/turkpedkar.org.tr\/en\/wp-json\/wp\/v2\/pages\/2221","targetHints":{"allow":["GET"]}}],"collection":[{"href":"https:\/\/turkpedkar.org.tr\/en\/wp-json\/wp\/v2\/pages"}],"about":[{"href":"https:\/\/turkpedkar.org.tr\/en\/wp-json\/wp\/v2\/types\/page"}],"author":[{"embeddable":true,"href":"https:\/\/turkpedkar.org.tr\/en\/wp-json\/wp\/v2\/users\/1"}],"replies":[{"embeddable":true,"href":"https:\/\/turkpedkar.org.tr\/en\/wp-json\/wp\/v2\/comments?post=2221"}],"version-history":[{"count":7,"href":"https:\/\/turkpedkar.org.tr\/en\/wp-json\/wp\/v2\/pages\/2221\/revisions"}],"predecessor-version":[{"id":152839,"href":"https:\/\/turkpedkar.org.tr\/en\/wp-json\/wp\/v2\/pages\/2221\/revisions\/152839"}],"wp:attachment":[{"href":"https:\/\/turkpedkar.org.tr\/en\/wp-json\/wp\/v2\/media?parent=2221"}],"curies":[{"name":"wp","href":"https:\/\/api.w.org\/{rel}","templated":true}]}}