{"id":1857,"date":"2013-12-02T15:15:10","date_gmt":"2013-12-02T13:15:10","guid":{"rendered":"http:\/\/turkpedkar.org.tr\/?page_id=1857"},"modified":"2025-07-31T16:30:37","modified_gmt":"2025-07-31T13:30:37","slug":"onursal-uyeler","status":"publish","type":"page","link":"https:\/\/turkpedkar.org.tr\/en\/onursal-uyeler\/","title":{"rendered":"Honorary Members"},"content":{"rendered":"<p><strong><a href=\"https:\/\/turkpedkar.org.tr\/wp-content\/uploads\/2025\/05\/ONURSAL-UYELERIMIZ.pdf\">ONURSAL \u00dcYELER\u0130M\u0130Z<\/a><\/strong><\/p>","protected":false},"excerpt":{"rendered":"<p>ONURSAL \u00dcYELER\u0130M\u0130Z<\/p>","protected":false},"author":1,"featured_media":0,"parent":0,"menu_order":0,"comment_status":"closed","ping_status":"closed","template":"","meta":{"footnotes":""},"class_list":["post-1857","page","type-page","status-publish"],"_links":{"self":[{"href":"https:\/\/turkpedkar.org.tr\/en\/wp-json\/wp\/v2\/pages\/1857","targetHints":{"allow":["GET"]}}],"collection":[{"href":"https:\/\/turkpedkar.org.tr\/en\/wp-json\/wp\/v2\/pages"}],"about":[{"href":"https:\/\/turkpedkar.org.tr\/en\/wp-json\/wp\/v2\/types\/page"}],"author":[{"embeddable":true,"href":"https:\/\/turkpedkar.org.tr\/en\/wp-json\/wp\/v2\/users\/1"}],"replies":[{"embeddable":true,"href":"https:\/\/turkpedkar.org.tr\/en\/wp-json\/wp\/v2\/comments?post=1857"}],"version-history":[{"count":1,"href":"https:\/\/turkpedkar.org.tr\/en\/wp-json\/wp\/v2\/pages\/1857\/revisions"}],"predecessor-version":[{"id":150606,"href":"https:\/\/turkpedkar.org.tr\/en\/wp-json\/wp\/v2\/pages\/1857\/revisions\/150606"}],"wp:attachment":[{"href":"https:\/\/turkpedkar.org.tr\/en\/wp-json\/wp\/v2\/media?parent=1857"}],"curies":[{"name":"wp","href":"https:\/\/api.w.org\/{rel}","templated":true}]}}