{"id":175,"date":"2013-10-08T14:46:01","date_gmt":"2013-10-08T11:46:01","guid":{"rendered":"http:\/\/test.bartekyazilim.com\/?page_id=175"},"modified":"2025-08-20T14:22:08","modified_gmt":"2025-08-20T11:22:08","slug":"bilimsel-toplantilar","status":"publish","type":"page","link":"https:\/\/turkpedkar.org.tr\/en\/bilimsel-toplantilar\/","title":{"rendered":"Scientific Meetings"},"content":{"rendered":"<p><strong>Fetal Ekokardiyografi Seminerleri<\/strong><\/p>\n<p>5-9 Nisan 2010\u00a0<a href=\"http:\/\/webinarturkiye.blogspot.com\/2010\/03\/fetal-ekokardiyografi-seminerleri.html\">Seminerleri izleyin<\/a><\/p>\n<div><\/div>\n<div><\/div>\n<div><strong>Newborn and Infant Cardiac Symposium\u00a0<\/strong>11-12 Haziran 2010, \u0130stanbul<\/div>\n<div><\/div>\n<div>[hr]<\/div>\n<div><\/div>\n<div><\/div>\n<p><strong>I.Pediatrik Ekokardiyografi Sempozyumu<\/strong><\/p>\n<p>Kardiyomiyopatiler ve Pediatride S\u0131k G\u00f6r\u00fclen Kalp Sorunlar\u0131<\/p>\n<p>5-8 Kas\u0131m 2009 tarihinde Mardin\u2019de yap\u0131ld\u0131[hr]<\/p>\n<p><strong>3. Uluslararas\u0131 Kat\u0131l\u0131ml\u0131 Do\u011fu\u015ftan Kalp Hastal\u0131klar\u0131nda Giri\u015fimsel Tedavi Sempozyumu<\/strong><\/p>\n<p>4-6 Mart 2010, Kayseri\u00a0<a href=\"http:\/\/www.girisimselpk2010.org\/tr\/index.html\">http:\/\/www.girisimselpk2010.org\/tr\/index.html<\/a><\/p>\n<p><strong><em>E-Pediatrik EKG Kursu<\/em><\/strong><\/p>\n<div>Tarih : 12 Eylul 2009<\/div>\n<div>T\u00fcrkiye&#8217;nin ilk online e\u015f zamanl\u0131 pediatrik EKG Kursu 12 Eyl\u00fcl 2009 tarihinde yap\u0131ld\u0131. Kursa 147 kursiyer kat\u0131ld\u0131.\u00a0<a href=\"http:\/\/www.turkpedcar.org\/page.php?ID=29\"><br \/>\n<\/a><\/div>\n<p>[hr]<\/p>\n<p><strong>\u00c7ocuk Kardiyolojisi Sempozyumu<\/strong><br \/>\n5 temmuz 2009 Pazar g\u00fcn\u00fc Ak\u00e7akoca-D\u00fczce (Diapolis Otel) &#8216;de yap\u0131lm\u0131\u015ft\u0131r.[hr]<\/p>\n<p><strong>\u00a0<\/strong><\/p>\n<p><strong>Konjenital Kalp Hastal\u0131klar\u0131nda Stent \u0130mplantasyonlar\u0131 &#8211; Workshop<\/strong><br \/>\nKonjenital Kalp Hastal\u0131klar\u0131nda Stent \u0130mplantasyonlar\u0131 &#8211; Workshop 25-26 Ekim 2007 tarihlerinde Hacettepe \u00dcniversitesi Pediatrik Kardiyoloji \u00dcnitesinde ger\u00e7ekle\u015ftirilmi\u015ftir[hr]<\/p>\n<p><strong>Gazi Pediatrik Kardiyoloji ve Kardiyovask\u00fcler Cerrahi G\u00fcnleri <\/strong><br \/>\nGazi Pediatrik Kardiyoloji ve Kardiyovask\u00fcler Cerrahi G\u00fcnleri\u2019nin ikincisi 1 &#8211; 4 Ekim 2007 tarihlerinde Ankara\u2019da ger\u00e7ekle\u015fmi\u015ftir.<a href=\"http:\/\/www.youtube.com\/watch?v=AUJBmXYKAA0&amp;feature=youtu.be\" target=\"_blank\" rel=\"noopener\"><span style=\"text-decoration: none;\"><span style=\"color: #000000;\">Toplant\u0131y\u0131 izle<\/span><\/span><\/a>[hr]<\/p>\n<p><strong>\u00a0<\/strong><\/p>\n<p><strong>Pediatrik Kardiyoloji ve Kalp Damar Cerrahisi Mezuniyet Sonras\u0131 E\u011fitim Toplant\u0131s\u0131<\/strong><br \/>\n28-30 May\u0131s 2004 tarihleri aras\u0131nda Gaziantep&#8217;te yap\u0131ld\u0131[hr]<\/p>\n<p><strong>\u00a0<\/strong><\/p>\n<p><strong>4th Annual Meeting Association for European Pediatric Cardiology<\/strong><\/p>\n<p>May 26-29,2010 &#8211; Innsbruck, Austria\u00a0<a href=\"http:\/\/www.aepc2010.at\/\">http:\/\/www.aepc2010.at\/[hr]<\/a><\/p>\n","protected":false},"excerpt":{"rendered":"<p>Fetal Ekokardiyografi Seminerleri 5-9 Nisan 2010\u00a0Seminerleri izleyin Newborn and Infant Cardiac Symposium\u00a011-12 Haziran 2010, \u0130stanbul [hr] I.Pediatrik Ekokardiyografi Sempozyumu Kardiyomiyopatiler ve Pediatride S\u0131k G\u00f6r\u00fclen Kalp Sorunlar\u0131 5-8 Kas\u0131m 2009 tarihinde Mardin\u2019de yap\u0131ld\u0131[hr] 3. Uluslararas\u0131 Kat\u0131l\u0131ml\u0131 Do\u011fu\u015ftan Kalp Hastal\u0131klar\u0131nda Giri\u015fimsel Tedavi Sempozyumu 4-6 Mart 2010, Kayseri\u00a0http:\/\/www.girisimselpk2010.org\/tr\/index.html E-Pediatrik EKG Kursu Tarih : 12 Eylul 2009 T\u00fcrkiye&#8217;nin ilk &#8230; <a title=\"Bilimsel Toplant\u0131lar\" class=\"read-more\" href=\"https:\/\/turkpedkar.org.tr\/en\/bilimsel-toplantilar\/\" aria-label=\"Read more about Bilimsel Toplant\u0131lar\">Read more<\/a><\/p>\n","protected":false},"author":1,"featured_media":0,"parent":0,"menu_order":0,"comment_status":"closed","ping_status":"closed","template":"","meta":{"footnotes":""},"class_list":["post-175","page","type-page","status-publish"],"_links":{"self":[{"href":"https:\/\/turkpedkar.org.tr\/en\/wp-json\/wp\/v2\/pages\/175","targetHints":{"allow":["GET"]}}],"collection":[{"href":"https:\/\/turkpedkar.org.tr\/en\/wp-json\/wp\/v2\/pages"}],"about":[{"href":"https:\/\/turkpedkar.org.tr\/en\/wp-json\/wp\/v2\/types\/page"}],"author":[{"embeddable":true,"href":"https:\/\/turkpedkar.org.tr\/en\/wp-json\/wp\/v2\/users\/1"}],"replies":[{"embeddable":true,"href":"https:\/\/turkpedkar.org.tr\/en\/wp-json\/wp\/v2\/comments?post=175"}],"version-history":[{"count":2,"href":"https:\/\/turkpedkar.org.tr\/en\/wp-json\/wp\/v2\/pages\/175\/revisions"}],"predecessor-version":[{"id":150980,"href":"https:\/\/turkpedkar.org.tr\/en\/wp-json\/wp\/v2\/pages\/175\/revisions\/150980"}],"wp:attachment":[{"href":"https:\/\/turkpedkar.org.tr\/en\/wp-json\/wp\/v2\/media?parent=175"}],"curies":[{"name":"wp","href":"https:\/\/api.w.org\/{rel}","templated":true}]}}