{"id":1668,"date":"2013-11-28T14:54:14","date_gmt":"2013-11-28T12:54:14","guid":{"rendered":"http:\/\/turkpedkar.org.tr\/?page_id=1668"},"modified":"2025-08-27T10:23:33","modified_gmt":"2025-08-27T07:23:33","slug":"sifre-sifirlama","status":"publish","type":"page","link":"https:\/\/turkpedkar.org.tr\/en\/sifre-sifirlama\/","title":{"rendered":"\u015eifre S\u0131f\u0131rlama"},"content":{"rendered":"<div id=\"wpmem_login\"><a id=\"pwdreset\"><\/a><form action=\"https:\/\/turkpedkar.org.tr\/en\/sifre-sifirlama\/\" method=\"POST\" id=\"wpmem_pwdreset_form\" class=\"form\" data-trp-original-action=\"https:\/\/turkpedkar.org.tr\/en\/sifre-sifirlama\/\"><input type=\"hidden\" id=\"_wpmem_pwdreset_nonce\" name=\"_wpmem_pwdreset_nonce\" value=\"1907e7a3fa\" \/><input type=\"hidden\" name=\"_wp_http_referer\" value=\"\/en\/wp-json\/wp\/v2\/pages\/1668\" \/><fieldset><legend>Reset Forgotten Password<\/legend><label for=\"user\">Username or Email<\/label><div class=\"div_text\"><input name=\"user\" type=\"text\" id=\"user\" value=\"\" class=\"username\" required \/><\/div><input name=\"a\" type=\"hidden\" value=\"pwdreset\" \/><input name=\"redirect_to\" type=\"hidden\" value=\"\/en\/wp-json\/wp\/v2\/pages\/1668\" \/><input name=\"formsubmit\" type=\"hidden\" value=\"1\" \/><div class=\"button_div\"><input type=\"submit\" name=\"Submit\" value=\"Reset Password\" class=\"buttons\" \/><\/div><div class=\"link-text\"><span class=\"link-text-username\">Forgot username?&nbsp;<a href=\"https:\/\/turkpedkar.org.tr\/en\/sifre-sifirlama\/?a=getusername\">Click here<\/a><\/span><\/div><\/fieldset><input type=\"hidden\" name=\"trp-form-language\" value=\"en\"\/><\/form><\/div>","protected":false},"excerpt":{"rendered":"","protected":false},"author":1,"featured_media":0,"parent":0,"menu_order":0,"comment_status":"closed","ping_status":"closed","template":"","meta":{"footnotes":""},"class_list":["post-1668","page","type-page","status-publish"],"_links":{"self":[{"href":"https:\/\/turkpedkar.org.tr\/en\/wp-json\/wp\/v2\/pages\/1668","targetHints":{"allow":["GET"]}}],"collection":[{"href":"https:\/\/turkpedkar.org.tr\/en\/wp-json\/wp\/v2\/pages"}],"about":[{"href":"https:\/\/turkpedkar.org.tr\/en\/wp-json\/wp\/v2\/types\/page"}],"author":[{"embeddable":true,"href":"https:\/\/turkpedkar.org.tr\/en\/wp-json\/wp\/v2\/users\/1"}],"replies":[{"embeddable":true,"href":"https:\/\/turkpedkar.org.tr\/en\/wp-json\/wp\/v2\/comments?post=1668"}],"version-history":[{"count":3,"href":"https:\/\/turkpedkar.org.tr\/en\/wp-json\/wp\/v2\/pages\/1668\/revisions"}],"predecessor-version":[{"id":151141,"href":"https:\/\/turkpedkar.org.tr\/en\/wp-json\/wp\/v2\/pages\/1668\/revisions\/151141"}],"wp:attachment":[{"href":"https:\/\/turkpedkar.org.tr\/en\/wp-json\/wp\/v2\/media?parent=1668"}],"curies":[{"name":"wp","href":"https:\/\/api.w.org\/{rel}","templated":true}]}}