{"id":1621,"date":"2013-11-21T10:49:32","date_gmt":"2013-11-21T08:49:32","guid":{"rendered":"http:\/\/turkpedkar.org.tr\/?page_id=1621"},"modified":"2025-09-22T16:44:28","modified_gmt":"2025-09-22T13:44:28","slug":"uye-giris-sayfasi","status":"publish","type":"page","link":"https:\/\/turkpedkar.org.tr\/en\/uye-giris-sayfasi\/","title":{"rendered":"\u00dcye Giri\u015f Sayfas\u0131"},"content":{"rendered":"<br \/>\n    <div id=\"wpmem_login\"><a id=\"login\"><\/a><form action=\"https:\/\/turkpedkar.org.tr\/en\/uye-giris-sayfasi\/\" method=\"POST\" id=\"wpmem_login_form\" class=\"form\" data-trp-original-action=\"https:\/\/turkpedkar.org.tr\/en\/uye-giris-sayfasi\/\"><input type=\"hidden\" id=\"_wpmem_login_nonce\" name=\"_wpmem_login_nonce\" value=\"b8809cefaf\" \/><input type=\"hidden\" name=\"_wp_http_referer\" value=\"\/en\/wp-json\/wp\/v2\/pages\/1621\" \/><fieldset><legend>Existing Users Log In<\/legend><label for=\"log\">Username or Email<\/label><div class=\"div_text\"><input name=\"log\" type=\"text\" id=\"log\" value=\"\" class=\"username\" required \/><\/div><label for=\"pwd\">Password<\/label><div class=\"div_text\"><input name=\"pwd\" type=\"password\" id=\"pwd\" class=\"password\" required \/><\/div><input name=\"a\" type=\"hidden\" value=\"login\" \/><input name=\"redirect_to\" type=\"hidden\" value=\"https:\/\/turkpedkar.org.tr\/en\/uye-giris-sayfasi\/\" \/><div class=\"button_div\"><input name=\"rememberme\" type=\"checkbox\" id=\"rememberme\" value=\"forever\" \/>&nbsp;<label for=\"rememberme\">Remember Me<\/label>&nbsp;&nbsp;<input type=\"submit\" name=\"Submit\" value=\"Log In\" class=\"buttons\" \/><\/div><div class=\"link-text\"><span class=\"link-text-forgot\">Forgot password?&nbsp;<a href=\"https:\/\/turkpedkar.org.tr\/en\/sifre-sifirlama\/?a=pwdreset\">Click here to reset<\/a><\/span><\/div><\/fieldset><input type=\"hidden\" name=\"trp-form-language\" value=\"en\"\/><\/form><\/div><br \/>\n\n\n\n\n\n<p><\/p>","protected":false},"excerpt":{"rendered":"","protected":false},"author":1,"featured_media":0,"parent":0,"menu_order":0,"comment_status":"closed","ping_status":"closed","template":"","meta":{"footnotes":""},"class_list":["post-1621","page","type-page","status-publish"],"_links":{"self":[{"href":"https:\/\/turkpedkar.org.tr\/en\/wp-json\/wp\/v2\/pages\/1621","targetHints":{"allow":["GET"]}}],"collection":[{"href":"https:\/\/turkpedkar.org.tr\/en\/wp-json\/wp\/v2\/pages"}],"about":[{"href":"https:\/\/turkpedkar.org.tr\/en\/wp-json\/wp\/v2\/types\/page"}],"author":[{"embeddable":true,"href":"https:\/\/turkpedkar.org.tr\/en\/wp-json\/wp\/v2\/users\/1"}],"replies":[{"embeddable":true,"href":"https:\/\/turkpedkar.org.tr\/en\/wp-json\/wp\/v2\/comments?post=1621"}],"version-history":[{"count":11,"href":"https:\/\/turkpedkar.org.tr\/en\/wp-json\/wp\/v2\/pages\/1621\/revisions"}],"predecessor-version":[{"id":151842,"href":"https:\/\/turkpedkar.org.tr\/en\/wp-json\/wp\/v2\/pages\/1621\/revisions\/151842"}],"wp:attachment":[{"href":"https:\/\/turkpedkar.org.tr\/en\/wp-json\/wp\/v2\/media?parent=1621"}],"curies":[{"name":"wp","href":"https:\/\/api.w.org\/{rel}","templated":true}]}}