{"id":154,"date":"2013-10-07T17:11:05","date_gmt":"2013-10-07T14:11:05","guid":{"rendered":"http:\/\/test.bartekyazilim.com\/?page_id=154"},"modified":"2025-07-31T16:30:36","modified_gmt":"2025-07-31T13:30:36","slug":"kurullar","status":"publish","type":"page","link":"https:\/\/turkpedkar.org.tr\/en\/kurullar\/","title":{"rendered":"Comittees"},"content":{"rendered":"<div>\n<p><b><span style=\"text-decoration: underline;\">AUDIT COMMITTEE<\/span><\/b><\/p>\n<ol>\n<li>Prof. Dr. Timur ME\u015eE<\/li>\n<li>Prof. Dr. Osman K\u00dc\u00c7\u00dcKOSMANO\u011eLU<\/li>\n<li>Prof. Dr. Z\u00fclal \u00dcLGER TUTAR<\/li>\n<\/ol>\n<p>&nbsp;<\/p>\n<p><b><span style=\"text-decoration: underline;\">ETHICS COMMITTEE<\/span><\/b><\/p>\n<ol>\n<li>Prof. Dr. N.K\u00fcr\u015fad TOKEL<\/li>\n<li>Prof. Dr. \u00d6zlem Mehtap BOSTAN<\/li>\n<li>Prof. Dr. Figen AKALIN<\/li>\n<\/ol>\n<p>&nbsp;<\/p>\n<\/div>\n<p style=\"text-align: left;\">For previous boards, please&nbsp;<a href=\"https:\/\/turkpedkar.org.tr\/wp-content\/uploads\/2025\/04\/tum-yonetim-kurullari.pdf\">click here.<\/a><\/p>","protected":false},"excerpt":{"rendered":"<p>DENETLEME KURULU Prof. Dr. Timur ME\u015eE Prof. Dr. Osman K\u00dc\u00c7\u00dcKOSMANO\u011eLU Prof. Dr. Z\u00fclal \u00dcLGER TUTAR &nbsp; ET\u0130K KURUL Prof. Dr. N.K\u00fcr\u015fad TOKEL Prof. Dr. \u00d6zlem Mehtap BOSTAN Prof. Dr. Figen AKALIN &nbsp; \u00d6nceki kurullar icin l\u00fctfen&nbsp;t\u0131klay\u0131n\u0131z<\/p>","protected":false},"author":1,"featured_media":0,"parent":0,"menu_order":0,"comment_status":"closed","ping_status":"closed","template":"","meta":{"footnotes":""},"class_list":["post-154","page","type-page","status-publish"],"_links":{"self":[{"href":"https:\/\/turkpedkar.org.tr\/en\/wp-json\/wp\/v2\/pages\/154","targetHints":{"allow":["GET"]}}],"collection":[{"href":"https:\/\/turkpedkar.org.tr\/en\/wp-json\/wp\/v2\/pages"}],"about":[{"href":"https:\/\/turkpedkar.org.tr\/en\/wp-json\/wp\/v2\/types\/page"}],"author":[{"embeddable":true,"href":"https:\/\/turkpedkar.org.tr\/en\/wp-json\/wp\/v2\/users\/1"}],"replies":[{"embeddable":true,"href":"https:\/\/turkpedkar.org.tr\/en\/wp-json\/wp\/v2\/comments?post=154"}],"version-history":[{"count":1,"href":"https:\/\/turkpedkar.org.tr\/en\/wp-json\/wp\/v2\/pages\/154\/revisions"}],"predecessor-version":[{"id":150592,"href":"https:\/\/turkpedkar.org.tr\/en\/wp-json\/wp\/v2\/pages\/154\/revisions\/150592"}],"wp:attachment":[{"href":"https:\/\/turkpedkar.org.tr\/en\/wp-json\/wp\/v2\/media?parent=154"}],"curies":[{"name":"wp","href":"https:\/\/api.w.org\/{rel}","templated":true}]}}