{"id":1528,"date":"2013-11-19T10:54:48","date_gmt":"2013-11-19T08:54:48","guid":{"rendered":"http:\/\/test.bartekyazilim.com\/?page_id=1528"},"modified":"2025-08-20T17:43:42","modified_gmt":"2025-08-20T14:43:42","slug":"ulusal-kongrelerimiz","status":"publish","type":"page","link":"https:\/\/turkpedkar.org.tr\/en\/ulusal-kongrelerimiz\/","title":{"rendered":"Our National Meetings"},"content":{"rendered":"<p><strong><em>23. Ulusal Pediatrik Kardiyoloji ve Pediatrik Kalp Cerrahisi Kongresi\u00a0<\/em><\/strong><\/p>\n<p>17-20 Nisan 2025, Antalya &#8211; Kongre \u00d6zet Kitab\u0131 i\u00e7in\u00a0<a href=\"https:\/\/turkpedkar.org.tr\/wp-content\/uploads\/2025\/07\/PEDKAR-2025-Bildiri-Kitabi-29-Temmuz.pdf\">click here.<\/a><\/p>\n<p><strong><em>22. Ulusal Pediatrik Kardiyoloji ve Pediatrik Kalp Cerrahisi Kongresi\u00a0<\/em><\/strong><\/p>\n<p>7-10 Mart 2024, Antalya &#8211; Kongre \u00d6zet Kitab\u0131 i\u00e7in\u00a0<a href=\"https:\/\/turkpedkar.org.tr\/wp-content\/uploads\/2024\/03\/PEDKAR-Program-Kitabi-2024-Final.pdf\">click here.<\/a><\/p>\n<p><strong><em>21. Ulusal Pediatrik Kardiyoloji ve Pediatrik Kalp Cerrahisi Kongresi\u00a0<\/em><\/strong><\/p>\n<p>April 27-30, 2023, Fethiye-Mu\u011fla \u2013 Click here for Congress Abstract Book\u00a0<a href=\"https:\/\/turkpedkar.org.tr\/wp-content\/uploads\/2023\/07\/Bildiri-Kitabi-2023-PEDKAR-Final-1.pdf\">click here.<\/a><\/p>\n<p><strong><em>20. Ulusal Pediatrik Kardiyoloji ve Pediatrik Kalp Cerrahisi Kongresi\u00a0<\/em><\/strong><\/p>\n<p>March 10-13, 2022, Antalya \u2013 For Congress Abstract Book\u00a0<a href=\"https:\/\/turkpedkar.org.tr\/wp-content\/uploads\/2022\/04\/Pedkar-2022_Bildiri-Kitabi_-1.pdf \">click here.<\/a><\/p>\n<p><strong><em>19th National Virtual Congress of Pediatric Cardiology and Cardiac Surgery\u00a0<\/em><\/strong><\/p>\n<p>23-25 Ekim 2020, Online Platform &#8211;\u00a0Kongre \u00d6zet Kitab\u0131 i\u00e7in\u00a0<a href=\"http:\/\/turkpedkar.org.tr\/wp-content\/uploads\/2020\/11\/PEDKAR2020_Bildiri_Kitabi.pdf \">click here.<\/a><\/p>\n<p><strong><em>18th Turkish Congress of Pediatric Cardiology and Cardiac Surgery\u00a0<\/em><\/strong><\/p>\n<p>11-14 Nisan 2019, Antalya &#8211;\u00a0Kongre \u00d6zet Kitab\u0131 i\u00e7in\u00a0<a href=\"https:\/\/turkpedkar.org.tr\/wp-content\/uploads\/2019\/04\/PEDKAR-2019_B\u0130LD\u0130R\u0130-K\u0130TABI.pdf\">click here.<\/a><\/p>\n<p><strong><em>17th National Congress of Pediatric Cardiology and Cardiac Surgery\u00a0<\/em><\/strong><\/p>\n<p>18-21 Nisan 2018, Antalya &#8211;\u00a0Kongre \u00d6zet Kitab\u0131 i\u00e7in\u00a0<a href=\"http:\/\/turkpedkar.org.tr\/wp-content\/uploads\/2018\/05\/PEDKAR-2018_B\u0130LD\u0130R\u0130-K\u0130TABI-1.pdf\">click here.<\/a><\/p>\n<p><strong><em>16th National Congress of Pediatric Cardiology and Cardiac Surgery\u00a0<\/em><\/strong><\/p>\n<p>19-22\u00a0Nisan 2017, Antalya &#8211;\u00a0Kongre \u00d6zet Kitab\u0131 i\u00e7in\u00a0<a href=\"http:\/\/turkpedkar.org.tr\/wp-content\/uploads\/2013\/11\/PED_KARD_TAM_kontrol_v7.pdf\">click here.<\/a><\/p>\n<p><strong><em>15th National Congress of Pediatric Cardiology and Cardiac Surgery\u00a0<\/em><\/strong><\/p>\n<p>13-16 Nisan 2016, Antalya &#8211;\u00a0Kongre \u00d6zet Kitab\u0131 i\u00e7in\u00a0<a href=\"http:\/\/turkpedkar.org.tr\/wp-content\/uploads\/2016\/06\/pedi_kard_bildiri_di\u0307ji\u0307tal.pdf\">click here.<\/a><\/p>\n<p><strong><em>14th National Congress of Pediatric Cardiology and Cardiac Surgery\u00a0<\/em><\/strong><\/p>\n<p>15-18 Nisan 2015, Pamukkale Denizli &#8211;\u00a0Kongre \u00d6zet Kitab\u0131 i\u00e7in\u00a0<a href=\"http:\/\/turkpedkar.org.tr\/wp-content\/uploads\/2015\/05\/pediatric-heart-journal-2-1-kongre-eki-dijital.pdf\">click here.<\/a><\/p>\n<p><strong><em>13th National Congress of Pediatric Cardiology and Cardiac Vascular Surgery\u00a0<\/em><\/strong><\/p>\n<p>16-19 Nisan 2014, Diyarbak\u0131r &#8211;\u00a0Kongre \u00d6zet Kitab\u0131 i\u00e7in\u00a0<a href=\"http:\/\/turkpedkar.org.tr\/wp-content\/uploads\/2014\/05\/pediatric-heart-journal-sayi-1-.pdf\">click here.<\/a><\/p>\n<p><strong><em>12th National Congress of Pediatric Cardiology and Cardiac Vascular Surgery\u00a0<\/em><\/strong><\/p>\n<p>May 1-5, 2013, Fethiye Mu\u011fla \u2013 For Congress Abstract Book\u00a0<a href=\"http:\/\/turkpedkar.org.tr\/wp-content\/uploads\/2013\/11\/PEDKAR_2013_Bildiri_Kitabi.pdf\">click here.<\/a><\/p>\n<p><strong><em>11th National Congress of Pediatric Cardiology and Cardiac Vascular Surgery\u00a0<\/em><\/strong><\/p>\n<p>18-21 Nisan 2012, \u0130zmir &#8211;\u00a0Kongre \u00d6zet Kitab\u0131 i\u00e7in\u00a0<a href=\"http:\/\/turkpedkar.org.tr\/wp-content\/uploads\/2013\/10\/11.Kardiyoloji-ve-Kalp-Damar-.pdf\">click here.<\/a><\/p>\n<p><strong><em>10th National Congress of Pediatric Cardiology and Cardiac Vascular Surgery<\/em><\/strong><\/p>\n<p>4-7 May\u0131s 2011, Gaziantep &#8211;\u00a0Kongre \u00d6zet Kitab\u0131 i\u00e7in\u00a0<a href=\"http:\/\/turkpedkar.org.tr\/wp-content\/uploads\/2013\/10\/10.ulusalpediatrik.pdf\">click here. <\/a><\/p>\n<div class=\"clear\">\n<p><strong><em>9th National Congress of Pediatric Cardiology and Cardiac Vascular Surgery\u00a0<\/em><\/strong><\/p>\n<p>5-8 May\u0131s 2010, Eski\u015fehir &#8211;\u00a0Kongre \u00d6zet Kitab\u0131 i\u00e7in\u00a0<a href=\"http:\/\/turkpedkar.org.tr\/wp-content\/uploads\/2013\/10\/9_ulusal_kongre_-Kitabi.pdf\">click here. <\/a><\/p>\n<p><strong><em>8th National Congress of Pediatric Cardiology and Cardiac Vascular Surgery\u00a0<\/em><\/strong><\/p>\n<p>May 6-9, 2009, Bursa \u2013<\/p>\n<\/div>\n<p><strong>7th National Congress of Pediatric Cardiology and Cardiac Vascular Surgery<\/strong><\/p>\n<p>April 9-12 2008, Adana \u2013<\/p>\n<p><strong>6. Ulusal Pediatrik Kardiyoloji ve Kalp Damar Cerrahisi \u00a0Kongresi<\/strong><\/p>\n<p>October 11-14, 2006, Istanbul \u2013<\/p>\n<p><strong>5th National Congress of Pediatric Cardiology and Cardiac Vascular Surgery<\/strong><\/p>\n<p>16-18 Kas\u0131m 2005, \u00a0Antalya &#8211;<\/p>\n<p><strong>4th National Congress of Pediatric Cardiology and Cardiac Surgery<\/strong><\/p>\n<p>6-9 Ekim 2004, \u00a0Kayseri &#8211;<\/p>\n<div class=\"clear\">\n<p><strong>3rd National Congress of Pediatric Cardiology and Cardiac Surgery<\/strong><\/p>\n<p>May 3-6, 2001, Cappadocia Nev\u015fehir \u2013<\/p>\n<\/div>\n<p><strong>2nd National Congress of Pediatric Cardiology and Cardiac Surgery<\/strong><\/p>\n<p>6-9 Ekim 1999, Pamukkale \u00a0Denizli &#8211;<\/p>\n<p><strong>1st National Congress of Pediatric Cardiology and Cardiac Surgery<\/strong><\/p>\n<p>November 13-16, 1996, Ankara \u2013<\/p>","protected":false},"excerpt":{"rendered":"<p>23. Ulusal Pediatrik Kardiyoloji ve Pediatrik Kalp Cerrahisi Kongresi\u00a0 17-20 Nisan 2025, Antalya &#8211; Kongre \u00d6zet Kitab\u0131 i\u00e7in\u00a0t\u0131klay\u0131n\u0131z 22. Ulusal Pediatrik Kardiyoloji ve Pediatrik Kalp Cerrahisi Kongresi\u00a0 7-10 Mart 2024, Antalya &#8211; Kongre \u00d6zet Kitab\u0131 i\u00e7in\u00a0t\u0131klay\u0131n\u0131z 21. Ulusal Pediatrik Kardiyoloji ve Pediatrik Kalp Cerrahisi Kongresi\u00a0 27-30 Nisan 2023, Fethiye-Mu\u011fla &#8211; Kongre \u00d6zet Kitab\u0131 i\u00e7in\u00a0t\u0131klay\u0131n\u0131z 20. &#8230; <a title=\"Our National Meetings\" class=\"read-more\" href=\"https:\/\/turkpedkar.org.tr\/en\/ulusal-kongrelerimiz\/\" aria-label=\"Read more about Ulusal Kongrelerimiz\">Read more<\/a><\/p>","protected":false},"author":1,"featured_media":0,"parent":0,"menu_order":0,"comment_status":"closed","ping_status":"closed","template":"","meta":{"footnotes":""},"class_list":["post-1528","page","type-page","status-publish"],"_links":{"self":[{"href":"https:\/\/turkpedkar.org.tr\/en\/wp-json\/wp\/v2\/pages\/1528","targetHints":{"allow":["GET"]}}],"collection":[{"href":"https:\/\/turkpedkar.org.tr\/en\/wp-json\/wp\/v2\/pages"}],"about":[{"href":"https:\/\/turkpedkar.org.tr\/en\/wp-json\/wp\/v2\/types\/page"}],"author":[{"embeddable":true,"href":"https:\/\/turkpedkar.org.tr\/en\/wp-json\/wp\/v2\/users\/1"}],"replies":[{"embeddable":true,"href":"https:\/\/turkpedkar.org.tr\/en\/wp-json\/wp\/v2\/comments?post=1528"}],"version-history":[{"count":4,"href":"https:\/\/turkpedkar.org.tr\/en\/wp-json\/wp\/v2\/pages\/1528\/revisions"}],"predecessor-version":[{"id":151053,"href":"https:\/\/turkpedkar.org.tr\/en\/wp-json\/wp\/v2\/pages\/1528\/revisions\/151053"}],"wp:attachment":[{"href":"https:\/\/turkpedkar.org.tr\/en\/wp-json\/wp\/v2\/media?parent=1528"}],"curies":[{"name":"wp","href":"https:\/\/api.w.org\/{rel}","templated":true}]}}