{"id":1513,"date":"2013-11-18T13:10:05","date_gmt":"2013-11-18T11:10:05","guid":{"rendered":"http:\/\/test.bartekyazilim.com\/?page_id=1513"},"modified":"2025-07-31T16:30:17","modified_gmt":"2025-07-31T13:30:17","slug":"karabuk-doktorlari","status":"publish","type":"page","link":"https:\/\/turkpedkar.org.tr\/en\/karabuk-doktorlari\/","title":{"rendered":"Doctors in Karab\u00fck"},"content":{"rendered":"<table width=\"793\">\n<tbody>\n<tr>\n<td width=\"127\"><strong>FIRST NAME<\/strong><\/td>\n<td width=\"154\"><strong>LAST NAME<\/strong><\/td>\n<td width=\"66\"><strong>TITLE<\/strong><\/td>\n<td width=\"65\"><strong>SPECIALTY<\/strong><\/td>\n<td width=\"257\"><strong>WORK ADDRESS<\/strong><\/td>\n<\/tr>\n<tr>\n<td>\tTu\u011f\u00e7em<\/td>\n<td>\tAKIN YILDIZ<\/td>\n<td>\tAttending Physician<\/td>\n<td>\tPediatric Cardiologist<\/td>\n<td>\tKarab\u00fck \u00d6zel Medikar Hastanesi<\/td>\n<\/tr>\n<tr><\/tr>\n<\/tbody>\n<\/table>","protected":false},"excerpt":{"rendered":"<p>ADI SOYADI UNVANI BRAN\u015eI \u0130\u015e ADRES\u0130 Tu\u011f\u00e7em AKIN YILDIZ Uzman Kard. Karab\u00fck \u00d6zel Medikar Hastanesi<\/p>","protected":false},"author":1,"featured_media":0,"parent":0,"menu_order":0,"comment_status":"closed","ping_status":"closed","template":"","meta":{"footnotes":""},"class_list":["post-1513","page","type-page","status-publish"],"_links":{"self":[{"href":"https:\/\/turkpedkar.org.tr\/en\/wp-json\/wp\/v2\/pages\/1513","targetHints":{"allow":["GET"]}}],"collection":[{"href":"https:\/\/turkpedkar.org.tr\/en\/wp-json\/wp\/v2\/pages"}],"about":[{"href":"https:\/\/turkpedkar.org.tr\/en\/wp-json\/wp\/v2\/types\/page"}],"author":[{"embeddable":true,"href":"https:\/\/turkpedkar.org.tr\/en\/wp-json\/wp\/v2\/users\/1"}],"replies":[{"embeddable":true,"href":"https:\/\/turkpedkar.org.tr\/en\/wp-json\/wp\/v2\/comments?post=1513"}],"version-history":[{"count":1,"href":"https:\/\/turkpedkar.org.tr\/en\/wp-json\/wp\/v2\/pages\/1513\/revisions"}],"predecessor-version":[{"id":150579,"href":"https:\/\/turkpedkar.org.tr\/en\/wp-json\/wp\/v2\/pages\/1513\/revisions\/150579"}],"wp:attachment":[{"href":"https:\/\/turkpedkar.org.tr\/en\/wp-json\/wp\/v2\/media?parent=1513"}],"curies":[{"name":"wp","href":"https:\/\/api.w.org\/{rel}","templated":true}]}}