{"id":1509,"date":"2013-11-18T13:09:02","date_gmt":"2013-11-18T11:09:02","guid":{"rendered":"http:\/\/test.bartekyazilim.com\/?page_id=1509"},"modified":"2025-08-20T17:54:04","modified_gmt":"2025-08-20T14:54:04","slug":"zonguldak-doktorlari","status":"publish","type":"page","link":"https:\/\/turkpedkar.org.tr\/en\/zonguldak-doktorlari\/","title":{"rendered":"Doctors in Zonguldak"},"content":{"rendered":"<figure class=\"wp-block-table\"><table class=\"has-fixed-layout\"><tbody><tr><td><strong>FIRST NAME<\/strong><\/td><td><strong>LAST NAME<\/strong><\/td><td><strong>TITLE<\/strong><\/td><td><strong>SPECIALTY<\/strong><\/td><td><strong>WORK ADDRESS<\/strong><\/td><\/tr><tr><td>Ha\u015fim<\/td><td>H\u00dcSREV\u015eAH\u0130<\/td><td>Professor<\/td><td>Pediatric Cardiologist<\/td><td>\u00d6zel Echomar Hastanesi<\/td><\/tr><tr><td>Tun\u00e7<\/td><td>TUNCER<\/td><td>Assoc. Prof.<\/td><td>Pediatric Cardiologist<\/td><td>Zonguldak B\u00fclent Ecevit \u00dcniversitesi Hastanesi<\/td><\/tr><tr><td>Hasan H\u00fcseyin<\/td><td>YILMAZ<\/td><td>Attending Physician<\/td><td>Pediatric Cardiologist<\/td><td>Zonguldak Kad\u0131n Do\u011fum \u00c7ocuk Hastanesi<\/td><\/tr><\/tbody><\/table><\/figure>","protected":false},"excerpt":{"rendered":"<p>ADI SOYADI UNVANI BRAN\u015eI \u0130\u015e ADRES\u0130 Ha\u015fim H\u00dcSREV\u015eAH\u0130 Profes\u00f6r Kard. \u00d6zel Echomar Hastanesi Tun\u00e7 TUNCER Do\u00e7ent Kard. Zonguldak B\u00fclent Ecevit \u00dcniversitesi Hastanesi Hasan H\u00fcseyin YILMAZ Uzman Kard. Zonguldak Kad\u0131n Do\u011fum \u00c7ocuk Hastanesi<\/p>","protected":false},"author":1,"featured_media":0,"parent":0,"menu_order":0,"comment_status":"closed","ping_status":"closed","template":"","meta":{"footnotes":""},"class_list":["post-1509","page","type-page","status-publish"],"_links":{"self":[{"href":"https:\/\/turkpedkar.org.tr\/en\/wp-json\/wp\/v2\/pages\/1509","targetHints":{"allow":["GET"]}}],"collection":[{"href":"https:\/\/turkpedkar.org.tr\/en\/wp-json\/wp\/v2\/pages"}],"about":[{"href":"https:\/\/turkpedkar.org.tr\/en\/wp-json\/wp\/v2\/types\/page"}],"author":[{"embeddable":true,"href":"https:\/\/turkpedkar.org.tr\/en\/wp-json\/wp\/v2\/users\/1"}],"replies":[{"embeddable":true,"href":"https:\/\/turkpedkar.org.tr\/en\/wp-json\/wp\/v2\/comments?post=1509"}],"version-history":[{"count":2,"href":"https:\/\/turkpedkar.org.tr\/en\/wp-json\/wp\/v2\/pages\/1509\/revisions"}],"predecessor-version":[{"id":151059,"href":"https:\/\/turkpedkar.org.tr\/en\/wp-json\/wp\/v2\/pages\/1509\/revisions\/151059"}],"wp:attachment":[{"href":"https:\/\/turkpedkar.org.tr\/en\/wp-json\/wp\/v2\/media?parent=1509"}],"curies":[{"name":"wp","href":"https:\/\/api.w.org\/{rel}","templated":true}]}}