{"id":149530,"date":"2025-05-09T09:45:10","date_gmt":"2025-05-09T06:45:10","guid":{"rendered":"https:\/\/turkpedkar.org.tr\/?page_id=149530"},"modified":"2025-07-31T16:32:03","modified_gmt":"2025-07-31T13:32:03","slug":"yurt-disi-egitim-bursu","status":"publish","type":"page","link":"https:\/\/turkpedkar.org.tr\/en\/yurt-disi-egitim-bursu\/","title":{"rendered":"Yurt D\u0131\u015f\u0131 E\u011fitim Bursu"},"content":{"rendered":"<p><br>Y\u00f6netim Kurulumuzun karar\u0131 do\u011frultusunda yurt d\u0131\u015f\u0131 e\u011fitim burslar\u0131 \u00fclkemizde \u00c7ocuk Kardiyolojisinin ve \u00c7ocuk Kalp Cerrahisinin kurucular\u0131 olan her zaman sayg\u0131 ve minnetle and\u0131\u011f\u0131m\u0131z \u00e7ok de\u011ferli hocalar\u0131m\u0131z&nbsp;<strong>Prof. Dr. AL\u0130 ERTU\u011eRUL<\/strong>&nbsp;ve&nbsp;<strong>Prof. Dr. AYDIN AYTA\u00c7<\/strong>&nbsp;ad\u0131na verilecektir.<\/p>\n\n\n\n<p>Yurt d\u0131\u015f\u0131 burslar\u0131n\u0131n y\u0131ll\u0131k 4 ki\u015fi olarak planlanmas\u0131na, deste\u011fin en fazla 3 ay s\u00fcre ile ve ayl\u0131k 1.250 Euro \u015feklinde olmas\u0131na, de\u011fi\u015fik alanlarda e\u011fitim almak, bilgi ve g\u00f6rg\u00fc art\u0131rmak, uluslararas\u0131 i\u015f birliklerini de geli\u015ftirmek \u00fczere, konular\u0131n \u00e7al\u0131\u015f\u0131lan merkezlerin gereksinmelerine g\u00f6re ayarlanmas\u0131na karar verilmi\u015ftir.<\/p>\n\n\n\n<p>Se\u00e7me kriterlerine uygun olan 4\u2019ten fazla aday olmas\u0131 durumunda karar verici y\u00f6netim kurulu veya olu\u015fturaca\u011f\u0131 se\u00e7iciler kurulu olacakt\u0131r.<\/p>\n\n\n\n<p>Burs i\u00e7in ba\u015fvurular; ba\u015fvuracak adaylar\u0131n bir dilek\u00e7e ile bizzat veya derne\u011fin e-posta adresine (<a href=\"mailto:turkpedkar@gmail.com\" target=\"_blank\" rel=\"noreferrer noopener\">turkpedkar@gmail.com<\/a>) belgelerini ekleyerek ba\u015fvurmas\u0131, daha sonra belgelerin as\u0131llar\u0131n\u0131n do\u011frudan veya posta yoluyla ula\u015ft\u0131r\u0131lmas\u0131 ile olacakt\u0131r.<\/p>\n\n\n\n<p>Ba\u015fvurular her y\u0131l i\u00e7in, o y\u0131l\u0131n 31 Ocak mesai bitimine kadar yap\u0131lacakt\u0131r.<\/p>\n\n\n\n<p><br><strong>YURT DI\u015eI E\u011e\u0130T\u0130M BURSU BA\u015eVURU KO\u015eULLARI<\/strong><\/p>\n\n\n\n<p>1. Ba\u015fvuran\u0131n derne\u011fimiz \u00fcyesi olmas\u0131,<\/p>\n\n\n\n<p>2. S\u00fcrenin en az 2 ay olmas\u0131,<\/p>\n\n\n\n<p>3. Gidece\u011fi merkezden kabul yaz\u0131s\u0131 bulunmas\u0131,<\/p>\n\n\n\n<p>4. E\u011fitim sonunda sertifika al\u0131nacak olmas\u0131,<\/p>\n\n\n\n<p>5. \u00c7al\u0131\u015ft\u0131klar\u0131 veya \u00e7al\u0131\u015facaklar\u0131 kurumlardan en az 2 \u00f6\u011fretim \u00fcyesi veya e\u011fitim g\u00f6revlisinden al\u0131nm\u0131\u015f referans yaz\u0131s\u0131 olmas\u0131,<\/p>\n\n\n\n<p>6. D\u00f6nd\u00fc\u011f\u00fcnde \u00e7al\u0131\u015faca\u011f\u0131 veya kabul edilece\u011fi bir \u00e7ocuk kalp merkezi olmas\u0131,<\/p>\n\n\n\n<p>7. Ya\u015f\u0131n\u0131n 45 alt\u0131nda olmas\u0131,<\/p>\n\n\n\n<p>8. Yabanc\u0131 dil ba\u015far\u0131 belgesinin (Do\u00e7entlik dil s\u0131nav\u0131nda kabul edilen 65 ve \u00fczeri de\u011fer) olmas\u0131,<\/p>\n\n\n\n<p>9. Yapm\u0131\u015f oldu\u011fu yay\u0131nlar\u0131n CV\u2019sine eklenmesi,<\/p>\n\n\n\n<p>10. Destek bursu Y\u00f6netim Kurulu veya olu\u015fturaca\u011f\u0131 komisyon taraf\u0131ndan belirlenecek ve maksimum 3 ay olacakt\u0131r.<\/p>\n\n\n\n<p>11. Destek bursu, \u00fcyemizin e\u011fitim kurumunda ba\u015flad\u0131\u011f\u0131 tarihi belirten yaz\u0131n\u0131n derne\u011fimize ula\u015fmas\u0131ndan sonra her ay\u0131n sonunda hesab\u0131na yat\u0131r\u0131lacakt\u0131r.<br>&nbsp;<\/p>","protected":false},"excerpt":{"rendered":"<p>Y\u00f6netim Kurulumuzun karar\u0131 do\u011frultusunda yurt d\u0131\u015f\u0131 e\u011fitim burslar\u0131 \u00fclkemizde \u00c7ocuk Kardiyolojisinin ve \u00c7ocuk Kalp Cerrahisinin kurucular\u0131 olan her zaman sayg\u0131 ve minnetle and\u0131\u011f\u0131m\u0131z \u00e7ok de\u011ferli hocalar\u0131m\u0131z&nbsp;Prof. Dr. AL\u0130 ERTU\u011eRUL&nbsp;ve&nbsp;Prof. Dr. AYDIN AYTA\u00c7&nbsp;ad\u0131na verilecektir. Yurt d\u0131\u015f\u0131 burslar\u0131n\u0131n y\u0131ll\u0131k 4 ki\u015fi olarak planlanmas\u0131na, deste\u011fin en fazla 3 ay s\u00fcre ile ve ayl\u0131k 1.250 Euro \u015feklinde olmas\u0131na, de\u011fi\u015fik &#8230; <a title=\"Yurt D\u0131\u015f\u0131 E\u011fitim Bursu\" class=\"read-more\" href=\"https:\/\/turkpedkar.org.tr\/en\/yurt-disi-egitim-bursu\/\" aria-label=\"Read more about Yurt D\u0131\u015f\u0131 E\u011fitim Bursu\">Read more<\/a><\/p>","protected":false},"author":1,"featured_media":0,"parent":0,"menu_order":0,"comment_status":"closed","ping_status":"closed","template":"","meta":{"footnotes":""},"class_list":["post-149530","page","type-page","status-publish"],"_links":{"self":[{"href":"https:\/\/turkpedkar.org.tr\/en\/wp-json\/wp\/v2\/pages\/149530","targetHints":{"allow":["GET"]}}],"collection":[{"href":"https:\/\/turkpedkar.org.tr\/en\/wp-json\/wp\/v2\/pages"}],"about":[{"href":"https:\/\/turkpedkar.org.tr\/en\/wp-json\/wp\/v2\/types\/page"}],"author":[{"embeddable":true,"href":"https:\/\/turkpedkar.org.tr\/en\/wp-json\/wp\/v2\/users\/1"}],"replies":[{"embeddable":true,"href":"https:\/\/turkpedkar.org.tr\/en\/wp-json\/wp\/v2\/comments?post=149530"}],"version-history":[{"count":1,"href":"https:\/\/turkpedkar.org.tr\/en\/wp-json\/wp\/v2\/pages\/149530\/revisions"}],"predecessor-version":[{"id":150647,"href":"https:\/\/turkpedkar.org.tr\/en\/wp-json\/wp\/v2\/pages\/149530\/revisions\/150647"}],"wp:attachment":[{"href":"https:\/\/turkpedkar.org.tr\/en\/wp-json\/wp\/v2\/media?parent=149530"}],"curies":[{"name":"wp","href":"https:\/\/api.w.org\/{rel}","templated":true}]}}