{"id":149481,"date":"2025-04-28T11:28:08","date_gmt":"2025-04-28T08:28:08","guid":{"rendered":"https:\/\/turkpedkar.org.tr\/?page_id=149481"},"modified":"2025-07-31T16:31:43","modified_gmt":"2025-07-31T13:31:43","slug":"uyelik-bilgileri-guncelleme","status":"publish","type":"page","link":"https:\/\/turkpedkar.org.tr\/en\/uyelik-bilgileri-guncelleme\/","title":{"rendered":"\u00dcyelik Bilgileri G\u00fcncelleme"},"content":{"rendered":"<p>Say\u0131n \u00dcyemiz,<br><\/p>\n\n\n\n<p>\u00dcye say\u0131m\u0131z\u0131n g\u00fcn ge\u00e7tik\u00e7e artmas\u0131 ve \u00fcyelerimizin dernek etkinliklerinden yararlan\u0131rken, g\u00f6revlendirmeler yap\u0131l\u0131rken bir sorun ya\u015famamalar\u0131 i\u00e7in bilgilerinin g\u00fcncel olmas\u0131 \u00f6nem ta\u015f\u0131maktad\u0131r.<\/p>\n\n\n\n<p>Kurum de\u011fi\u015fikliklerinde yeni \u00e7al\u0131\u015fma yerinin bildirilmesi,&nbsp;Uzman olan yan dal asistanlar\u0131n\u0131n uzmanl\u0131k tarihlerini bildirmeleri,&nbsp;unvan de\u011fi\u015fikliklerinin bildirilmesi,&nbsp;yap\u0131lacak ba\u015fvurularda bilgilerin dernek bilgi sistemi ile ayn\u0131 olmas\u0131 sonucunu sa\u011flayacak ve ma\u011fduriyet \u00f6nlenecektir.&nbsp;<\/p>\n\n\n\n<p>Dernek t\u00fcz\u00fc\u011f\u00fcm\u00fcz gere\u011fi yan dal asistanlar\u0131 \u00e7al\u0131\u015fma gruplar\u0131na \u00fcye olamamakta ve yan dal uzman\u0131 hekimlerimiz de en fazla 3 \u00c7al\u0131\u015fma Grubuna \u00fcye olabilmektedir. Yeni uzman olan \u00fcyelerimizin \u00e7al\u0131\u015fma grubu \u00fcyelik ba\u015fvurular\u0131n\u0131 yaparken bilgi g\u00fcncellemelerini yapmalar\u0131, \u00f6zellikle yan dal uzmanl\u0131k tarihini belirtmeleri \u00f6nemlidir.<\/p>\n\n\n\n<p>T\u00fcm \u00fcyelerimizin bilgilerini ve \u00e7al\u0131\u015fma gruplar\u0131n\u0131 da g\u00fcncelleyebilmeleri i\u00e7in a\u015fa\u011f\u0131da yer alan form haz\u0131rlanm\u0131\u015ft\u0131r. Her de\u011fi\u015fiklikte doldurularak dernek adresimize\u00a0<a href=\"mailto:turkpedkar@gmail.com\" target=\"_blank\" rel=\"noreferrer noopener\">turkpedkar@gmail.com<\/a>\u00a0g\u00f6nderilmesini rica ederiz.<\/p>\n\n\n\n<p>Dernek ile olan t\u00fcm i\u015flemlerinizde \u00dcye No uygulamas\u0131 ile \u00fcye bilgi g\u00fcncelleme ve aidat \u00f6deme konusunda da ya\u015fanmas\u0131 olas\u0131 s\u0131k\u0131nt\u0131lar ortadan kalkacakt\u0131r. Sayg\u0131lar\u0131m\u0131zla,<br><br>Prof. Dr. Osman BA\u015ePINAR<br>Y\u00f6netim Kurulu Ba\u015fkan\u0131<br><br>Prof. Dr. Atakan ATALAY<br>General Secretary<\/p>\n\n\n\n<p><a href=\"https:\/\/turkpedkar.org.tr\/wp-content\/uploads\/2025\/04\/UYE_BILGI_GUNCELLEME_FORMU-1.docx\"><strong>\u00dcYE B\u0130LG\u0130 G\u00dcNCELLEME FORMU<strong><\/a><\/p>","protected":false},"excerpt":{"rendered":"<p>Say\u0131n \u00dcyemiz, \u00dcye say\u0131m\u0131z\u0131n g\u00fcn ge\u00e7tik\u00e7e artmas\u0131 ve \u00fcyelerimizin dernek etkinliklerinden yararlan\u0131rken, g\u00f6revlendirmeler yap\u0131l\u0131rken bir sorun ya\u015famamalar\u0131 i\u00e7in bilgilerinin g\u00fcncel olmas\u0131 \u00f6nem ta\u015f\u0131maktad\u0131r. Kurum de\u011fi\u015fikliklerinde yeni \u00e7al\u0131\u015fma yerinin bildirilmesi,&nbsp;Uzman olan yan dal asistanlar\u0131n\u0131n uzmanl\u0131k tarihlerini bildirmeleri,&nbsp;unvan de\u011fi\u015fikliklerinin bildirilmesi,&nbsp;yap\u0131lacak ba\u015fvurularda bilgilerin dernek bilgi sistemi ile ayn\u0131 olmas\u0131 sonucunu sa\u011flayacak ve ma\u011fduriyet \u00f6nlenecektir.&nbsp; Dernek t\u00fcz\u00fc\u011f\u00fcm\u00fcz gere\u011fi yan &#8230; <a title=\"\u00dcyelik Bilgileri G\u00fcncelleme\" class=\"read-more\" href=\"https:\/\/turkpedkar.org.tr\/en\/uyelik-bilgileri-guncelleme\/\" aria-label=\"Read more about \u00dcyelik Bilgileri G\u00fcncelleme\">Read more<\/a><\/p>","protected":false},"author":1,"featured_media":0,"parent":0,"menu_order":0,"comment_status":"closed","ping_status":"closed","template":"","meta":{"footnotes":""},"class_list":["post-149481","page","type-page","status-publish"],"_links":{"self":[{"href":"https:\/\/turkpedkar.org.tr\/en\/wp-json\/wp\/v2\/pages\/149481","targetHints":{"allow":["GET"]}}],"collection":[{"href":"https:\/\/turkpedkar.org.tr\/en\/wp-json\/wp\/v2\/pages"}],"about":[{"href":"https:\/\/turkpedkar.org.tr\/en\/wp-json\/wp\/v2\/types\/page"}],"author":[{"embeddable":true,"href":"https:\/\/turkpedkar.org.tr\/en\/wp-json\/wp\/v2\/users\/1"}],"replies":[{"embeddable":true,"href":"https:\/\/turkpedkar.org.tr\/en\/wp-json\/wp\/v2\/comments?post=149481"}],"version-history":[{"count":1,"href":"https:\/\/turkpedkar.org.tr\/en\/wp-json\/wp\/v2\/pages\/149481\/revisions"}],"predecessor-version":[{"id":150636,"href":"https:\/\/turkpedkar.org.tr\/en\/wp-json\/wp\/v2\/pages\/149481\/revisions\/150636"}],"wp:attachment":[{"href":"https:\/\/turkpedkar.org.tr\/en\/wp-json\/wp\/v2\/media?parent=149481"}],"curies":[{"name":"wp","href":"https:\/\/api.w.org\/{rel}","templated":true}]}}