{"id":149202,"date":"2025-02-19T11:15:22","date_gmt":"2025-02-19T08:15:22","guid":{"rendered":"https:\/\/turkpedkar.org.tr\/?page_id=149202"},"modified":"2025-07-31T16:29:16","modified_gmt":"2025-07-31T13:29:16","slug":"genc-akademi-bulten","status":"publish","type":"page","link":"https:\/\/turkpedkar.org.tr\/en\/genc-akademi-bulten\/","title":{"rendered":"GEN\u00c7 AKADEM\u0130 B\u00dcLTEN"},"content":{"rendered":"<p>De\u011ferli Meslekta\u015flar\u0131m\u0131z,<\/p>\n<p>T\u00fcrkPedKar Gen\u00e7 Akademi olarak haz\u0131rlad\u0131\u011f\u0131m\u0131z Gen\u00e7 Akademi B\u00fclten\u2019in ilk say\u0131s\u0131n\u0131 sizlere sunmaktan b\u00fcy\u00fck mutluluk duyuyoruz. Meslek hayat\u0131m\u0131za faydal\u0131 olaca\u011f\u0131n\u0131 d\u00fc\u015f\u00fcnerek g\u00fcncel literat\u00fcrden se\u00e7ti\u011fimiz makalelerin &#8220;yorumlanm\u0131\u015f \u00f6zetlerini&#8221; sundu\u011fumuz ilk b\u00fcltenimizi keyifle okuman\u0131z ve yararl\u0131 olmas\u0131 dile\u011fiyle b\u00fcltende eme\u011fi ge\u00e7en meslekta\u015flar\u0131m\u0131za te\u015fekk\u00fcr ederiz. <\/p>\n<p>T\u00fcrkPedKar Gen\u00e7 Akademi Y\u00fcr\u00fctme Kurulu Ad\u0131na<\/p>\n<p>Dr. Ozan HAKVERD\u0130<br \/>\nDr. Bilgehan Bet\u00fcl B\u0130\u00c7ER<\/p>\n<table class=\"kongre-table\">\n<tbody>\n<tr>\n<th>Say\u0131<\/th>\n<th align=\"left\" width=\"400\">B\u00fclten<\/th>\n<\/tr>\n<tr>\n<td align=\"center\">1<\/td>\n<td width=\"400\"><a href=\"https:\/\/turkpedkar.org.tr\/en\/genc-akademi-nisan-2025\/\">Nisan 2025<br \/>\n<\/a><\/td>\n<\/tr>\n<tr>\n<td align=\"center\">2<\/td>\n<td width=\"400\"><a href=\"https:\/\/turkpedkar.org.tr\/en\/genc-akademi-haziran-2025\/\">Haziran 2025<br \/>\n<\/a><\/td>\n<\/tr>\n<tr><\/tr>\n<\/tbody>\n<\/table>","protected":false},"excerpt":{"rendered":"<p>De\u011ferli Meslekta\u015flar\u0131m\u0131z, T\u00fcrkPedKar Gen\u00e7 Akademi olarak haz\u0131rlad\u0131\u011f\u0131m\u0131z Gen\u00e7 Akademi B\u00fclten\u2019in ilk say\u0131s\u0131n\u0131 sizlere sunmaktan b\u00fcy\u00fck mutluluk duyuyoruz. Meslek hayat\u0131m\u0131za faydal\u0131 olaca\u011f\u0131n\u0131 d\u00fc\u015f\u00fcnerek g\u00fcncel literat\u00fcrden se\u00e7ti\u011fimiz makalelerin &#8220;yorumlanm\u0131\u015f \u00f6zetlerini&#8221; sundu\u011fumuz ilk b\u00fcltenimizi keyifle okuman\u0131z ve yararl\u0131 olmas\u0131 dile\u011fiyle b\u00fcltende eme\u011fi ge\u00e7en meslekta\u015flar\u0131m\u0131za te\u015fekk\u00fcr ederiz. T\u00fcrkPedKar Gen\u00e7 Akademi Y\u00fcr\u00fctme Kurulu Ad\u0131na Dr. Ozan HAKVERD\u0130 Dr. Bilgehan Bet\u00fcl &#8230; <a title=\"GEN\u00c7 AKADEM\u0130 B\u00dcLTEN\" class=\"read-more\" href=\"https:\/\/turkpedkar.org.tr\/en\/genc-akademi-bulten\/\" aria-label=\"Read more about GEN\u00c7 AKADEM\u0130 B\u00dcLTEN\">Read more<\/a><\/p>","protected":false},"author":1,"featured_media":0,"parent":0,"menu_order":0,"comment_status":"closed","ping_status":"closed","template":"","meta":{"footnotes":""},"class_list":["post-149202","page","type-page","status-publish"],"_links":{"self":[{"href":"https:\/\/turkpedkar.org.tr\/en\/wp-json\/wp\/v2\/pages\/149202","targetHints":{"allow":["GET"]}}],"collection":[{"href":"https:\/\/turkpedkar.org.tr\/en\/wp-json\/wp\/v2\/pages"}],"about":[{"href":"https:\/\/turkpedkar.org.tr\/en\/wp-json\/wp\/v2\/types\/page"}],"author":[{"embeddable":true,"href":"https:\/\/turkpedkar.org.tr\/en\/wp-json\/wp\/v2\/users\/1"}],"replies":[{"embeddable":true,"href":"https:\/\/turkpedkar.org.tr\/en\/wp-json\/wp\/v2\/comments?post=149202"}],"version-history":[{"count":2,"href":"https:\/\/turkpedkar.org.tr\/en\/wp-json\/wp\/v2\/pages\/149202\/revisions"}],"predecessor-version":[{"id":149700,"href":"https:\/\/turkpedkar.org.tr\/en\/wp-json\/wp\/v2\/pages\/149202\/revisions\/149700"}],"wp:attachment":[{"href":"https:\/\/turkpedkar.org.tr\/en\/wp-json\/wp\/v2\/media?parent=149202"}],"curies":[{"name":"wp","href":"https:\/\/api.w.org\/{rel}","templated":true}]}}