{"id":146322,"date":"2023-03-27T17:15:30","date_gmt":"2023-03-27T14:15:30","guid":{"rendered":"https:\/\/turkpedkar.org.tr\/?page_id=146322"},"modified":"2025-09-22T17:27:21","modified_gmt":"2025-09-22T14:27:21","slug":"olgular","status":"publish","type":"page","link":"https:\/\/turkpedkar.org.tr\/en\/3d-pdf-kalp-atlasi\/olgular\/","title":{"rendered":"Cases"},"content":{"rendered":"<div class=\"wp-block-group\"><div class=\"wp-block-group__inner-container is-layout-constrained wp-block-group-is-layout-constrained\">\n<a class=\"gb-text gb-text-0de0ce2d\" href=\"https:\/\/turkpedkar.org.tr\/en\/3d-pdf-kalp-atlasi\/\">Home<\/a>\n\n\n\n<a class=\"gb-text gb-text-f3cde277\" href=\"https:\/\/turkpedkar.org.tr\/en\/3d-pdf-kalp-atlasi\/proje-katilimcilari\/\">Participants<\/a>\n\n\n\n<a class=\"gb-text gb-text-5a4d1b4f\" href=\"https:\/\/turkpedkar.org.tr\/en\/3d-pdf-kalp-atlasi\/3d-pdf-nasil-kullanilir\/\">How To Use 3D PDF<\/a>\n\n\n\n<a class=\"gb-text gb-text-d57dffb0\" href=\"https:\/\/turkpedkar.org.tr\/en\/3d-pdf-kalp-atlasi\/olgular\/\">Cases<\/a>\n<\/div><\/div>\n\n\n\n<figure class=\"wp-block-table\"><table class=\"has-fixed-layout\"><tbody><tr><td><strong>Case 1:<\/strong><\/td><td><strong>Case 2:<\/strong><\/td><\/tr><tr><td>Partial Pulmonary Venous Return Anomaly<\/td><td>Truncus arteriosus<\/td><\/tr><tr><td><a href=\"https:\/\/turkpedkar.org.tr\/wp-content\/uploads\/2023\/04\/Olgu1_segmente.pdf\">Segmented<\/a>&nbsp;&nbsp;&nbsp;<a href=\"https:\/\/turkpedkar.org.tr\/wp-content\/uploads\/2023\/04\/Olgu1_intrakardiyak.pdf\">Inrtracardiac<\/a><\/td><td><a href=\"https:\/\/turkpedkar.org.tr\/wp-content\/uploads\/2023\/04\/Olgu2_segmente.pdf\">Segmented<\/a>&nbsp;&nbsp;&nbsp;<a href=\"https:\/\/turkpedkar.org.tr\/wp-content\/uploads\/2023\/04\/Olgu2_intrakardiyak.pdf\">Inrtracardiac<\/a><\/td><\/tr><tr><td><strong>Case 3:<\/strong><\/td><td><strong>Case 4:<\/strong><\/td><\/tr><tr><td>Interrupted aortic arch, VA Discordance,<br>PA-ductus-descending aorta continuity<\/td><td>Pulmonary vein pathology<\/td><\/tr><tr><td><a href=\"https:\/\/turkpedkar.org.tr\/wp-content\/uploads\/2023\/04\/Olgu3_segmente.pdf\">Segmented<\/a><\/td><td><a href=\"https:\/\/turkpedkar.org.tr\/wp-content\/uploads\/2023\/04\/Olgu4_segmente.pdf\">Segmented<\/a>&nbsp;&nbsp;&nbsp;<a href=\"https:\/\/turkpedkar.org.tr\/wp-content\/uploads\/2023\/04\/Olgu4_intrakardiyak.pdf\">Inrtracardiac<\/a><\/td><\/tr><tr><td><strong>Case 5:<\/strong><\/td><td><strong>Case 6:<\/strong><\/td><\/tr><tr><td>Operated Tetralogy of Fallot, Peripheral Pulmonary<br>stenosis<\/td><td>\u00c7ift \u00c7\u0131k\u0131\u015fl\u0131 RV, Sol ventrik\u00fcl hipoplazisi, Total<br>pulmoner ven\u00f6z d\u00f6n\u00fc\u015f anomalisi<br>(infrakardiyak, obstr\u00fcktif), D-malpoze b\u00fcy\u00fck<br>damar ili\u015fkisi<\/td><\/tr><tr><td><a href=\"https:\/\/turkpedkar.org.tr\/wp-content\/uploads\/2023\/04\/Olgu5_segmente.pdf\">Segmented<\/a>&nbsp;&nbsp;&nbsp;<a href=\"https:\/\/turkpedkar.org.tr\/wp-content\/uploads\/2023\/04\/Olgu5_intrakardiyak.pdf\">Inrtracardiac<\/a><\/td><td><a href=\"https:\/\/turkpedkar.org.tr\/wp-content\/uploads\/2023\/04\/Olgu6_segmente.pdf\">Segmented<\/a>&nbsp;&nbsp;&nbsp;<a href=\"https:\/\/turkpedkar.org.tr\/wp-content\/uploads\/2023\/04\/Olgu6_intrakardiyak.pdf\">Inrtracardiac<\/a><\/td><\/tr><tr><td><strong>Case 7:<\/strong><\/td><td><strong>Case 8:<\/strong><\/td><\/tr><tr><td>Arkus aorta patolojisi, aberran sol subklavian<br>arter<\/td><td>Pulmonary veins opening into the coronary sinus<\/td><\/tr><tr><td><a href=\"https:\/\/turkpedkar.org.tr\/wp-content\/uploads\/2023\/04\/Olgu7_segmente.pdf\">Segmented<\/a>&nbsp;&nbsp;&nbsp;<a href=\"https:\/\/turkpedkar.org.tr\/wp-content\/uploads\/2023\/04\/Olgu7_intrakardiyak.pdf\">Inrtracardiac<\/a><\/td><td><a href=\"https:\/\/turkpedkar.org.tr\/wp-content\/uploads\/2023\/04\/Olgu8_segmente.pdf\">Segmented<\/a>&nbsp;&nbsp;&nbsp;<a href=\"https:\/\/turkpedkar.org.tr\/wp-content\/uploads\/2023\/04\/Olgu8_intrakardiyak.pdf\">Inrtracardiac<\/a><\/td><\/tr><tr><td><strong>Case 9:<\/strong><\/td><td><strong>Case 10:<\/strong><\/td><\/tr><tr><td>Left persistent VCS, Absence of right VCS<\/td><td>Absence of right PA<\/td><\/tr><tr><td><a href=\"https:\/\/turkpedkar.org.tr\/wp-content\/uploads\/2023\/04\/Olgu9_segmente.pdf\">Segmented<\/a><\/td><td><a href=\"https:\/\/turkpedkar.org.tr\/wp-content\/uploads\/2023\/04\/Olgu10_segmente.pdf\">Segmented<\/a>&nbsp;&nbsp;&nbsp;<a href=\"https:\/\/turkpedkar.org.tr\/wp-content\/uploads\/2023\/04\/Olgu10_intrakardiyak.pdf\">Inrtracardiac<\/a><\/td><\/tr><tr><td><strong>Case 11:<\/strong><\/td><td><strong>Case 12:<\/strong><\/td><\/tr><tr><td>\u00c7ift Vena Kava Superior, \u00c7ift \u00c7\u0131k\u0131ml\u0131 RV,<br>Dekstrokardi<\/td><td>Sol atriyal izomerizm, Geni\u015f ASD (Tek<br>atrium), \u00c7ift \u00c7\u0131k\u0131\u015fl\u0131 RV, Ayna hayali b\u00fcy\u00fck<br>damar ili\u015fkisi, Sa\u011f arkus aorta, Sol vena kava superiyor, geni\u015f duktus<\/td><\/tr><tr><td><a href=\"https:\/\/turkpedkar.org.tr\/wp-content\/uploads\/2023\/04\/Olgu11_segmente.pdf\">Segmented<\/a>&nbsp;&nbsp;&nbsp;<a href=\"https:\/\/turkpedkar.org.tr\/wp-content\/uploads\/2023\/04\/Olgu11_intrakardiyak.pdf\">Inrtracardiac<\/a><\/td><td><a href=\"https:\/\/turkpedkar.org.tr\/wp-content\/uploads\/2023\/04\/Olgu12_segmente.pdf\">Segmented<\/a>&nbsp;&nbsp;&nbsp;<a href=\"https:\/\/turkpedkar.org.tr\/wp-content\/uploads\/2023\/04\/Olgu12_intrakardiyak.pdf\">Inrtracardiac<\/a><\/td><\/tr><tr><td><strong>Case 13:<\/strong><\/td><td><strong>Case 14:<\/strong><\/td><\/tr><tr><td>Double aortic arch<\/td><td>Pulmonary veins opening into the coronary sinus<\/td><\/tr><tr><td><a href=\"https:\/\/turkpedkar.org.tr\/wp-content\/uploads\/2023\/04\/Olgu13_segmente.pdf\">Segmented<\/a>&nbsp;&nbsp;&nbsp;<a href=\"https:\/\/turkpedkar.org.tr\/wp-content\/uploads\/2023\/04\/Olgu13_intrakardiyak.pdf\">Inrtracardiac<\/a><\/td><td><a href=\"https:\/\/turkpedkar.org.tr\/wp-content\/uploads\/2023\/04\/Olgu14_segmente.pdf\">Segmented<\/a>&nbsp;&nbsp;&nbsp;<a href=\"https:\/\/turkpedkar.org.tr\/wp-content\/uploads\/2023\/04\/Olgu14_intrakardiyak.pdf\">Inrtracardiac<\/a><\/td><\/tr><tr><td><strong>Case 15:<\/strong><\/td><td><strong>Case 16:<\/strong><\/td><\/tr><tr><td>Sa\u011f VKS yoklu\u011fu, Hemiazigos devaml\u0131l\u0131\u011f\u0131<br>g\u00f6steren sol VKS<\/td><td>Right upper pulmonary vein opening to the VKS<\/td><\/tr><tr><td><a href=\"https:\/\/turkpedkar.org.tr\/wp-content\/uploads\/2023\/04\/Olgu15_segmente.pdf\">Segmented<\/a>&nbsp;&nbsp;&nbsp;<\/td><td><a href=\"https:\/\/turkpedkar.org.tr\/wp-content\/uploads\/2023\/04\/Olgu16_segmente.pdf\">Segmented<\/a><\/td><\/tr><tr><td><strong>Case 17:<\/strong><\/td><td><strong>Case 18:<\/strong><\/td><\/tr><tr><td>Inominate vene a\u00e7\u0131lan parsiyel pulmoner<br>ven\u00f6z d\u00f6n\u00fc\u015f<\/td><td>H tipi ba\u011flant\u0131l\u0131 sol persistan VKS, Aort<br>koarktasyonu<\/td><\/tr><tr><td><a href=\"https:\/\/turkpedkar.org.tr\/wp-content\/uploads\/2023\/04\/Olgu17_segmente.pdf\">Segmented<\/a><\/td><td><a href=\"https:\/\/turkpedkar.org.tr\/wp-content\/uploads\/2023\/04\/Olgu18_segmente.pdf\">Segmented<\/a><\/td><\/tr><tr><td><strong>Case 19:<\/strong><\/td><td><strong>Case 20:<\/strong><\/td><\/tr><tr><td>Sa\u011f PA yoklu\u011fu, Azygos devaml\u0131l\u0131\u011f\u0131, min\u00f6r<br>aortik ark patolojisi<\/td><td>Hipoplastik ark, Fetal tip duktus, bilateral<br>pulmoner hipoplazi, dilate RA<\/td><\/tr><tr><td><a href=\"https:\/\/turkpedkar.org.tr\/wp-content\/uploads\/2023\/04\/Olgu19_segmente.pdf\">Segmented<\/a><\/td><td><a href=\"https:\/\/turkpedkar.org.tr\/wp-content\/uploads\/2023\/04\/Olgu20_segmente.pdf\">Segmented<\/a><\/td><\/tr><tr><td><strong>Case 21:<\/strong><\/td><td>&nbsp;<\/td><\/tr><tr><td>Aort koarktasyonu, dilate \u00e7\u0131kan aorta,<br>kollateraller, dilate mammarial arterler<\/td><td>&nbsp;<\/td><\/tr><tr><td><a href=\"https:\/\/turkpedkar.org.tr\/wp-content\/uploads\/2023\/04\/Olgu21_segmente.pdf\">Segmented<\/a><\/td><td>&nbsp;<\/td><\/tr><\/tbody><\/table><\/figure>\n\n\n\n<p>&nbsp;<\/p>","protected":false},"excerpt":{"rendered":"<p>Ana Sayfa Proje Kat\u0131l\u0131mc\u0131lar\u0131 3D PDF Nas\u0131l Kullan\u0131l\u0131r Olgular Olgu 1: Olgu 2: Parsiyel pulmoner ven\u00f6z d\u00f6n\u00fc\u015f anomalisi Trunkus arteriozus Segmente&nbsp;&nbsp;&nbsp;\u0130ntrakardiyak Segmente&nbsp;&nbsp;&nbsp;\u0130ntrakardiyak Olgu 3: Olgu 4: Kesintili arkus aorta, VA Diskordans,PA-duktus-inen aorta devaml\u0131l\u0131\u011f\u0131 Pulmoner ven patolojisi Segmente Segmente&nbsp;&nbsp;&nbsp;\u0130ntrakardiyak Olgu 5: Olgu 6: Opere Fallot Tetralojisi, Periferik PulmonerStenoz \u00c7ift \u00c7\u0131k\u0131\u015fl\u0131 RV, Sol ventrik\u00fcl hipoplazisi, Totalpulmoner ven\u00f6z &#8230; <a title=\"Cases\" class=\"read-more\" href=\"https:\/\/turkpedkar.org.tr\/en\/3d-pdf-kalp-atlasi\/olgular\/\" aria-label=\"Read more about Olgular\">Read more<\/a><\/p>","protected":false},"author":1,"featured_media":0,"parent":146258,"menu_order":0,"comment_status":"closed","ping_status":"closed","template":"","meta":{"footnotes":""},"class_list":["post-146322","page","type-page","status-publish"],"_links":{"self":[{"href":"https:\/\/turkpedkar.org.tr\/en\/wp-json\/wp\/v2\/pages\/146322","targetHints":{"allow":["GET"]}}],"collection":[{"href":"https:\/\/turkpedkar.org.tr\/en\/wp-json\/wp\/v2\/pages"}],"about":[{"href":"https:\/\/turkpedkar.org.tr\/en\/wp-json\/wp\/v2\/types\/page"}],"author":[{"embeddable":true,"href":"https:\/\/turkpedkar.org.tr\/en\/wp-json\/wp\/v2\/users\/1"}],"replies":[{"embeddable":true,"href":"https:\/\/turkpedkar.org.tr\/en\/wp-json\/wp\/v2\/comments?post=146322"}],"version-history":[{"count":3,"href":"https:\/\/turkpedkar.org.tr\/en\/wp-json\/wp\/v2\/pages\/146322\/revisions"}],"predecessor-version":[{"id":151793,"href":"https:\/\/turkpedkar.org.tr\/en\/wp-json\/wp\/v2\/pages\/146322\/revisions\/151793"}],"up":[{"embeddable":true,"href":"https:\/\/turkpedkar.org.tr\/en\/wp-json\/wp\/v2\/pages\/146258"}],"wp:attachment":[{"href":"https:\/\/turkpedkar.org.tr\/en\/wp-json\/wp\/v2\/media?parent=146322"}],"curies":[{"name":"wp","href":"https:\/\/api.w.org\/{rel}","templated":true}]}}