{"id":146303,"date":"2023-03-27T16:14:28","date_gmt":"2023-03-27T13:14:28","guid":{"rendered":"https:\/\/turkpedkar.org.tr\/?page_id=146303"},"modified":"2025-09-25T16:26:33","modified_gmt":"2025-09-25T13:26:33","slug":"3d-pdf-nasil-kullanilir","status":"publish","type":"page","link":"https:\/\/turkpedkar.org.tr\/en\/3d-pdf-kalp-atlasi\/3d-pdf-nasil-kullanilir\/","title":{"rendered":"How To Use 3D PDF"},"content":{"rendered":"<div class=\"wp-block-group\"><div class=\"wp-block-group__inner-container is-layout-constrained wp-block-group-is-layout-constrained\">\n<a class=\"gb-text gb-text-0de0ce2d\" href=\"https:\/\/turkpedkar.org.tr\/en\/3d-pdf-kalp-atlasi\/\">Home<\/a>\n\n\n\n<a class=\"gb-text gb-text-f3cde277\" href=\"https:\/\/turkpedkar.org.tr\/en\/3d-pdf-kalp-atlasi\/proje-katilimcilari\/\">Participants<\/a>\n\n\n\n<a class=\"gb-text gb-text-5a4d1b4f\" href=\"https:\/\/turkpedkar.org.tr\/en\/3d-pdf-kalp-atlasi\/3d-pdf-nasil-kullanilir\/\">How To Use 3D PDF<\/a>\n\n\n\n<a class=\"gb-text gb-text-d57dffb0\" href=\"https:\/\/turkpedkar.org.tr\/en\/3d-pdf-kalp-atlasi\/olgular\/\">Cases<\/a>\n<\/div><\/div>\n\n\n\n<p>Using 3D PDF requires no special training. You can open 3D PDF files and start using them with the Adobe Acrobat Reader application on your computer on which you can download for free.<br>There are only a few small reminders before use. The most important reminder is that these PDF files must be opened using <a href=\"https:\/\/get.adobe.com\/tr\/reader\/?promoid=TTGWL47M\">Adobe Acrobat Reader<\/a> and not via a browser. To do so, right-click on the PDF file, and select \u201cOpen With\u201d, then proceed to select <a href=\"https:\/\/get.adobe.com\/tr\/reader\/?promoid=TTGWL47M\">Adobe Acrobat Reader<\/a> .<br>Another crucial point is to continue by confirming the security warning which appears after your PDF file is opened using <a href=\"https:\/\/get.adobe.com\/tr\/reader\/?promoid=TTGWL47M\">Adobe Acrobat Reader<\/a> .<br>Before using the 3D PDF file, we recommend you to watch this <a href=\"https:\/\/www.youtube.com\/watch?v=ac6OQu2nR7k\">video<\/a> .<\/p>","protected":false},"excerpt":{"rendered":"<p>Ana Sayfa Proje Kat\u0131l\u0131mc\u0131lar\u0131 3D PDF Nas\u0131l Kullan\u0131l\u0131r Olgular 3D PDF kullan\u0131m\u0131 i\u00e7in \u00f6zel bir e\u011fitime gerek yoktur. Bilgisayar\u0131n\u0131zda bulunan ya da \u00fccretsiz olarak indirebilece\u011finiz Adobe Acrobat Reader program\u0131 ile 3D PDF dosyalar\u0131n\u0131 a\u00e7\u0131p kullanmaya ba\u015flayabilirsiniz.Kullan\u0131m i\u00e7in sadece birka\u00e7 k\u00fc\u00e7\u00fck hat\u0131rlatma gerekli. Bunlardan en \u00f6nemlisi PDF dosyalar\u0131n\u0131 taray\u0131c\u0131lar\u0131n\u0131z\u0131n i\u00e7erisinde de\u011fil mutlaka Adobe Acrobat Reader program\u0131 &#8230; <a title=\"How To Use 3D PDF\" class=\"read-more\" href=\"https:\/\/turkpedkar.org.tr\/en\/3d-pdf-kalp-atlasi\/3d-pdf-nasil-kullanilir\/\" aria-label=\"Read more about 3D PDF Nas\u0131l Kullan\u0131l\u0131r\">Read more<\/a><\/p>","protected":false},"author":1,"featured_media":0,"parent":146258,"menu_order":0,"comment_status":"closed","ping_status":"closed","template":"","meta":{"footnotes":""},"class_list":["post-146303","page","type-page","status-publish"],"_links":{"self":[{"href":"https:\/\/turkpedkar.org.tr\/en\/wp-json\/wp\/v2\/pages\/146303","targetHints":{"allow":["GET"]}}],"collection":[{"href":"https:\/\/turkpedkar.org.tr\/en\/wp-json\/wp\/v2\/pages"}],"about":[{"href":"https:\/\/turkpedkar.org.tr\/en\/wp-json\/wp\/v2\/types\/page"}],"author":[{"embeddable":true,"href":"https:\/\/turkpedkar.org.tr\/en\/wp-json\/wp\/v2\/users\/1"}],"replies":[{"embeddable":true,"href":"https:\/\/turkpedkar.org.tr\/en\/wp-json\/wp\/v2\/comments?post=146303"}],"version-history":[{"count":3,"href":"https:\/\/turkpedkar.org.tr\/en\/wp-json\/wp\/v2\/pages\/146303\/revisions"}],"predecessor-version":[{"id":151841,"href":"https:\/\/turkpedkar.org.tr\/en\/wp-json\/wp\/v2\/pages\/146303\/revisions\/151841"}],"up":[{"embeddable":true,"href":"https:\/\/turkpedkar.org.tr\/en\/wp-json\/wp\/v2\/pages\/146258"}],"wp:attachment":[{"href":"https:\/\/turkpedkar.org.tr\/en\/wp-json\/wp\/v2\/media?parent=146303"}],"curies":[{"name":"wp","href":"https:\/\/api.w.org\/{rel}","templated":true}]}}