{"id":146268,"date":"2023-03-27T14:25:24","date_gmt":"2023-03-27T11:25:24","guid":{"rendered":"https:\/\/turkpedkar.org.tr\/?page_id=146268"},"modified":"2025-09-25T16:22:50","modified_gmt":"2025-09-25T13:22:50","slug":"proje-katilimcilari","status":"publish","type":"page","link":"https:\/\/turkpedkar.org.tr\/en\/3d-pdf-kalp-atlasi\/proje-katilimcilari\/","title":{"rendered":"PROJE KATILIMCILARI"},"content":{"rendered":"<div class=\"wp-block-group\"><div class=\"wp-block-group__inner-container is-layout-constrained wp-block-group-is-layout-constrained\">\n<a class=\"gb-text gb-text-0de0ce2d\" href=\"https:\/\/turkpedkar.org.tr\/en\/3d-pdf-kalp-atlasi\/\">Home<\/a>\n\n\n\n<a class=\"gb-text gb-text-f3cde277\" href=\"https:\/\/turkpedkar.org.tr\/en\/3d-pdf-kalp-atlasi\/proje-katilimcilari\/\">Participants<\/a>\n\n\n\n<a class=\"gb-text gb-text-5a4d1b4f\" href=\"https:\/\/turkpedkar.org.tr\/en\/3d-pdf-kalp-atlasi\/3d-pdf-nasil-kullanilir\/\">How To Use 3D PDF<\/a>\n\n\n\n<a class=\"gb-text gb-text-d57dffb0\" href=\"https:\/\/turkpedkar.org.tr\/en\/3d-pdf-kalp-atlasi\/olgular\/\">Cases<\/a>\n<\/div><\/div>\n\n\n\n<figure class=\"wp-block-table\"><table class=\"has-fixed-layout\"><tbody><tr><td><strong>Project Managers<\/strong><\/td><td><strong>Contributors to the Project<\/strong><\/td><td><strong>Technical Team<\/strong><\/td><\/tr><tr><td>Dr. Timur ME\u015eE<\/td><td>Dr. Serdar KULA<\/td><td>3D Modelleme ve PDF<\/td><\/tr><tr><td>Dr. Sezen Ugan AT\u0130K<\/td><td>Dr. \u00d6znur Konu\u015f BOYUNA\u011eA<\/td><td>LHUSINERG Ekibi<\/td><\/tr><tr><td>Dr. Serdar KULA<\/td><td>Dr. G\u00fclten TA\u00c7OY<\/td><td>Murat \u00c7EV\u0130K<\/td><\/tr><tr><td>&nbsp;<\/td><td>Dr. Sezen Ugan AT\u0130K<\/td><td>Dr. Emre HUR\u0130<\/td><\/tr><tr><td>&nbsp;<\/td><td>Dr. Metehan KIZILKAYA<\/td><td>&nbsp;<\/td><\/tr><tr><td>&nbsp;<\/td><td>Dr. Ender \u00d6DEM\u0130\u015e<\/td><td><strong>Technical Consultant<\/strong><\/td><\/tr><tr><td>&nbsp;<\/td><td>Dr. Fatma SEV\u0130N\u00c7<\/td><td>Osman TUN\u00c7<\/td><\/tr><tr><td>&nbsp;<\/td><td>Dr. Merve YAZOL<\/td><td>&nbsp;<\/td><\/tr><tr><td>&nbsp;<\/td><td>Dr. \u0130smail AKDULUM<\/td><td>&nbsp;<\/td><\/tr><tr><td>&nbsp;<\/td><td>Dr. Bar\u0131\u015f G\u00dcVEN<\/td><td>&nbsp;<\/td><\/tr><tr><td>&nbsp;<\/td><td>MSc Ali Poshtkouh<\/td><td>&nbsp;<\/td><\/tr><\/tbody><\/table><\/figure>\n\n\n\n<p>&nbsp;<\/p>\n\n\n\n<p>&nbsp;<\/p>\n\n\n\n<p>This project is made possible with the unconditional support of <a href=\"https:\/\/www.janssen.com\/turkey\">Janssen<\/a>.<\/p>","protected":false},"excerpt":{"rendered":"<p>Ana Sayfa Proje Kat\u0131l\u0131mc\u0131lar\u0131 3D PDF Nas\u0131l Kullan\u0131l\u0131r Olgular Proje Y\u00f6neticileri Projeye Katk\u0131 Sa\u011flayanlar Teknik Ekip Dr. Timur ME\u015eE Dr. Serdar KULA 3D Modelleme ve PDF Dr. Sezen Ugan AT\u0130K Dr. \u00d6znur Konu\u015f BOYUNA\u011eA LHUSINERG Ekibi Dr. Serdar KULA Dr. G\u00fclten TA\u00c7OY Murat \u00c7EV\u0130K &nbsp; Dr. Sezen Ugan AT\u0130K Dr. Emre HUR\u0130 &nbsp; Dr. Metehan &#8230; <a title=\"PROJE KATILIMCILARI\" class=\"read-more\" href=\"https:\/\/turkpedkar.org.tr\/en\/3d-pdf-kalp-atlasi\/proje-katilimcilari\/\" aria-label=\"Read more about PROJE KATILIMCILARI\">Read more<\/a><\/p>","protected":false},"author":1,"featured_media":0,"parent":146258,"menu_order":0,"comment_status":"closed","ping_status":"closed","template":"","meta":{"footnotes":""},"class_list":["post-146268","page","type-page","status-publish"],"_links":{"self":[{"href":"https:\/\/turkpedkar.org.tr\/en\/wp-json\/wp\/v2\/pages\/146268","targetHints":{"allow":["GET"]}}],"collection":[{"href":"https:\/\/turkpedkar.org.tr\/en\/wp-json\/wp\/v2\/pages"}],"about":[{"href":"https:\/\/turkpedkar.org.tr\/en\/wp-json\/wp\/v2\/types\/page"}],"author":[{"embeddable":true,"href":"https:\/\/turkpedkar.org.tr\/en\/wp-json\/wp\/v2\/users\/1"}],"replies":[{"embeddable":true,"href":"https:\/\/turkpedkar.org.tr\/en\/wp-json\/wp\/v2\/comments?post=146268"}],"version-history":[{"count":3,"href":"https:\/\/turkpedkar.org.tr\/en\/wp-json\/wp\/v2\/pages\/146268\/revisions"}],"predecessor-version":[{"id":151839,"href":"https:\/\/turkpedkar.org.tr\/en\/wp-json\/wp\/v2\/pages\/146268\/revisions\/151839"}],"up":[{"embeddable":true,"href":"https:\/\/turkpedkar.org.tr\/en\/wp-json\/wp\/v2\/pages\/146258"}],"wp:attachment":[{"href":"https:\/\/turkpedkar.org.tr\/en\/wp-json\/wp\/v2\/media?parent=146268"}],"curies":[{"name":"wp","href":"https:\/\/api.w.org\/{rel}","templated":true}]}}