{"id":144,"date":"2013-10-07T17:01:51","date_gmt":"2013-10-07T14:01:51","guid":{"rendered":"http:\/\/test.bartekyazilim.com\/?page_id=144"},"modified":"2026-03-24T13:13:07","modified_gmt":"2026-03-24T10:13:07","slug":"yonetim-kurulu","status":"publish","type":"page","link":"https:\/\/turkpedkar.org.tr\/en\/yonetim-kurulu\/","title":{"rendered":"Board of Directors"},"content":{"rendered":"<p><strong>T\u00fcrk Pediatrik Kardiyoloji ve Kalp Cerrahisi Derne\u011fi&nbsp;2025 &#8211; 2027 D\u00f6nemi&nbsp;<\/strong><strong style=\"line-height: 18px;\">Y\u00f6netim Kurulumuz&nbsp;<\/strong><\/p>\n\n\n\n<figure class=\"wp-block-table\"><table class=\"has-fixed-layout\"><tbody><tr><td><strong>President<\/strong><\/td><td>Prof. Dr. Osman BA\u015ePINAR<\/td><\/tr><tr><td><strong>General Secretary<\/strong><\/td><td>Prof. Dr. Atakan ATALAY<\/td><\/tr><tr><td><strong>Treasurer<\/strong><\/td><td>Prof. Dr. Murat \u015eAH\u0130N<\/td><\/tr><tr><td><strong>Scientific Secretaries<\/strong><\/td><td>Prof. Dr. Oktay KORUN- Prof. Dr. \u0130lker Kemal Y\u00dcCEL<\/td><\/tr><tr><td><strong>Members<\/strong><\/td><td>Prof. Dr. Abdullah ERDEM<\/td><\/tr><tr><td><\/td><td>Prof. Dr. Ay\u015fe \u0130NC\u0130 YILDIRIM<\/td><\/tr><tr><td><\/td><td>Prof. Dr. Murat Muhtar YILMAZER<\/td><\/tr><tr><td><\/td><td>Do\u00e7. Dr. Nihat \u00c7\u0130NE<\/td><\/tr><\/tbody><\/table><\/figure>\n\n\n<p><!-- \/wp:post-content --><\/p>\n<p><!-- wp:paragraph {\"align\":\"left\"} --><\/p>\n<p class=\"has-text-align-left\">For previous boards, please\u00a0<a href=\"https:\/\/turkpedkar.org.tr\/wp-content\/uploads\/2025\/04\/tum-yonetim-kurullari.pdf\">click here.<\/a><\/p>\n<p><!-- \/wp:paragraph --><\/p>\n<p><!-- wp:paragraph --><\/p>\n<p><!-- \/wp:paragraph --><\/p>\n<p><!-- wp:paragraph --><\/p>\n<p><!-- \/wp:paragraph --><\/p>\n\n<!-- wp:paragraph -->\n<p><\/p>\n<!-- \/wp:paragraph -->","protected":false},"excerpt":{"rendered":"<p>T\u00fcrk Pediatrik Kardiyoloji ve Kalp Cerrahisi Derne\u011fi&nbsp;2025 &#8211; 2027 D\u00f6nemi&nbsp;Y\u00f6netim Kurulumuz&nbsp; Ba\u015fkan Prof. Dr. Osman BA\u015ePINAR Genel Sekreter Prof. Dr. Atakan ATALAY Sayman Prof. Dr. Murat \u015eAH\u0130N Bilimsel Sekreterler Prof. Dr. Oktay KORUN- Prof. Dr. \u0130lker Kemal Y\u00dcCEL \u00dcyeler Prof. Dr. Abdullah ERDEM Prof. Dr. Ay\u015fe \u0130NC\u0130 YILDIRIM Prof. Dr. Murat Muhtar YILMAZER Do\u00e7. Dr. &#8230; <a title=\"Board of Directors\" class=\"read-more\" href=\"https:\/\/turkpedkar.org.tr\/en\/yonetim-kurulu\/\" aria-label=\"Read more about Y\u00f6netim Kurulu\">Read more<\/a><\/p>","protected":false},"author":1,"featured_media":0,"parent":0,"menu_order":0,"comment_status":"closed","ping_status":"closed","template":"","meta":{"footnotes":""},"class_list":["post-144","page","type-page","status-publish"],"_links":{"self":[{"href":"https:\/\/turkpedkar.org.tr\/en\/wp-json\/wp\/v2\/pages\/144","targetHints":{"allow":["GET"]}}],"collection":[{"href":"https:\/\/turkpedkar.org.tr\/en\/wp-json\/wp\/v2\/pages"}],"about":[{"href":"https:\/\/turkpedkar.org.tr\/en\/wp-json\/wp\/v2\/types\/page"}],"author":[{"embeddable":true,"href":"https:\/\/turkpedkar.org.tr\/en\/wp-json\/wp\/v2\/users\/1"}],"replies":[{"embeddable":true,"href":"https:\/\/turkpedkar.org.tr\/en\/wp-json\/wp\/v2\/comments?post=144"}],"version-history":[{"count":4,"href":"https:\/\/turkpedkar.org.tr\/en\/wp-json\/wp\/v2\/pages\/144\/revisions"}],"predecessor-version":[{"id":153146,"href":"https:\/\/turkpedkar.org.tr\/en\/wp-json\/wp\/v2\/pages\/144\/revisions\/153146"}],"wp:attachment":[{"href":"https:\/\/turkpedkar.org.tr\/en\/wp-json\/wp\/v2\/media?parent=144"}],"curies":[{"name":"wp","href":"https:\/\/api.w.org\/{rel}","templated":true}]}}