{"id":143927,"date":"2020-10-05T15:32:10","date_gmt":"2020-10-05T12:32:10","guid":{"rendered":"https:\/\/turkpedkar.org.tr\/tr\/?page_id=143927"},"modified":"2026-01-22T17:42:49","modified_gmt":"2026-01-22T14:42:49","slug":"tarihce","status":"publish","type":"page","link":"https:\/\/turkpedkar.org.tr\/en\/hakkimizda\/tarihce\/","title":{"rendered":"History"},"content":{"rendered":"<p><strong>T\u00dcRK PED\u0130ATR\u0130K KARD\u0130YOLOJ\u0130 VE KALP CERRAH\u0130S\u0130 DERNE\u011e\u0130 TAR\u0130H\u00c7ES\u0130<\/strong><\/p>\n<p>\u00dclkemizde \u00c7ocuk Kardiyolojisi ayr\u0131 bir bilim dal\u0131 olarak resmi anlamda 1991 y\u0131l\u0131nda tescil edilmi\u015f, \u00c7ocuk Kalp ve Damar Cerrahisi ise 2011 y\u0131l\u0131ndan itibaren ba\u011f\u0131ms\u0131z bir bilim dal\u0131 olmu\u015f ve yan dal ihtisas\u0131 verilmeye ba\u015flanm\u0131\u015ft\u0131r.<\/p>\n<p>\u00c7ocuk Kardiyolojisi poliklinik ve ayr\u0131 disiplin olarak ilk kez Hacettepe \u00dcniversitesi T\u0131p Fak\u00fcltesinde Prof. Dr. Ali Ertu\u011frul (1958), \u0130stanbul \u00dcniversitesi Cerrahpa\u015fa T\u0131p Fak\u00fcltesi\u2019nde 1964 y\u0131l\u0131nda Prof. Dr. Teoman Onat taraf\u0131ndan ba\u015flat\u0131lm\u0131\u015ft\u0131r. \u0130stanbul \u00dcniversitesi \u0130stanbul T\u0131p Fak\u00fcltesinde Prof. Dr. Bahriye Tanman, Prof. Dr. Talat Cantez, Prof. Dr. T\u00fcrkan Ertu\u011frul; Ankara \u00dcniversitesinde Prof. Dr. Binnaz Ege ve Prof. Dr. Ayten \u0130mamo\u011flu, Ege \u00dcniversitesinde ise Prof. Dr. M\u00fcfit Arcasoy taraf\u0131ndan faaliyete ge\u00e7irilmi\u015ftir.<\/p>\n<p>Hacettepe \u00dcniversitesi \u00f6\u011fretim \u00fcyelerinin katk\u0131lar\u0131 ile 05.03.1980\u2019de Prof. Dr. Ali Ertu\u011frul, Prof. Dr. Y\u00fcksel Bozer, Prof. Dr. Ayd\u0131n Ayta\u00e7, Prof. Dr. Ne\u015fet Aytan, Prof. Dr. Ayd\u0131n Karamehmeto\u011flu, Prof. Dr. \u015eencan \u00d6zme, Prof. Dr. Muhsin Sara\u00e7lar, Prof. Dr. Tahsin Tuncal\u0131, Prof. Dr. \u015eevket U\u011furlu ve Prof. Dr. Arman Bilgi\u00e7 taraf\u0131ndan <strong>\u201cKardiyoloji Ara\u015ft\u0131rma Derne\u011fi\u201d<\/strong> kurulmu\u015ftur.<\/p>\n<p>08.12.1995 tarihinde Hacettepe \u00dcniversitesinden Prof. Dr. Arman Bilgi\u00e7, Prof. Dr. Muhsin Sara\u00e7lar, Prof. Dr. \u015eencan \u00d6zme, Prof. Dr. Yurdakul Yurdakul, Prof. Dr. S\u00fcheyla \u00d6zkutlu, Prof. Dr. Sema \u00d6zer ve Prof. Dr. Alpay \u00c7eliker kurucular kurulu olarak ba\u015fvurmu\u015flar ve <strong>\u201cPediatrik Kardiyoloji Derne\u011fi\u201d<\/strong> kurulmu\u015ftur. Prof. Dr. Yurdakul Yurdakul kurucular kurulunda tek cerrah olarak yer alm\u0131\u015ft\u0131r.<\/p>\n<p>Dernek isimlerinde T\u00fcrk ifadesinin kullan\u0131lmas\u0131 yasa gere\u011fi Bakanlar Kurulu izni ve karar\u0131 ile oldu\u011fundan yap\u0131lan ba\u015fvuru sonunda Bakanlar Kurulunun 10.9.1998 tarih ve 98\/11729 say\u0131l\u0131 karar\u0131 ile 2.11.1998 tarihinde dernek ismi <strong>\u201cT\u00fcrk Pediatrik Kardiyoloji Derne\u011fi\u201d<\/strong> olmu\u015ftur. 20.03.2010 tarihinde genel kurul karar\u0131 ile yap\u0131lan t\u00fcz\u00fck de\u011fi\u015fikli\u011finde dernek ismi <strong>\u201cT\u00fcrk Pediatrik Kardiyoloji ve Kalp Cerrahisi Derne\u011fi\u201d<\/strong> olarak de\u011fi\u015ftirilmi\u015ftir. 10.08.2012 tarihinde Ankara \u00c7ankaya\u2019da \u015fu an kullan\u0131lan Dernek Ofisi sat\u0131n al\u0131nm\u0131\u015ft\u0131r.<\/p>\n<p>Pediatrik kardiyolojinin ve kalp damar cerrahisinin kurulu\u015funda ve bizlerin yeti\u015ftirilmesinde b\u00fcy\u00fck emekleri ge\u00e7en, kaybetti\u011fimiz de\u011ferli hocalar\u0131m\u0131z\u0131 minnet, \u015f\u00fckran ve \u00f6zlemle an\u0131yor; sayg\u0131lar\u0131m\u0131z\u0131 sunuyoruz.<\/p>\n<p>Ulusal Kongre ilk kurulu\u015f y\u0131llar\u0131nda her sene yap\u0131lmam\u0131\u015f ancak ilerleyen y\u0131llar i\u00e7inde her y\u0131l yap\u0131lmaya devam etmektedir. 2020 y\u0131l\u0131nda Covit-19 pandemisi nedeniyle sanal ortamda online olarak yap\u0131lmak zorunda kal\u0131nm\u0131\u015ft\u0131r. Derne\u011fimiz \u00fclkemizde \u00c7ocuk Kardiyoloji ve \u00c7ocuk Kalp Cerrahisi gibi iki ayr\u0131 b\u00f6l\u00fcm\u00fc tek \u00e7at\u0131 alt\u0131nda birle\u015ftiren \u00fclkemizdeki tek dernektir. Her y\u0131l d\u00fczenlenen ulusal kongre, \u00e7ok say\u0131da ulusal ve b\u00f6lgesel toplant\u0131 ve 10 adet \u00e7al\u0131\u015fma grubu ile y\u00fcksek bilimsel ve sosyal faaliyetlerine devam etmektedir. \u00c7al\u0131\u015fma gruplar\u0131 cerrahi, giri\u015fimsel kardiyoloji, aritmi, kalp g\u00f6r\u00fcnt\u00fclenmesi, edinsel kalp hastal\u0131klar\u0131, eri\u015fkin ya\u015fta do\u011fumsal kalp hastal\u0131klar\u0131, fetal, kardiyak yo\u011fun bak\u0131m, pulmoner hipertansiyon ve son olarak faaliyete ge\u00e7en kalp yetersizli\u011fi ve kalp nakli gruplar\u0131d\u0131r.<\/p>","protected":false},"excerpt":{"rendered":"<p>T\u00dcRK PED\u0130ATR\u0130K KARD\u0130YOLOJ\u0130 VE KALP CERRAH\u0130S\u0130 DERNE\u011e\u0130 TAR\u0130H\u00c7ES\u0130 \u00dclkemizde \u00c7ocuk Kardiyolojisi ayr\u0131 bir bilim dal\u0131 olarak resmi anlamda 1991 y\u0131l\u0131nda tescil edilmi\u015f, \u00c7ocuk Kalp ve Damar Cerrahisi ise 2011 y\u0131l\u0131ndan itibaren ba\u011f\u0131ms\u0131z bir bilim dal\u0131 olmu\u015f ve yan dal ihtisas\u0131 verilmeye ba\u015flanm\u0131\u015ft\u0131r. \u00c7ocuk Kardiyolojisi poliklinik ve ayr\u0131 disiplin olarak ilk kez Hacettepe \u00dcniversitesi T\u0131p Fak\u00fcltesinde &#8230; <a title=\"History\" class=\"read-more\" href=\"https:\/\/turkpedkar.org.tr\/en\/hakkimizda\/tarihce\/\" aria-label=\"Read more about Tarih\u00e7e\">Read more<\/a><\/p>","protected":false},"author":1,"featured_media":0,"parent":28,"menu_order":0,"comment_status":"closed","ping_status":"closed","template":"","meta":{"footnotes":""},"class_list":["post-143927","page","type-page","status-publish"],"_links":{"self":[{"href":"https:\/\/turkpedkar.org.tr\/en\/wp-json\/wp\/v2\/pages\/143927","targetHints":{"allow":["GET"]}}],"collection":[{"href":"https:\/\/turkpedkar.org.tr\/en\/wp-json\/wp\/v2\/pages"}],"about":[{"href":"https:\/\/turkpedkar.org.tr\/en\/wp-json\/wp\/v2\/types\/page"}],"author":[{"embeddable":true,"href":"https:\/\/turkpedkar.org.tr\/en\/wp-json\/wp\/v2\/users\/1"}],"replies":[{"embeddable":true,"href":"https:\/\/turkpedkar.org.tr\/en\/wp-json\/wp\/v2\/comments?post=143927"}],"version-history":[{"count":3,"href":"https:\/\/turkpedkar.org.tr\/en\/wp-json\/wp\/v2\/pages\/143927\/revisions"}],"predecessor-version":[{"id":152890,"href":"https:\/\/turkpedkar.org.tr\/en\/wp-json\/wp\/v2\/pages\/143927\/revisions\/152890"}],"up":[{"embeddable":true,"href":"https:\/\/turkpedkar.org.tr\/en\/wp-json\/wp\/v2\/pages\/28"}],"wp:attachment":[{"href":"https:\/\/turkpedkar.org.tr\/en\/wp-json\/wp\/v2\/media?parent=143927"}],"curies":[{"name":"wp","href":"https:\/\/api.w.org\/{rel}","templated":true}]}}