{"id":1427,"date":"2013-11-18T10:45:32","date_gmt":"2013-11-18T08:45:32","guid":{"rendered":"http:\/\/test.bartekyazilim.com\/?page_id=1427"},"modified":"2025-08-20T12:54:01","modified_gmt":"2025-08-20T09:54:01","slug":"aydin-doktorlari","status":"publish","type":"page","link":"https:\/\/turkpedkar.org.tr\/en\/aydin-doktorlari\/","title":{"rendered":"Doctors in Ayd\u0131n"},"content":{"rendered":"<figure class=\"wp-block-table\"><table class=\"has-fixed-layout\"><tbody><tr><td><strong>FIRST NAME<\/strong><\/td><td><strong>LAST NAME<\/strong><\/td><td><strong>TITLE<\/strong><\/td><td><strong>SPECIALTY<\/strong><\/td><td><strong>WORK ADDRESS<\/strong><\/td><\/tr><tr><td>Onur \u00c7a\u011flar<\/td><td>ACAR<\/td><td>Attending Physician<\/td><td>Pediatric Cardiologist<\/td><td>Ayd\u0131n Kad\u0131n Do\u011fum ve \u00c7ocuk Hastanesi<\/td><\/tr><tr><td>\u00c7a\u011fatay<\/td><td>B\u0130LEN<\/td><td>Assoc. Prof.<\/td><td>Pediatric Cardiologist<\/td><td>Adnan Menderes \u00dcniversitesi T\u0131p Fak\u00fcltesi<\/td><\/tr><tr><td>Serkan Fazl\u0131<\/td><td>\u00c7EL\u0130K<\/td><td>Assoc. Prof.<\/td><td>Pediatric Cardiologist<\/td><td>Adnan Menderes \u00dcniversitesi T\u0131p Fak\u00fcltesi<\/td><\/tr><tr><td>Emin<\/td><td>\u00dcNAL<\/td><td>Attending Physician<\/td><td>Pediatric Cardiologist<\/td><td>Ayd\u0131n Kad\u0131n Do\u011fum ve \u00c7ocuk Hastanesi<\/td><\/tr><\/tbody><\/table><\/figure>\n\n\n\n<p><\/p>","protected":false},"excerpt":{"rendered":"<p>ADI SOYADI UNVANI BRAN\u015eI \u0130\u015e ADRES\u0130 Onur \u00c7a\u011flar ACAR Uzman Kard. Ayd\u0131n Kad\u0131n Do\u011fum ve \u00c7ocuk Hastanesi \u00c7a\u011fatay B\u0130LEN Do\u00e7ent Kard. Adnan Menderes \u00dcniversitesi T\u0131p Fak\u00fcltesi Serkan Fazl\u0131 \u00c7EL\u0130K Do\u00e7ent Kard. Adnan Menderes \u00dcniversitesi T\u0131p Fak\u00fcltesi Emin \u00dcNAL Uzman Kard. Ayd\u0131n Kad\u0131n Do\u011fum ve \u00c7ocuk Hastanesi<\/p>","protected":false},"author":1,"featured_media":0,"parent":0,"menu_order":0,"comment_status":"closed","ping_status":"closed","template":"","meta":{"footnotes":""},"class_list":["post-1427","page","type-page","status-publish"],"_links":{"self":[{"href":"https:\/\/turkpedkar.org.tr\/en\/wp-json\/wp\/v2\/pages\/1427","targetHints":{"allow":["GET"]}}],"collection":[{"href":"https:\/\/turkpedkar.org.tr\/en\/wp-json\/wp\/v2\/pages"}],"about":[{"href":"https:\/\/turkpedkar.org.tr\/en\/wp-json\/wp\/v2\/types\/page"}],"author":[{"embeddable":true,"href":"https:\/\/turkpedkar.org.tr\/en\/wp-json\/wp\/v2\/users\/1"}],"replies":[{"embeddable":true,"href":"https:\/\/turkpedkar.org.tr\/en\/wp-json\/wp\/v2\/comments?post=1427"}],"version-history":[{"count":2,"href":"https:\/\/turkpedkar.org.tr\/en\/wp-json\/wp\/v2\/pages\/1427\/revisions"}],"predecessor-version":[{"id":150965,"href":"https:\/\/turkpedkar.org.tr\/en\/wp-json\/wp\/v2\/pages\/1427\/revisions\/150965"}],"wp:attachment":[{"href":"https:\/\/turkpedkar.org.tr\/en\/wp-json\/wp\/v2\/media?parent=1427"}],"curies":[{"name":"wp","href":"https:\/\/api.w.org\/{rel}","templated":true}]}}