{"id":141,"date":"2013-10-07T17:00:47","date_gmt":"2013-10-07T14:00:47","guid":{"rendered":"http:\/\/test.bartekyazilim.com\/?page_id=141"},"modified":"2025-07-31T16:30:36","modified_gmt":"2025-07-31T13:30:36","slug":"misyonumuz","status":"publish","type":"page","link":"https:\/\/turkpedkar.org.tr\/en\/misyonumuz\/","title":{"rendered":"Our Mission"},"content":{"rendered":"<p>To monitor research, progress, and developments in the field of Pediatric Cardiology; to encourage research and studies on this subject in our country.<br \/>\nTo engage in medico-social studies related to heart and vascular diseases in children and young people.<br \/>\nTo organize educational meetings for medical professionals and the public, and to establish bodies to facilitate these activities.<br \/>\nTo cooperate, in accordance with Article 11 of the Societies Law, with scientific organizations in foreign countries that work on similar subjects.<\/p>\n<p>&nbsp;<\/p>","protected":false},"excerpt":{"rendered":"<p>\u00c7ocuk Kardiyolojisi alan\u0131nda yap\u0131lan ara\u015ft\u0131rma, \u00e7al\u0131\u015fma ve geli\u015fmeleri izlemek; memlekette bu konudaki ara\u015ft\u0131rma ve \u00e7al\u0131\u015fmalar\u0131 te\u015fvik etmek, \u00c7ocuk ve gen\u00e7lerde kalp ve damar hastal\u0131klar\u0131na ili\u015fkin mediko-sosyal \u00e7al\u0131\u015fmalarda bulunmak, T\u0131p mensuplar\u0131 ve halk i\u00e7in e\u011fitici toplant\u0131lar tertip etmek, Bu \u00e7al\u0131\u015fmalar\u0131 ger\u00e7ekle\u015ftirecek m\u00fcesseseler kurmak, D\u0131\u015f \u00fclkelerde ayn\u0131 ve benzeri konularda \u00e7al\u0131\u015fan ilmi kurulu\u015flarla, Dernekler Kanunu&#8217;nun 11. maddesine &#8230; <a title=\"Our Mission\" class=\"read-more\" href=\"https:\/\/turkpedkar.org.tr\/en\/misyonumuz\/\" aria-label=\"Read more about Misyonumuz\">Read more<\/a><\/p>","protected":false},"author":1,"featured_media":0,"parent":0,"menu_order":0,"comment_status":"closed","ping_status":"closed","template":"","meta":{"footnotes":""},"class_list":["post-141","page","type-page","status-publish"],"_links":{"self":[{"href":"https:\/\/turkpedkar.org.tr\/en\/wp-json\/wp\/v2\/pages\/141","targetHints":{"allow":["GET"]}}],"collection":[{"href":"https:\/\/turkpedkar.org.tr\/en\/wp-json\/wp\/v2\/pages"}],"about":[{"href":"https:\/\/turkpedkar.org.tr\/en\/wp-json\/wp\/v2\/types\/page"}],"author":[{"embeddable":true,"href":"https:\/\/turkpedkar.org.tr\/en\/wp-json\/wp\/v2\/users\/1"}],"replies":[{"embeddable":true,"href":"https:\/\/turkpedkar.org.tr\/en\/wp-json\/wp\/v2\/comments?post=141"}],"version-history":[{"count":1,"href":"https:\/\/turkpedkar.org.tr\/en\/wp-json\/wp\/v2\/pages\/141\/revisions"}],"predecessor-version":[{"id":150599,"href":"https:\/\/turkpedkar.org.tr\/en\/wp-json\/wp\/v2\/pages\/141\/revisions\/150599"}],"wp:attachment":[{"href":"https:\/\/turkpedkar.org.tr\/en\/wp-json\/wp\/v2\/media?parent=141"}],"curies":[{"name":"wp","href":"https:\/\/api.w.org\/{rel}","templated":true}]}}