{"id":1403,"date":"2013-11-15T15:56:25","date_gmt":"2013-11-15T13:56:25","guid":{"rendered":"http:\/\/test.bartekyazilim.com\/?page_id=1403"},"modified":"2025-07-31T16:31:43","modified_gmt":"2025-07-31T13:31:43","slug":"yeterlilik-kurulu","status":"publish","type":"page","link":"https:\/\/turkpedkar.org.tr\/en\/yeterlilik-kurulu\/","title":{"rendered":"T\u00dcRK PED\u0130ATR\u0130K KARD\u0130YOLOJ\u0130 VE KALP CERRAH\u0130S\u0130 YETERL\u0130L\u0130K KURULU"},"content":{"rendered":"<p><a href=\"https:\/\/turkpedkar.org.tr\/wp-content\/uploads\/2024\/01\/2024-YETERLILIK-S.Basvuru-Formu.docx\">2024 YETERL\u0130L\u0130K SINAVI Ba\u015fvuru Formu<\/a><\/p>\n<p><a href=\"http:\/\/turkpedkar.org.tr\/wp-content\/uploads\/2014\/01\/TKD-Soru-Hazirlama-Kilavuzu.pdf\"><strong>TKD QUESTION PREPARATION GUIDE<\/strong><br \/>\n<\/a><\/p>\n<p><a class=\"styled-image\" title=\"Sorular\u0131n\u0131z\u0131 G\u00f6nderiniz\" href=\"https:\/\/turkpedkar.org.tr\/en\/yeterlilik\/login\/\"><img loading=\"lazy\" decoding=\"async\" src=\"http:\/\/turkpedkar.org.tr\/wp-content\/uploads\/2013\/11\/sorugondre.jpg\" alt=\"Sorular\u0131n\u0131z\" width=\"137\" height=\"85\" \/><\/a><\/p>\n<div class=\"clear\"><\/div>","protected":false},"excerpt":{"rendered":"<p>2024 YETERL\u0130L\u0130K SINAVI Ba\u015fvuru Formu TKD SORU HAZIRLAMA KILAVUZU<\/p>","protected":false},"author":1,"featured_media":0,"parent":0,"menu_order":0,"comment_status":"closed","ping_status":"closed","template":"","meta":{"footnotes":""},"class_list":["post-1403","page","type-page","status-publish"],"_links":{"self":[{"href":"https:\/\/turkpedkar.org.tr\/en\/wp-json\/wp\/v2\/pages\/1403","targetHints":{"allow":["GET"]}}],"collection":[{"href":"https:\/\/turkpedkar.org.tr\/en\/wp-json\/wp\/v2\/pages"}],"about":[{"href":"https:\/\/turkpedkar.org.tr\/en\/wp-json\/wp\/v2\/types\/page"}],"author":[{"embeddable":true,"href":"https:\/\/turkpedkar.org.tr\/en\/wp-json\/wp\/v2\/users\/1"}],"replies":[{"embeddable":true,"href":"https:\/\/turkpedkar.org.tr\/en\/wp-json\/wp\/v2\/comments?post=1403"}],"version-history":[{"count":1,"href":"https:\/\/turkpedkar.org.tr\/en\/wp-json\/wp\/v2\/pages\/1403\/revisions"}],"predecessor-version":[{"id":150631,"href":"https:\/\/turkpedkar.org.tr\/en\/wp-json\/wp\/v2\/pages\/1403\/revisions\/150631"}],"wp:attachment":[{"href":"https:\/\/turkpedkar.org.tr\/en\/wp-json\/wp\/v2\/media?parent=1403"}],"curies":[{"name":"wp","href":"https:\/\/api.w.org\/{rel}","templated":true}]}}