{"id":1399,"date":"2013-11-15T14:14:55","date_gmt":"2013-11-15T12:14:55","guid":{"rendered":"http:\/\/test.bartekyazilim.com\/?page_id=1399"},"modified":"2025-07-31T16:29:16","modified_gmt":"2025-07-31T13:29:16","slug":"gumushane-doktorlari","status":"publish","type":"page","link":"https:\/\/turkpedkar.org.tr\/en\/gumushane-doktorlari\/","title":{"rendered":"Doctors in G\u00fcm\u00fc\u015fhane"},"content":{"rendered":"<p>There is no registered doctors<\/p>","protected":false},"excerpt":{"rendered":"<p>There is no registered doctors<\/p>","protected":false},"author":1,"featured_media":0,"parent":0,"menu_order":0,"comment_status":"closed","ping_status":"closed","template":"","meta":{"footnotes":""},"class_list":["post-1399","page","type-page","status-publish"],"_links":{"self":[{"href":"https:\/\/turkpedkar.org.tr\/en\/wp-json\/wp\/v2\/pages\/1399","targetHints":{"allow":["GET"]}}],"collection":[{"href":"https:\/\/turkpedkar.org.tr\/en\/wp-json\/wp\/v2\/pages"}],"about":[{"href":"https:\/\/turkpedkar.org.tr\/en\/wp-json\/wp\/v2\/types\/page"}],"author":[{"embeddable":true,"href":"https:\/\/turkpedkar.org.tr\/en\/wp-json\/wp\/v2\/users\/1"}],"replies":[{"embeddable":true,"href":"https:\/\/turkpedkar.org.tr\/en\/wp-json\/wp\/v2\/comments?post=1399"}],"version-history":[{"count":1,"href":"https:\/\/turkpedkar.org.tr\/en\/wp-json\/wp\/v2\/pages\/1399\/revisions"}],"predecessor-version":[{"id":150567,"href":"https:\/\/turkpedkar.org.tr\/en\/wp-json\/wp\/v2\/pages\/1399\/revisions\/150567"}],"wp:attachment":[{"href":"https:\/\/turkpedkar.org.tr\/en\/wp-json\/wp\/v2\/media?parent=1399"}],"curies":[{"name":"wp","href":"https:\/\/api.w.org\/{rel}","templated":true}]}}