{"id":1397,"date":"2013-11-15T14:14:51","date_gmt":"2013-11-15T12:14:51","guid":{"rendered":"http:\/\/test.bartekyazilim.com\/?page_id=1397"},"modified":"2025-07-31T16:31:08","modified_gmt":"2025-07-31T13:31:08","slug":"rize-doktorlari","status":"publish","type":"page","link":"https:\/\/turkpedkar.org.tr\/en\/rize-doktorlari\/","title":{"rendered":"Doctors in Rize"},"content":{"rendered":"<table width=\"772\">\n<tbody>\n<tr>\n<td width=\"110\"><strong>FIRST NAME<\/strong><\/td>\n<td width=\"107\"><strong>LAST NAME<\/strong><\/td>\n<td width=\"66\"><strong>TITLE<\/strong><\/td>\n<td width=\"65\"><strong>SPECIALTY<\/strong><\/td>\n<td width=\"290\"><strong>WORK ADDRESS<\/strong><\/td>\n<\/tr>\n<tr>\n<td>\tHikmet<\/td>\n<td>\tKIZTANIR<\/td>\n<td>\tAttending Physician<\/td>\n<td>\tPediatric Cardiologist<\/td>\n<td>\tRecep Tayyip Erdo\u011fan \u00dcniversitesi EAH<\/td>\n<\/tr>\n<\/tbody>\n<\/table>","protected":false},"excerpt":{"rendered":"<p>ADI SOYADI UNVANI BRAN\u015eI \u0130\u015e ADRES\u0130 Hikmet KIZTANIR Uzman Kard. Recep Tayyip Erdo\u011fan \u00dcniversitesi EAH<\/p>","protected":false},"author":1,"featured_media":0,"parent":0,"menu_order":0,"comment_status":"closed","ping_status":"closed","template":"","meta":{"footnotes":""},"class_list":["post-1397","page","type-page","status-publish"],"_links":{"self":[{"href":"https:\/\/turkpedkar.org.tr\/en\/wp-json\/wp\/v2\/pages\/1397","targetHints":{"allow":["GET"]}}],"collection":[{"href":"https:\/\/turkpedkar.org.tr\/en\/wp-json\/wp\/v2\/pages"}],"about":[{"href":"https:\/\/turkpedkar.org.tr\/en\/wp-json\/wp\/v2\/types\/page"}],"author":[{"embeddable":true,"href":"https:\/\/turkpedkar.org.tr\/en\/wp-json\/wp\/v2\/users\/1"}],"replies":[{"embeddable":true,"href":"https:\/\/turkpedkar.org.tr\/en\/wp-json\/wp\/v2\/comments?post=1397"}],"version-history":[{"count":1,"href":"https:\/\/turkpedkar.org.tr\/en\/wp-json\/wp\/v2\/pages\/1397\/revisions"}],"predecessor-version":[{"id":150615,"href":"https:\/\/turkpedkar.org.tr\/en\/wp-json\/wp\/v2\/pages\/1397\/revisions\/150615"}],"wp:attachment":[{"href":"https:\/\/turkpedkar.org.tr\/en\/wp-json\/wp\/v2\/media?parent=1397"}],"curies":[{"name":"wp","href":"https:\/\/api.w.org\/{rel}","templated":true}]}}