{"id":1388,"date":"2013-11-15T14:13:43","date_gmt":"2013-11-15T12:13:43","guid":{"rendered":"http:\/\/test.bartekyazilim.com\/?page_id=1388"},"modified":"2025-07-31T16:30:37","modified_gmt":"2025-07-31T13:30:37","slug":"ordu-doktorlari","status":"publish","type":"page","link":"https:\/\/turkpedkar.org.tr\/en\/ordu-doktorlari\/","title":{"rendered":"Doctors in Ordu"},"content":{"rendered":"<table width=\"772\">\n<tbody>\n<tr>\n<td width=\"110\"><strong>FIRST NAME<\/strong><\/td>\n<td width=\"107\"><strong>LAST NAME<\/strong><\/td>\n<td width=\"66\"><strong>TITLE<\/strong><\/td>\n<td width=\"65\"><strong>SPECIALTY<\/strong><\/td>\n<td width=\"290\"><strong>WORK ADDRESS<\/strong><\/td>\n<\/tr>\n<tr>\n<td>\tTaner<\/td>\n<td>\tKASAR<\/td>\n<td>\tAssoc. Prof.<\/td>\n<td>\tPediatric Cardiologist<\/td>\n<td>\tOrdu EAH<\/td>\n<\/tr>\n<\/tbody>\n<\/table>","protected":false},"excerpt":{"rendered":"<p>ADI SOYADI UNVANI BRAN\u015eI \u0130\u015e ADRES\u0130 Taner KASAR Do\u00e7ent Kard. Ordu EAH<\/p>","protected":false},"author":1,"featured_media":0,"parent":0,"menu_order":0,"comment_status":"closed","ping_status":"closed","template":"","meta":{"footnotes":""},"class_list":["post-1388","page","type-page","status-publish"],"_links":{"self":[{"href":"https:\/\/turkpedkar.org.tr\/en\/wp-json\/wp\/v2\/pages\/1388","targetHints":{"allow":["GET"]}}],"collection":[{"href":"https:\/\/turkpedkar.org.tr\/en\/wp-json\/wp\/v2\/pages"}],"about":[{"href":"https:\/\/turkpedkar.org.tr\/en\/wp-json\/wp\/v2\/types\/page"}],"author":[{"embeddable":true,"href":"https:\/\/turkpedkar.org.tr\/en\/wp-json\/wp\/v2\/users\/1"}],"replies":[{"embeddable":true,"href":"https:\/\/turkpedkar.org.tr\/en\/wp-json\/wp\/v2\/comments?post=1388"}],"version-history":[{"count":1,"href":"https:\/\/turkpedkar.org.tr\/en\/wp-json\/wp\/v2\/pages\/1388\/revisions"}],"predecessor-version":[{"id":150607,"href":"https:\/\/turkpedkar.org.tr\/en\/wp-json\/wp\/v2\/pages\/1388\/revisions\/150607"}],"wp:attachment":[{"href":"https:\/\/turkpedkar.org.tr\/en\/wp-json\/wp\/v2\/media?parent=1388"}],"curies":[{"name":"wp","href":"https:\/\/api.w.org\/{rel}","templated":true}]}}