{"id":1387,"date":"2013-11-15T14:13:45","date_gmt":"2013-11-15T12:13:45","guid":{"rendered":"http:\/\/test.bartekyazilim.com\/?page_id=1387"},"modified":"2025-08-20T17:20:34","modified_gmt":"2025-08-20T14:20:34","slug":"osmaniye-doktorlari","status":"publish","type":"page","link":"https:\/\/turkpedkar.org.tr\/en\/osmaniye-doktorlari\/","title":{"rendered":"Doctors in Osmaniye"},"content":{"rendered":"<figure class=\"wp-block-table\"><table class=\"has-fixed-layout\"><tbody><tr><td><strong>FIRST NAME<\/strong><\/td><td><strong>LAST NAME<\/strong><\/td><td><strong>TITLE<\/strong><\/td><td><strong>SPECIALTY<\/strong><\/td><td><strong>WORK ADDRESS<\/strong><\/td><\/tr><tr><td>Bet\u00fcl<\/td><td>\u00c7INAR<\/td><td>Attending Physician<\/td><td>Pediatric Cardiologist<\/td><td>Osmaniye Devlet Hastanesi<\/td><\/tr><tr><td>Murat<\/td><td>KARDA\u015e<\/td><td>Attending Physician<\/td><td>Pediatric Cardiologist<\/td><td>Osmaniye Devlet Hastanesi<\/td><\/tr><\/tbody><\/table><\/figure>","protected":false},"excerpt":{"rendered":"<p>ADI SOYADI UNVANI BRAN\u015eI \u0130\u015e ADRES\u0130 Bet\u00fcl \u00c7INAR Uzman Kard. Osmaniye Devlet Hastanesi Murat KARDA\u015e Uzman Kard. Osmaniye Devlet Hastanesi<\/p>","protected":false},"author":1,"featured_media":0,"parent":0,"menu_order":0,"comment_status":"closed","ping_status":"closed","template":"","meta":{"footnotes":""},"class_list":["post-1387","page","type-page","status-publish"],"_links":{"self":[{"href":"https:\/\/turkpedkar.org.tr\/en\/wp-json\/wp\/v2\/pages\/1387","targetHints":{"allow":["GET"]}}],"collection":[{"href":"https:\/\/turkpedkar.org.tr\/en\/wp-json\/wp\/v2\/pages"}],"about":[{"href":"https:\/\/turkpedkar.org.tr\/en\/wp-json\/wp\/v2\/types\/page"}],"author":[{"embeddable":true,"href":"https:\/\/turkpedkar.org.tr\/en\/wp-json\/wp\/v2\/users\/1"}],"replies":[{"embeddable":true,"href":"https:\/\/turkpedkar.org.tr\/en\/wp-json\/wp\/v2\/comments?post=1387"}],"version-history":[{"count":2,"href":"https:\/\/turkpedkar.org.tr\/en\/wp-json\/wp\/v2\/pages\/1387\/revisions"}],"predecessor-version":[{"id":151038,"href":"https:\/\/turkpedkar.org.tr\/en\/wp-json\/wp\/v2\/pages\/1387\/revisions\/151038"}],"wp:attachment":[{"href":"https:\/\/turkpedkar.org.tr\/en\/wp-json\/wp\/v2\/media?parent=1387"}],"curies":[{"name":"wp","href":"https:\/\/api.w.org\/{rel}","templated":true}]}}