{"id":1386,"date":"2013-11-15T14:13:48","date_gmt":"2013-11-15T12:13:48","guid":{"rendered":"http:\/\/test.bartekyazilim.com\/?page_id=1386"},"modified":"2025-07-31T16:23:20","modified_gmt":"2025-07-31T13:23:20","slug":"adiyaman-doktorlari","status":"publish","type":"page","link":"https:\/\/turkpedkar.org.tr\/en\/adiyaman-doktorlari\/","title":{"rendered":"Doctors in Ad\u0131yaman"},"content":{"rendered":"<table width=\"763\">\n<tbody>\n<tr>\n<td width=\"134\"><strong>FIRST NAME<\/strong><\/td>\n<td width=\"154\"><strong>LAST NAME<\/strong><\/td>\n<td width=\"91\"><strong>TITLE<\/strong><\/td>\n<td width=\"66\"><strong>SPECIALTY<\/strong><\/td>\n<td width=\"99\"><strong>\u015eEH\u0130R<\/strong><\/td>\n<td width=\"219\"><strong>WORK ADDRESS<\/strong><\/td>\n<\/tr>\n<tr>\n<td>\u00d6zlem<\/td>\n<td>BAYRAM<\/td>\n<td>Attending Physician<\/td>\n<td>Pediatric Cardiologist<\/td>\n<td>Ad\u0131yaman<\/td>\n<td>Ad\u0131yaman EAH<\/td>\n<\/tr>\n<tr>\n<td>Harun<\/td>\n<td>TER\u0130N<\/td>\n<td>Attending Physician<\/td>\n<td>Pediatric Cardiologist<\/td>\n<td>Ad\u0131yaman<\/td>\n<td>Ad\u0131yaman EAH<\/td>\n<\/tr>\n<tr>\n<\/tbody>\n<\/table>","protected":false},"excerpt":{"rendered":"<p>ADI SOYADI UNVANI BRAN\u015eI \u015eEH\u0130R \u0130\u015e ADRES\u0130 \u00d6zlem BAYRAM Uzman Kard. Ad\u0131yaman Ad\u0131yaman EAH Harun TER\u0130N Uzman Kard. Ad\u0131yaman Ad\u0131yaman EAH<\/p>","protected":false},"author":1,"featured_media":0,"parent":0,"menu_order":0,"comment_status":"closed","ping_status":"closed","template":"","meta":{"footnotes":""},"class_list":["post-1386","page","type-page","status-publish"],"_links":{"self":[{"href":"https:\/\/turkpedkar.org.tr\/en\/wp-json\/wp\/v2\/pages\/1386","targetHints":{"allow":["GET"]}}],"collection":[{"href":"https:\/\/turkpedkar.org.tr\/en\/wp-json\/wp\/v2\/pages"}],"about":[{"href":"https:\/\/turkpedkar.org.tr\/en\/wp-json\/wp\/v2\/types\/page"}],"author":[{"embeddable":true,"href":"https:\/\/turkpedkar.org.tr\/en\/wp-json\/wp\/v2\/users\/1"}],"replies":[{"embeddable":true,"href":"https:\/\/turkpedkar.org.tr\/en\/wp-json\/wp\/v2\/comments?post=1386"}],"version-history":[{"count":1,"href":"https:\/\/turkpedkar.org.tr\/en\/wp-json\/wp\/v2\/pages\/1386\/revisions"}],"predecessor-version":[{"id":150383,"href":"https:\/\/turkpedkar.org.tr\/en\/wp-json\/wp\/v2\/pages\/1386\/revisions\/150383"}],"wp:attachment":[{"href":"https:\/\/turkpedkar.org.tr\/en\/wp-json\/wp\/v2\/media?parent=1386"}],"curies":[{"name":"wp","href":"https:\/\/api.w.org\/{rel}","templated":true}]}}