{"id":1374,"date":"2013-11-15T14:11:03","date_gmt":"2013-11-15T12:11:03","guid":{"rendered":"http:\/\/test.bartekyazilim.com\/?page_id=1374"},"modified":"2025-07-31T16:28:44","modified_gmt":"2025-07-31T13:28:44","slug":"cankiri-doktorlari","status":"publish","type":"page","link":"https:\/\/turkpedkar.org.tr\/en\/cankiri-doktorlari\/","title":{"rendered":"Doctors in \u00c7ank\u0131r\u0131"},"content":{"rendered":"<p>There is no registered doctors<\/p>","protected":false},"excerpt":{"rendered":"<p>There is no registered doctors<\/p>","protected":false},"author":1,"featured_media":0,"parent":0,"menu_order":0,"comment_status":"closed","ping_status":"closed","template":"","meta":{"footnotes":""},"class_list":["post-1374","page","type-page","status-publish"],"_links":{"self":[{"href":"https:\/\/turkpedkar.org.tr\/en\/wp-json\/wp\/v2\/pages\/1374","targetHints":{"allow":["GET"]}}],"collection":[{"href":"https:\/\/turkpedkar.org.tr\/en\/wp-json\/wp\/v2\/pages"}],"about":[{"href":"https:\/\/turkpedkar.org.tr\/en\/wp-json\/wp\/v2\/types\/page"}],"author":[{"embeddable":true,"href":"https:\/\/turkpedkar.org.tr\/en\/wp-json\/wp\/v2\/users\/1"}],"replies":[{"embeddable":true,"href":"https:\/\/turkpedkar.org.tr\/en\/wp-json\/wp\/v2\/comments?post=1374"}],"version-history":[{"count":1,"href":"https:\/\/turkpedkar.org.tr\/en\/wp-json\/wp\/v2\/pages\/1374\/revisions"}],"predecessor-version":[{"id":150538,"href":"https:\/\/turkpedkar.org.tr\/en\/wp-json\/wp\/v2\/pages\/1374\/revisions\/150538"}],"wp:attachment":[{"href":"https:\/\/turkpedkar.org.tr\/en\/wp-json\/wp\/v2\/media?parent=1374"}],"curies":[{"name":"wp","href":"https:\/\/api.w.org\/{rel}","templated":true}]}}