{"id":1369,"date":"2013-11-15T14:11:12","date_gmt":"2013-11-15T12:11:12","guid":{"rendered":"http:\/\/test.bartekyazilim.com\/?page_id=1369"},"modified":"2025-08-20T13:52:48","modified_gmt":"2025-08-20T10:52:48","slug":"batman-doktorlari","status":"publish","type":"page","link":"https:\/\/turkpedkar.org.tr\/en\/batman-doktorlari\/","title":{"rendered":"Doctors in Batman"},"content":{"rendered":"<figure class=\"wp-block-table\"><table class=\"has-fixed-layout\"><tbody><tr><td><strong>FIRST NAME<\/strong><\/td><td><strong>LAST NAME<\/strong><\/td><td><strong>TITLE<\/strong><\/td><td><strong>SPECIALTY<\/strong><\/td><td><strong>WORK ADDRESS<\/strong><\/td><\/tr><tr><td>Alper<\/td><td>DO\u011eAN<\/td><td>Attending Physician<\/td><td>Pediatric Cardiologist<\/td><td>Batman EAH<\/td><\/tr><tr><td>Osman<\/td><td>G\u00dcVEN\u00c7<\/td><td>Attending Physician<\/td><td>Pediatric Cardiologist<\/td><td>Batman Kad\u0131n Do\u011fum ve \u00c7ocuk Hastal\u0131klar\u0131 Hastanesi<\/td><\/tr><tr><td>P\u0131nar<\/td><td>KANLIO\u011eLU<\/td><td>Attending Physician<\/td><td>Pediatric Cardiologist<\/td><td>Batman EAH<\/td><\/tr><\/tbody><\/table><\/figure>","protected":false},"excerpt":{"rendered":"<p>ADI SOYADI UNVANI BRAN\u015eI \u0130\u015e ADRES\u0130 Alper DO\u011eAN Uzman Kard. Batman EAH Osman G\u00dcVEN\u00c7 Uzman Kard. Batman Kad\u0131n Do\u011fum ve \u00c7ocuk Hastal\u0131klar\u0131 Hastanesi P\u0131nar KANLIO\u011eLU Uzman Kard. Batman EAH<\/p>","protected":false},"author":1,"featured_media":0,"parent":0,"menu_order":0,"comment_status":"closed","ping_status":"closed","template":"","meta":{"footnotes":""},"class_list":["post-1369","page","type-page","status-publish"],"_links":{"self":[{"href":"https:\/\/turkpedkar.org.tr\/en\/wp-json\/wp\/v2\/pages\/1369","targetHints":{"allow":["GET"]}}],"collection":[{"href":"https:\/\/turkpedkar.org.tr\/en\/wp-json\/wp\/v2\/pages"}],"about":[{"href":"https:\/\/turkpedkar.org.tr\/en\/wp-json\/wp\/v2\/types\/page"}],"author":[{"embeddable":true,"href":"https:\/\/turkpedkar.org.tr\/en\/wp-json\/wp\/v2\/users\/1"}],"replies":[{"embeddable":true,"href":"https:\/\/turkpedkar.org.tr\/en\/wp-json\/wp\/v2\/comments?post=1369"}],"version-history":[{"count":2,"href":"https:\/\/turkpedkar.org.tr\/en\/wp-json\/wp\/v2\/pages\/1369\/revisions"}],"predecessor-version":[{"id":150974,"href":"https:\/\/turkpedkar.org.tr\/en\/wp-json\/wp\/v2\/pages\/1369\/revisions\/150974"}],"wp:attachment":[{"href":"https:\/\/turkpedkar.org.tr\/en\/wp-json\/wp\/v2\/media?parent=1369"}],"curies":[{"name":"wp","href":"https:\/\/api.w.org\/{rel}","templated":true}]}}