{"id":1361,"date":"2013-11-15T14:09:19","date_gmt":"2013-11-15T12:09:19","guid":{"rendered":"http:\/\/test.bartekyazilim.com\/?page_id=1361"},"modified":"2025-07-31T16:30:37","modified_gmt":"2025-07-31T13:30:37","slug":"nigde-doktorlari","status":"publish","type":"page","link":"https:\/\/turkpedkar.org.tr\/en\/nigde-doktorlari\/","title":{"rendered":"Doctors in Ni\u011fde"},"content":{"rendered":"<table width=\"772\">\n<tbody>\n<tr>\n<td width=\"110\"><strong>FIRST NAME<\/strong><\/td>\n<td width=\"107\"><strong>LAST NAME<\/strong><\/td>\n<td width=\"66\"><strong>TITLE<\/strong><\/td>\n<td width=\"65\"><strong>SPECIALTY<\/strong><\/td>\n<td width=\"290\"><strong>WORK ADDRESS<\/strong><\/td>\n<\/tr>\n<tr>\n<td>\tFaruk<\/td>\n<td>\tSERHATLIO\u011eLU<\/td>\n<td>\tAttending Physician<\/td>\n<td>\tHeart Surgeon<\/td>\n<td>\tNi\u011fde \u00dcniversitesi T\u0131p Fak\u00fcltesi<\/td>\n<\/tr>\n<\/tbody>\n<\/table>","protected":false},"excerpt":{"rendered":"<p>ADI SOYADI UNVANI BRAN\u015eI \u0130\u015e ADRES\u0130 Faruk SERHATLIO\u011eLU Uzman Cerrah Ni\u011fde \u00dcniversitesi T\u0131p Fak\u00fcltesi<\/p>","protected":false},"author":1,"featured_media":0,"parent":0,"menu_order":0,"comment_status":"closed","ping_status":"closed","template":"","meta":{"footnotes":""},"class_list":["post-1361","page","type-page","status-publish"],"_links":{"self":[{"href":"https:\/\/turkpedkar.org.tr\/en\/wp-json\/wp\/v2\/pages\/1361","targetHints":{"allow":["GET"]}}],"collection":[{"href":"https:\/\/turkpedkar.org.tr\/en\/wp-json\/wp\/v2\/pages"}],"about":[{"href":"https:\/\/turkpedkar.org.tr\/en\/wp-json\/wp\/v2\/types\/page"}],"author":[{"embeddable":true,"href":"https:\/\/turkpedkar.org.tr\/en\/wp-json\/wp\/v2\/users\/1"}],"replies":[{"embeddable":true,"href":"https:\/\/turkpedkar.org.tr\/en\/wp-json\/wp\/v2\/comments?post=1361"}],"version-history":[{"count":1,"href":"https:\/\/turkpedkar.org.tr\/en\/wp-json\/wp\/v2\/pages\/1361\/revisions"}],"predecessor-version":[{"id":150603,"href":"https:\/\/turkpedkar.org.tr\/en\/wp-json\/wp\/v2\/pages\/1361\/revisions\/150603"}],"wp:attachment":[{"href":"https:\/\/turkpedkar.org.tr\/en\/wp-json\/wp\/v2\/media?parent=1361"}],"curies":[{"name":"wp","href":"https:\/\/api.w.org\/{rel}","templated":true}]}}