{"id":1351,"date":"2013-11-15T14:07:58","date_gmt":"2013-11-15T12:07:58","guid":{"rendered":"http:\/\/test.bartekyazilim.com\/?page_id=1351"},"modified":"2025-07-31T16:23:20","modified_gmt":"2025-07-31T13:23:20","slug":"agri-doktorlari","status":"publish","type":"page","link":"https:\/\/turkpedkar.org.tr\/en\/agri-doktorlari\/","title":{"rendered":"Doctors in A\u011fr\u0131"},"content":{"rendered":"<table width=\"763\">\n<tbody>\n<tr>\n<td width=\"134\">FIRST NAME<\/td>\n<td width=\"154\">LAST NAME<\/td>\n<td width=\"91\">TITLE<\/td>\n<td width=\"66\">SPECIALTY<\/td>\n<td width=\"99\">\u015eEH\u0130R<\/td>\n<td width=\"219\">WORK ADDRESS<\/td>\n<\/tr>\n<tr>\n<td>Sema\u00a0<\/td>\n<td>ATE\u015e<\/td>\n<td>Attending Physician<\/td>\n<td>Pediatric Cardiologist<\/td>\n<td>A\u011fr\u0131<\/td>\n<td>A\u011fr\u0131 E\u011fitim ve Ara\u015ft\u0131rma Hastanesi-\u00c7ocuk kardiyoloji uzman doktor<\/td>\n<\/tr>\n<\/tbody>\n<\/table>\n\n\n<p><\/p>","protected":false},"excerpt":{"rendered":"<p>ADI SOYADI UNVANI BRAN\u015eI \u015eEH\u0130R \u0130\u015e ADRES\u0130 Sema\u00a0 ATE\u015e Uzman Kard. A\u011fr\u0131 A\u011fr\u0131 E\u011fitim ve Ara\u015ft\u0131rma Hastanesi-\u00c7ocuk kardiyoloji uzman doktor<\/p>","protected":false},"author":1,"featured_media":0,"parent":0,"menu_order":0,"comment_status":"closed","ping_status":"closed","template":"","meta":{"footnotes":""},"class_list":["post-1351","page","type-page","status-publish"],"_links":{"self":[{"href":"https:\/\/turkpedkar.org.tr\/en\/wp-json\/wp\/v2\/pages\/1351","targetHints":{"allow":["GET"]}}],"collection":[{"href":"https:\/\/turkpedkar.org.tr\/en\/wp-json\/wp\/v2\/pages"}],"about":[{"href":"https:\/\/turkpedkar.org.tr\/en\/wp-json\/wp\/v2\/types\/page"}],"author":[{"embeddable":true,"href":"https:\/\/turkpedkar.org.tr\/en\/wp-json\/wp\/v2\/users\/1"}],"replies":[{"embeddable":true,"href":"https:\/\/turkpedkar.org.tr\/en\/wp-json\/wp\/v2\/comments?post=1351"}],"version-history":[{"count":1,"href":"https:\/\/turkpedkar.org.tr\/en\/wp-json\/wp\/v2\/pages\/1351\/revisions"}],"predecessor-version":[{"id":150386,"href":"https:\/\/turkpedkar.org.tr\/en\/wp-json\/wp\/v2\/pages\/1351\/revisions\/150386"}],"wp:attachment":[{"href":"https:\/\/turkpedkar.org.tr\/en\/wp-json\/wp\/v2\/media?parent=1351"}],"curies":[{"name":"wp","href":"https:\/\/api.w.org\/{rel}","templated":true}]}}