{"id":1345,"date":"2013-11-15T14:06:41","date_gmt":"2013-11-15T12:06:41","guid":{"rendered":"http:\/\/test.bartekyazilim.com\/?page_id=1345"},"modified":"2025-07-31T16:30:18","modified_gmt":"2025-07-31T13:30:18","slug":"karaman-doktorlari","status":"publish","type":"page","link":"https:\/\/turkpedkar.org.tr\/en\/karaman-doktorlari\/","title":{"rendered":"Doctors in Karaman"},"content":{"rendered":"<table style=\"height: 126px;\" width=\"701\">\n<tbody>\n<tr>\n<td width=\"117\"><strong>FIRST NAME<\/strong><\/td>\n<td width=\"124\"><strong>LAST NAME<\/strong><\/td>\n<td width=\"66\"><strong>TITLE<\/strong><\/td>\n<td width=\"65\"><strong>SPECIALTY<\/strong><\/td>\n<td width=\"154\"><strong>WORK ADDRESS<\/strong><\/td>\n<\/tr>\n<tr>\n<td>Hayrullah<\/td>\n<td>ALP<\/td>\n<td>Professor<\/td>\n<td>Pediatric Cardiologist<\/td>\n<td colspan=\"2\">Karamano\u011flu Mehmetbey \u00dcniversitesi T\u0131p Fak\u00fcltesi<\/td>\n<\/tr>\n<\/tbody>\n<\/table>","protected":false},"excerpt":{"rendered":"<p>ADI SOYADI UNVANI BRAN\u015eI \u0130\u015e ADRES\u0130 Hayrullah ALP Profes\u00f6r Kard. Karamano\u011flu Mehmetbey \u00dcniversitesi T\u0131p Fak\u00fcltesi<\/p>","protected":false},"author":1,"featured_media":0,"parent":0,"menu_order":0,"comment_status":"closed","ping_status":"closed","template":"","meta":{"footnotes":""},"class_list":["post-1345","page","type-page","status-publish"],"_links":{"self":[{"href":"https:\/\/turkpedkar.org.tr\/en\/wp-json\/wp\/v2\/pages\/1345","targetHints":{"allow":["GET"]}}],"collection":[{"href":"https:\/\/turkpedkar.org.tr\/en\/wp-json\/wp\/v2\/pages"}],"about":[{"href":"https:\/\/turkpedkar.org.tr\/en\/wp-json\/wp\/v2\/types\/page"}],"author":[{"embeddable":true,"href":"https:\/\/turkpedkar.org.tr\/en\/wp-json\/wp\/v2\/users\/1"}],"replies":[{"embeddable":true,"href":"https:\/\/turkpedkar.org.tr\/en\/wp-json\/wp\/v2\/comments?post=1345"}],"version-history":[{"count":1,"href":"https:\/\/turkpedkar.org.tr\/en\/wp-json\/wp\/v2\/pages\/1345\/revisions"}],"predecessor-version":[{"id":150580,"href":"https:\/\/turkpedkar.org.tr\/en\/wp-json\/wp\/v2\/pages\/1345\/revisions\/150580"}],"wp:attachment":[{"href":"https:\/\/turkpedkar.org.tr\/en\/wp-json\/wp\/v2\/media?parent=1345"}],"curies":[{"name":"wp","href":"https:\/\/api.w.org\/{rel}","templated":true}]}}