{"id":1339,"date":"2013-11-15T14:05:38","date_gmt":"2013-11-15T12:05:38","guid":{"rendered":"http:\/\/test.bartekyazilim.com\/?page_id=1339"},"modified":"2025-08-20T16:17:51","modified_gmt":"2025-08-20T13:17:51","slug":"kars-doktorlari","status":"publish","type":"page","link":"https:\/\/turkpedkar.org.tr\/en\/kars-doktorlari\/","title":{"rendered":"Doctors in Kars"},"content":{"rendered":"<figure class=\"wp-block-table\"><table class=\"has-fixed-layout\"><tbody><tr><td>FIRST NAME<\/td><td>LAST NAME<\/td><td>TITLE<\/td><td>SPECIALTY<\/td><td>WORK ADDRESS<\/td><\/tr><tr><td>H\u00fclya<\/td><td>\u00d6ZER<\/td><td>Attending Physician<\/td><td>Pediatric Cardiologist<\/td><td>Kars Harakani Devlet Hastanesi<\/td><\/tr><\/tbody><\/table><\/figure>","protected":false},"excerpt":{"rendered":"<p>ADI SOYADI UNVANI BRAN\u015eI \u0130\u015e ADRES\u0130 H\u00fclya \u00d6ZER Uzman Kard. Kars Harakani Devlet Hastanesi<\/p>","protected":false},"author":1,"featured_media":0,"parent":0,"menu_order":0,"comment_status":"closed","ping_status":"closed","template":"","meta":{"footnotes":""},"class_list":["post-1339","page","type-page","status-publish"],"_links":{"self":[{"href":"https:\/\/turkpedkar.org.tr\/en\/wp-json\/wp\/v2\/pages\/1339","targetHints":{"allow":["GET"]}}],"collection":[{"href":"https:\/\/turkpedkar.org.tr\/en\/wp-json\/wp\/v2\/pages"}],"about":[{"href":"https:\/\/turkpedkar.org.tr\/en\/wp-json\/wp\/v2\/types\/page"}],"author":[{"embeddable":true,"href":"https:\/\/turkpedkar.org.tr\/en\/wp-json\/wp\/v2\/users\/1"}],"replies":[{"embeddable":true,"href":"https:\/\/turkpedkar.org.tr\/en\/wp-json\/wp\/v2\/comments?post=1339"}],"version-history":[{"count":2,"href":"https:\/\/turkpedkar.org.tr\/en\/wp-json\/wp\/v2\/pages\/1339\/revisions"}],"predecessor-version":[{"id":151015,"href":"https:\/\/turkpedkar.org.tr\/en\/wp-json\/wp\/v2\/pages\/1339\/revisions\/151015"}],"wp:attachment":[{"href":"https:\/\/turkpedkar.org.tr\/en\/wp-json\/wp\/v2\/media?parent=1339"}],"curies":[{"name":"wp","href":"https:\/\/api.w.org\/{rel}","templated":true}]}}