{"id":1335,"date":"2013-11-15T14:04:59","date_gmt":"2013-11-15T12:04:59","guid":{"rendered":"http:\/\/test.bartekyazilim.com\/?page_id=1335"},"modified":"2025-08-20T17:14:27","modified_gmt":"2025-08-20T14:14:27","slug":"mugla-doktorlari","status":"publish","type":"page","link":"https:\/\/turkpedkar.org.tr\/en\/mugla-doktorlari\/","title":{"rendered":"Doctors in Mu\u011fla"},"content":{"rendered":"<figure class=\"wp-block-table\"><table class=\"has-fixed-layout\"><tbody><tr><td><strong>FIRST NAME<\/strong><\/td><td><strong>LAST NAME<\/strong><\/td><td><strong>TITLE<\/strong><\/td><td><strong>SPECIALTY<\/strong><\/td><td><strong>WORK ADDRESS<\/strong><\/td><\/tr><tr><td>Bu\u011fra<\/td><td>HARMANDAR<\/td><td>Professor<\/td><td>Heart Surgeon<\/td><td>Mu\u011fla S\u0131tk\u0131 Ko\u00e7man \u00dcniversitesi T\u0131p Fak\u00fcltesi<\/td><\/tr><tr><td>Hande<\/td><td>\u0130\u015eTAR<\/td><td>\u00d6\u011fr. G\u00f6revlisi<\/td><td>Heart Surgeon<\/td><td>Mu\u011fla S\u0131tk\u0131 Ko\u00e7man \u00dcniversitesi T\u0131p Fak\u00fcltesi<\/td><\/tr><tr><td>Ulviye<\/td><td>KIRLI<\/td><td>Yan Dal Asistan\u0131<\/td><td>Pediatric Cardiologist<\/td><td>Mu\u011fla S\u0131tk\u0131 Ko\u00e7man \u00dcniversitesi T\u0131p Fak\u00fcltesi<\/td><\/tr><tr><td>Ha\u015fim<\/td><td>OLGUN<\/td><td>Professor<\/td><td>Pediatric Cardiologist<\/td><td>Mu\u011fla S\u0131tk\u0131 Ko\u00e7man \u00dcniversitesi T\u0131p Fak\u00fcltesi<\/td><\/tr><tr><td>Arif<\/td><td>ORTANCA<\/td><td>Yan Dal Asistan\u0131<\/td><td>Pediatric Cardiologist<\/td><td>Mu\u011fla S\u0131tk\u0131 Ko\u00e7man \u00dcniversitesi T\u0131p Fak\u00fcltesi<\/td><\/tr><tr><td>\u00dcmit Bilge<\/td><td>SAMANLI<\/td><td>Attending Physician<\/td><td>Pediatric Cardiologist<\/td><td>Bodrum Amerikan Hastanesi<\/td><\/tr><tr><td>Sibel<\/td><td>T\u0130RYAK\u0130<\/td><td>Asst. Prof.<\/td><td>Pediatric Cardiologist<\/td><td>Mu\u011fla S\u0131tk\u0131 Ko\u00e7man \u00dcniversitesi T\u0131p Fak\u00fcltesi<\/td><\/tr><\/tbody><\/table><\/figure>","protected":false},"excerpt":{"rendered":"<p>ADI SOYADI UNVANI BRAN\u015eI \u0130\u015e ADRES\u0130 Bu\u011fra HARMANDAR Profes\u00f6r Cerrah Mu\u011fla S\u0131tk\u0131 Ko\u00e7man \u00dcniversitesi T\u0131p Fak\u00fcltesi Hande \u0130\u015eTAR \u00d6\u011fr. G\u00f6revlisi Cerrah Mu\u011fla S\u0131tk\u0131 Ko\u00e7man \u00dcniversitesi T\u0131p Fak\u00fcltesi Ulviye KIRLI Yan Dal Asistan\u0131 Kard. Mu\u011fla S\u0131tk\u0131 Ko\u00e7man \u00dcniversitesi T\u0131p Fak\u00fcltesi Ha\u015fim OLGUN Profes\u00f6r Kard. Mu\u011fla S\u0131tk\u0131 Ko\u00e7man \u00dcniversitesi T\u0131p Fak\u00fcltesi Arif ORTANCA Yan Dal Asistan\u0131 Kard. &#8230; <a title=\"Doctors in Mu\u011fla\" class=\"read-more\" href=\"https:\/\/turkpedkar.org.tr\/en\/mugla-doktorlari\/\" aria-label=\"Read more about Mu\u011fla Doktorlar\u0131\">Read more<\/a><\/p>","protected":false},"author":1,"featured_media":0,"parent":0,"menu_order":0,"comment_status":"closed","ping_status":"closed","template":"","meta":{"footnotes":""},"class_list":["post-1335","page","type-page","status-publish"],"_links":{"self":[{"href":"https:\/\/turkpedkar.org.tr\/en\/wp-json\/wp\/v2\/pages\/1335","targetHints":{"allow":["GET"]}}],"collection":[{"href":"https:\/\/turkpedkar.org.tr\/en\/wp-json\/wp\/v2\/pages"}],"about":[{"href":"https:\/\/turkpedkar.org.tr\/en\/wp-json\/wp\/v2\/types\/page"}],"author":[{"embeddable":true,"href":"https:\/\/turkpedkar.org.tr\/en\/wp-json\/wp\/v2\/users\/1"}],"replies":[{"embeddable":true,"href":"https:\/\/turkpedkar.org.tr\/en\/wp-json\/wp\/v2\/comments?post=1335"}],"version-history":[{"count":2,"href":"https:\/\/turkpedkar.org.tr\/en\/wp-json\/wp\/v2\/pages\/1335\/revisions"}],"predecessor-version":[{"id":151035,"href":"https:\/\/turkpedkar.org.tr\/en\/wp-json\/wp\/v2\/pages\/1335\/revisions\/151035"}],"wp:attachment":[{"href":"https:\/\/turkpedkar.org.tr\/en\/wp-json\/wp\/v2\/media?parent=1335"}],"curies":[{"name":"wp","href":"https:\/\/api.w.org\/{rel}","templated":true}]}}