{"id":1333,"date":"2013-11-15T14:04:37","date_gmt":"2013-11-15T12:04:37","guid":{"rendered":"http:\/\/test.bartekyazilim.com\/?page_id=1333"},"modified":"2025-08-20T14:54:38","modified_gmt":"2025-08-20T11:54:38","slug":"canakkale-doktorlari","status":"publish","type":"page","link":"https:\/\/turkpedkar.org.tr\/en\/canakkale-doktorlari\/","title":{"rendered":"Doctors in \u00c7anakkale"},"content":{"rendered":"<figure class=\"wp-block-table\"><table class=\"has-fixed-layout\"><tbody><tr><td>FIRST NAME<\/td><td>LAST NAME<\/td><td>TITLE<\/td><td>SPECIALTY<\/td><td>WORK ADDRESS<\/td><\/tr><tr><td>Derya<\/td><td>AYDIN<\/td><td>Attending Physician<\/td><td>Pediatric Cardiologist<\/td><td>\u00c7anakkale Devlet Hastanesi<\/td><\/tr><tr><td>Ahmet<\/td><td>\u0130RDEM<\/td><td>Professor<\/td><td>Pediatric Cardiologist<\/td><td>\u00c7anakkale 18 Mart \u00dcniversitesi T\u0131p Fak\u00fcltesi<\/td><\/tr><\/tbody><\/table><\/figure>\n\n\n\n<p><\/p>","protected":false},"excerpt":{"rendered":"<p>ADI SOYADI UNVANI BRAN\u015eI \u0130\u015e ADRES\u0130 Derya AYDIN Uzman Kard. \u00c7anakkale Devlet Hastanesi Ahmet \u0130RDEM Profes\u00f6r Kard. \u00c7anakkale 18 Mart \u00dcniversitesi T\u0131p Fak\u00fcltesi<\/p>","protected":false},"author":1,"featured_media":0,"parent":0,"menu_order":0,"comment_status":"closed","ping_status":"closed","template":"","meta":{"footnotes":""},"class_list":["post-1333","page","type-page","status-publish"],"_links":{"self":[{"href":"https:\/\/turkpedkar.org.tr\/en\/wp-json\/wp\/v2\/pages\/1333","targetHints":{"allow":["GET"]}}],"collection":[{"href":"https:\/\/turkpedkar.org.tr\/en\/wp-json\/wp\/v2\/pages"}],"about":[{"href":"https:\/\/turkpedkar.org.tr\/en\/wp-json\/wp\/v2\/types\/page"}],"author":[{"embeddable":true,"href":"https:\/\/turkpedkar.org.tr\/en\/wp-json\/wp\/v2\/users\/1"}],"replies":[{"embeddable":true,"href":"https:\/\/turkpedkar.org.tr\/en\/wp-json\/wp\/v2\/comments?post=1333"}],"version-history":[{"count":2,"href":"https:\/\/turkpedkar.org.tr\/en\/wp-json\/wp\/v2\/pages\/1333\/revisions"}],"predecessor-version":[{"id":150986,"href":"https:\/\/turkpedkar.org.tr\/en\/wp-json\/wp\/v2\/pages\/1333\/revisions\/150986"}],"wp:attachment":[{"href":"https:\/\/turkpedkar.org.tr\/en\/wp-json\/wp\/v2\/media?parent=1333"}],"curies":[{"name":"wp","href":"https:\/\/api.w.org\/{rel}","templated":true}]}}