{"id":1329,"date":"2013-11-15T14:03:53","date_gmt":"2013-11-15T12:03:53","guid":{"rendered":"http:\/\/test.bartekyazilim.com\/?page_id=1329"},"modified":"2025-08-20T17:36:33","modified_gmt":"2025-08-20T14:36:33","slug":"tekirdag-doktorlari","status":"publish","type":"page","link":"https:\/\/turkpedkar.org.tr\/en\/tekirdag-doktorlari\/","title":{"rendered":"Doctors in Tekirda\u011f"},"content":{"rendered":"<figure class=\"wp-block-table\"><table class=\"has-fixed-layout\"><tbody><tr><td><strong>FIRST NAME<\/strong><\/td><td><strong>LAST NAME<\/strong><\/td><td><strong>TITLE<\/strong><\/td><td><strong>SPECIALTY<\/strong><\/td><td><strong>WORK ADDRESS<\/strong><\/td><\/tr><tr><td>Fatih K\u00f6ksal<\/td><td>B\u0130NNETO\u011eLU<\/td><td>Assoc. Prof.<\/td><td>Pediatric Cardiologist<\/td><td>Pediatrium \u00c7ocuk Klini\u011fi<\/td><\/tr><tr><td>\u00d6zg\u00fcr<\/td><td>KIZILCA<\/td><td>Attending Physician<\/td><td>Pediatric Cardiologist<\/td><td>Nam\u0131k Kemal \u00dcniversitesi T\u0131p Fak\u00fcltesi<\/td><\/tr><\/tbody><\/table><\/figure>","protected":false},"excerpt":{"rendered":"<p>ADI SOYADI UNVANI BRAN\u015eI \u0130\u015e ADRES\u0130 Fatih K\u00f6ksal B\u0130NNETO\u011eLU Do\u00e7ent Kard. Pediatrium \u00c7ocuk Klini\u011fi \u00d6zg\u00fcr KIZILCA Uzman Kard. Nam\u0131k Kemal \u00dcniversitesi T\u0131p Fak\u00fcltesi<\/p>","protected":false},"author":1,"featured_media":0,"parent":0,"menu_order":0,"comment_status":"closed","ping_status":"closed","template":"","meta":{"footnotes":""},"class_list":["post-1329","page","type-page","status-publish"],"_links":{"self":[{"href":"https:\/\/turkpedkar.org.tr\/en\/wp-json\/wp\/v2\/pages\/1329","targetHints":{"allow":["GET"]}}],"collection":[{"href":"https:\/\/turkpedkar.org.tr\/en\/wp-json\/wp\/v2\/pages"}],"about":[{"href":"https:\/\/turkpedkar.org.tr\/en\/wp-json\/wp\/v2\/types\/page"}],"author":[{"embeddable":true,"href":"https:\/\/turkpedkar.org.tr\/en\/wp-json\/wp\/v2\/users\/1"}],"replies":[{"embeddable":true,"href":"https:\/\/turkpedkar.org.tr\/en\/wp-json\/wp\/v2\/comments?post=1329"}],"version-history":[{"count":2,"href":"https:\/\/turkpedkar.org.tr\/en\/wp-json\/wp\/v2\/pages\/1329\/revisions"}],"predecessor-version":[{"id":151048,"href":"https:\/\/turkpedkar.org.tr\/en\/wp-json\/wp\/v2\/pages\/1329\/revisions\/151048"}],"wp:attachment":[{"href":"https:\/\/turkpedkar.org.tr\/en\/wp-json\/wp\/v2\/media?parent=1329"}],"curies":[{"name":"wp","href":"https:\/\/api.w.org\/{rel}","templated":true}]}}