{"id":1223,"date":"2013-11-12T14:20:35","date_gmt":"2013-11-12T12:20:35","guid":{"rendered":"http:\/\/test.bartekyazilim.com\/?page_id=1223"},"modified":"2025-11-24T09:47:29","modified_gmt":"2025-11-24T06:47:29","slug":"kahramanmaras-doktorlari","status":"publish","type":"page","link":"https:\/\/turkpedkar.org.tr\/en\/kahramanmaras-doktorlari\/","title":{"rendered":"Kahramanmara\u015f Doktorlar\u0131"},"content":{"rendered":"<figure class=\"wp-block-table\"><table class=\"has-fixed-layout\"><tbody><tr><td><strong>FIRST NAME<\/strong><\/td><td><strong>LAST NAME<\/strong><\/td><td><strong>TITLE<\/strong><\/td><td><strong>SPECIALTY<\/strong><\/td><td><strong>WORK ADDRESS<\/strong><\/td><\/tr><tr><td>Mehtap <\/td><td>\u00c7\u0130FT\u00c7\u0130<\/td><td>Attending Physician<\/td><td>Pediatric Cardiologist<\/td><td>Necip Faz\u0131l \u015eehir Hastanesi<\/td><\/tr><tr><td>Emine F\u00fcheda<\/td><td>DALGI\u00c7<\/td><td>Attending Physician<\/td><td>Pediatric Cardiologist<\/td><td>Mara\u015f \u00c7ocuk Hastanesi<\/td><\/tr><tr><td>Ahmet<\/td><td>K\u00d6SE<\/td><td>Asst. Prof.<\/td><td>Pediatric Cardiologist<\/td><td>S\u00fct\u00e7\u00fc \u0130mam \u00dcniversitesi T\u0131p Fak\u00fcltesi<\/td><\/tr><tr><td>\u015eeref<\/td><td>OLGAR<\/td><td>Professor<\/td><td>Pediatric Cardiologist<\/td><td>S\u00fct\u00e7\u00fc \u0130mam \u00dcniversitesi T\u0131p Fak\u00fcltesi<\/td><\/tr><\/tbody><\/table><\/figure>","protected":false},"excerpt":{"rendered":"<p>ADI SOYADI UNVANI BRAN\u015eI \u0130\u015e ADRES\u0130 Mehtap \u00c7\u0130FT\u00c7\u0130 Uzman Kard. Necip Faz\u0131l \u015eehir Hastanesi Emine F\u00fcheda DALGI\u00c7 Uzman Kard. Mara\u015f \u00c7ocuk Hastanesi Ahmet K\u00d6SE Dr. \u00d6\u011fretim \u00dcyesi Kard. S\u00fct\u00e7\u00fc \u0130mam \u00dcniversitesi T\u0131p Fak\u00fcltesi \u015eeref OLGAR Profes\u00f6r Kard. S\u00fct\u00e7\u00fc \u0130mam \u00dcniversitesi T\u0131p Fak\u00fcltesi<\/p>","protected":false},"author":1,"featured_media":0,"parent":0,"menu_order":0,"comment_status":"closed","ping_status":"closed","template":"","meta":{"footnotes":""},"class_list":["post-1223","page","type-page","status-publish"],"_links":{"self":[{"href":"https:\/\/turkpedkar.org.tr\/en\/wp-json\/wp\/v2\/pages\/1223","targetHints":{"allow":["GET"]}}],"collection":[{"href":"https:\/\/turkpedkar.org.tr\/en\/wp-json\/wp\/v2\/pages"}],"about":[{"href":"https:\/\/turkpedkar.org.tr\/en\/wp-json\/wp\/v2\/types\/page"}],"author":[{"embeddable":true,"href":"https:\/\/turkpedkar.org.tr\/en\/wp-json\/wp\/v2\/users\/1"}],"replies":[{"embeddable":true,"href":"https:\/\/turkpedkar.org.tr\/en\/wp-json\/wp\/v2\/comments?post=1223"}],"version-history":[{"count":3,"href":"https:\/\/turkpedkar.org.tr\/en\/wp-json\/wp\/v2\/pages\/1223\/revisions"}],"predecessor-version":[{"id":152247,"href":"https:\/\/turkpedkar.org.tr\/en\/wp-json\/wp\/v2\/pages\/1223\/revisions\/152247"}],"wp:attachment":[{"href":"https:\/\/turkpedkar.org.tr\/en\/wp-json\/wp\/v2\/media?parent=1223"}],"curies":[{"name":"wp","href":"https:\/\/api.w.org\/{rel}","templated":true}]}}