{"id":1216,"date":"2013-11-12T13:24:54","date_gmt":"2013-11-12T11:24:54","guid":{"rendered":"http:\/\/test.bartekyazilim.com\/?page_id=1216"},"modified":"2025-09-09T12:48:55","modified_gmt":"2025-09-09T09:48:55","slug":"izmir-doktorlari","status":"publish","type":"page","link":"https:\/\/turkpedkar.org.tr\/en\/izmir-doktorlari\/","title":{"rendered":"Doctors in \u0130zmir"},"content":{"rendered":"<figure class=\"wp-block-table\"><table class=\"has-fixed-layout\"><tbody><tr><td><strong>FIRST NAME<\/strong><\/td><td><strong>LAST NAME<\/strong><\/td><td><strong>TITLE<\/strong><\/td><td><strong>SPECIALTY<\/strong><\/td><td><strong>WORK ADDRESS<\/strong><\/td><\/tr><tr><td>Burcu B\u00fc\u015fra<\/td><td>ACAR<\/td><td>Yan Dal Asistan\u0131<\/td><td>Pediatric Cardiologist<\/td><td>Ege \u00dcniversitesi T\u0131p Fak\u00fcltesi<\/td><\/tr><tr><td>G\u00f6kmen<\/td><td>AKKAYA<\/td><td>Assoc. Prof.<\/td><td>Heart Surgeon<\/td><td>\u0130zmir \u015eehir Hastanesi<\/td><\/tr><tr><td>Ra\u015fit<\/td><td>AKTA\u015e<\/td><td>Yan Dal Asistan\u0131<\/td><td>Pediatric Cardiologist<\/td><td>SB\u00dc Tepecik EAH<\/td><\/tr><tr><td>Muhammet<\/td><td>AKY\u00dcZ<\/td><td>Attending Physician<\/td><td>Heart Surgeon<\/td><td>\u0130zmir Katip \u00c7elebi \u00dcniversitesi Tepecik EAH<\/td><\/tr><tr><td>Emin Alp<\/td><td>ALAYUNT<\/td><td>Professor<\/td><td>Heart Surgeon<\/td><td>Serbest<\/td><\/tr><tr><td>Berkay<\/td><td>AL\u0130MO\u011eLU<\/td><td>Yan Dal Asistan\u0131<\/td><td>Pediatric Cardiologist<\/td><td>\u0130zmir \u015eehir Hastanesi<\/td><\/tr><tr><td>Y\u00fcksel<\/td><td>ATAY<\/td><td>Professor<\/td><td>Heart Surgeon<\/td><td>Ege \u00dcniversitesi T\u0131p Fak\u00fcltesi<\/td><\/tr><tr><td>Muhammed Akif<\/td><td>ATLAN<\/td><td>Yan Dal Asistan\u0131<\/td><td>Pediatric Cardiologist<\/td><td>\u0130zmir Bayrakl\u0131 \u015eehir Hastenesi<\/td><\/tr><tr><td>O\u011fuzhan<\/td><td>AY<\/td><td>Attending Physician<\/td><td>Pediatric Cardiologist<\/td><td>Demokrasi \u00dcniversitesi Buca Seyfi Demirsoy E\u011fitim<\/td><\/tr><tr><td>Mehmet Fatih<\/td><td>AYIK<\/td><td>Assoc. Prof.<\/td><td>Heart Surgeon<\/td><td>\u00d6zel Medicana \u0130nternational \u0130zmir Hastanesi<\/td><\/tr><tr><td>Tolga<\/td><td>BACAK<\/td><td>Yan Dal Asistan\u0131<\/td><td>Pediatric Cardiologist<\/td><td>Tepecik EAH<\/td><\/tr><tr><td>Ali Rahmi<\/td><td>BAK\u0130LER<\/td><td>Professor<\/td><td>Pediatric Cardiologist<\/td><td>Tepecik EAH<\/td><\/tr><tr><td>H\u00fcseyin<\/td><td>BARDAK<\/td><td>Yan Dal Asistan\u0131<\/td><td>Pediatric Cardiologist<\/td><td>Dokuz Eyl\u00fcl \u00dcniversitesi T\u0131p Fak\u00fcltesi<\/td><\/tr><tr><td>Mehmet Baki<\/td><td>BEYTER<\/td><td>Yan Dal Asistan\u0131<\/td><td>Pediatric Cardiologist<\/td><td>Ege \u00dcniversitesi T\u0131p Fak\u00fcltesi<\/td><\/tr><tr><td>Mustafa Mertkan<\/td><td>B\u0130LEN<\/td><td>Attending Physician<\/td><td>Pediatric Cardiologist<\/td><td>Beh\u00e7et Uz \u00c7ocuk Hastal\u0131klar\u0131 ve Cerrahisi EAH<\/td><\/tr><tr><td>Veysel<\/td><td>\u00c7EL\u0130KTEPE<\/td><td>Yan Dal Asistan\u0131<\/td><td>Pediatric Cardiologist<\/td><td>Dokuz Eyl\u00fcl \u00dcniversitesi T\u0131p Fak\u00fcltesi<\/td><\/tr><tr><td>Nil\u00fcfer<\/td><td>\u00c7ET\u0130NER \u00c7\u0130NE<\/td><td>Assoc. Prof.<\/td><td>Pediatric Cardiologist<\/td><td>Beh\u00e7et Uz \u00c7ocuk Hastal\u0131klar\u0131 ve Cerrahisi EAH<\/td><\/tr><tr><td>Nihat<\/td><td>\u00c7\u0130NE<\/td><td>Assoc. Prof.<\/td><td>Heart Surgeon<\/td><td>Beh\u00e7et Uz \u00c7ocuk Hastal\u0131klar\u0131 ve Cerrahisi EAH<\/td><\/tr><tr><td>Hakan<\/td><td>DEDECENG\u0130Z<\/td><td>Yan Dal Asistan\u0131<\/td><td>Pediatric Cardiologist<\/td><td>Tepecik EAH<\/td><\/tr><tr><td>Sava\u015f<\/td><td>DEM\u0130RPEN\u00c7E<\/td><td>Assoc. Prof.<\/td><td>Pediatric Cardiologist<\/td><td>Serbest<\/td><\/tr><tr><td>Eser<\/td><td>DO\u011eAN<\/td><td>Assoc. Prof.<\/td><td>Pediatric Cardiologist<\/td><td>Ege \u00dcniversitesi T\u0131p Fak\u00fcltesi \u00c7ocuk Kardiyoloji Bilim Dal\u0131<\/td><\/tr><tr><td>Cem<\/td><td>DO\u011eAN<\/td><td>Yan Dal Asistan\u0131<\/td><td>Pediatric Cardiologist<\/td><td>Beh\u00e7et Uz \u00c7ocuk Hastal\u0131klar\u0131 ve Cerrahisi EAH<\/td><\/tr><tr><td>\u00d6nder<\/td><td>DOKS\u00d6Z<\/td><td>Assoc. Prof.<\/td><td>Pediatric Cardiologist<\/td><td>\u0130zmir \u00d6zel Kent Hastanesi<\/td><\/tr><tr><td>Mehmet Co\u015fkun<\/td><td>DORAK<\/td><td>Attending Physician<\/td><td>Pediatric Cardiologist<\/td><td>\u00d6zel Klinik-Bostanl\u0131<\/td><\/tr><tr><td>Yusuf \u0130lker<\/td><td>DUR<\/td><td>Yan Dal Asistan\u0131<\/td><td>Pediatric Cardiologist<\/td><td>Beh\u00e7et Uz \u00c7ocuk Hastal\u0131klar\u0131 ve Cerrahisi EAH<\/td><\/tr><tr><td>Melih<\/td><td>ER<\/td><td>Yan Dal Asistan\u0131<\/td><td>Pediatric Cardiologist<\/td><td>Tepecik EAH<\/td><\/tr><tr><td>Hazer<\/td><td>ER\u00c7AN BOZYER<\/td><td>Yan Dal Asistan\u0131<\/td><td>Pediatric Cardiologist<\/td><td>Dokuz Eyl\u00fcl \u00dcniversitesi T\u0131p Fak\u00fcltesi<\/td><\/tr><tr><td>Engin<\/td><td>GER\u00c7EKER<\/td><td>Attending Physician<\/td><td>Pediatric Cardiologist<\/td><td>T.C Buca Seyfi Demirsoy E.A.H<\/td><\/tr><tr><td>\u00d6mer Faruk<\/td><td>G\u00dcLA\u015eTI<\/td><td>Attending Physician<\/td><td>Heart Surgeon<\/td><td>Beh\u00e7et Uz \u00c7ocuk Hastal\u0131klar\u0131 ve Cerrahisi EAH<\/td><\/tr><tr><td>Dolunay  <\/td><td>G\u00dcRSES <\/td><td>Professor<\/td><td>Pediatric Cardiologist<\/td><td>Serbest<\/td><\/tr><tr><td>Bar\u0131\u015f<\/td><td>G\u00dcVEN<\/td><td>Professor<\/td><td>Pediatric Cardiologist<\/td><td>\u0130zmir Katip \u00c7elebi \u00dcniversitesi Tepecik EAH<\/td><\/tr><tr><td>Ey\u00fcp<\/td><td>HAZAN<\/td><td>Professor<\/td><td>Heart Surgeon<\/td><td>Medical Park Hastanesi<\/td><\/tr><tr><td>Ozan<\/td><td>H\u0130RA<\/td><td>Yan Dal Asistan\u0131<\/td><td>Pediatric Cardiologist<\/td><td>Beh\u00e7et Uz \u00c7ocuk Hastal\u0131klar\u0131 ve Cerrahisi EAH<\/td><\/tr><tr><td>Onur<\/td><td>I\u015eIK<\/td><td>Assoc. Prof.<\/td><td>Heart Surgeon<\/td><td>SB\u00dc \u0130zmir Tepecik SUAM<\/td><\/tr><tr><td>Cem<\/td><td>KARADEN\u0130Z<\/td><td>Professor<\/td><td>Pediatric Cardiologist<\/td><td>\u0130zmir Katip \u00c7elebi \u00dcniversitesi Tepecik EAH<\/td><\/tr><tr><td>Ceren<\/td><td>KARAHAN<\/td><td>Yan Dal Asistan\u0131<\/td><td>Pediatric Cardiologist<\/td><td>TEK\u0130RDA\u011e DR. \u0130SMA\u0130L FEHM\u0130 CUMALIO\u011eLU \u015eEH\u0130R HASTANES\u0130<\/td><\/tr><tr><td>Burcug\u00fcl<\/td><td>KARASULU BEC\u0130<\/td><td>Yan Dal Asistan\u0131<\/td><td>Pediatric Cardiologist<\/td><td>Ege \u00dcniversitesi T\u0131p Fak\u00fcltesi<\/td><\/tr><tr><td>G\u00fcl\u00e7in<\/td><td>KAYAN KA\u015eIK\u00c7I<\/td><td>Yan Dal Asistan\u0131<\/td><td>Pediatric Cardiologist<\/td><td>Ege \u00dcniversitesi T\u0131p Fak\u00fcltesi<\/td><\/tr><tr><td>Hakk\u0131<\/td><td>KAZAZ<\/td><td>Professor<\/td><td>Heart Surgeon<\/td><td>\u0130zmir Egepol Hastanesi<\/td><\/tr><tr><td>Mustafa<\/td><td>KIR<\/td><td>Assoc. Prof.<\/td><td>Pediatric Cardiologist<\/td><td>Dokuz Eyl\u00fcl \u00dcniversitesi T\u0131p Fak\u00fcltesi<\/td><\/tr><tr><td>Mehtap<\/td><td>K\u00dc\u00c7\u00dcK<\/td><td>Attending Physician<\/td><td>Pediatric Cardiologist<\/td><td>Beh\u00e7et Uz \u00c7ocuk Hastal\u0131klar\u0131 ve Cerrahisi EAH<\/td><\/tr><tr><td>Re\u015fit Ert\u00fcrk<\/td><td>LEVENT<\/td><td>Professor<\/td><td>Pediatric Cardiologist<\/td><td>Ege \u00dcniversitesi T\u0131p Fak\u00fcltesi<\/td><\/tr><tr><td>Timur<\/td><td>ME\u015eE<\/td><td>Professor<\/td><td>Pediatric Cardiologist<\/td><td>Beh\u00e7et Uz \u00c7ocuk Hastal\u0131klar\u0131 ve Cerrahisi EAH<\/td><\/tr><tr><td>Sad\u0131k K\u0131van\u00e7<\/td><td>MET\u0130N<\/td><td>Professor<\/td><td>Heart Surgeon<\/td><td>Dokuz Eyl\u00fcl \u00dcniversitesi T\u0131p Fak\u00fcltesi<\/td><\/tr><tr><td>Nazmi<\/td><td>NAR\u0130N<\/td><td>Professor<\/td><td>Pediatric Cardiologist<\/td><td>Serbest<\/td><\/tr><tr><td>Faik Fevzi<\/td><td>OKUR<\/td><td>Professor<\/td><td>Heart Surgeon<\/td><td>Serbest<\/td><\/tr><tr><td>B\u00fclent<\/td><td>ORAN<\/td><td>Professor<\/td><td>Pediatric Cardiologist<\/td><td>Medicana International \u0130zmir Hastanesi<\/td><\/tr><tr><td>\u00d6ztekin<\/td><td>OTO<\/td><td>Professor<\/td><td>Heart Surgeon<\/td><td>Serbest<\/td><\/tr><tr><td>Sedef<\/td><td>\u00d6KS\u00dcZ<\/td><td>Yan Dal Asistan\u0131<\/td><td>Pediatric Cardiologist<\/td><td>SB\u00dc Tepecik EAH<\/td><\/tr><tr><td>\u015eeyma \u015eebnem<\/td><td>\u00d6N<\/td><td>Yan Dal Asistan\u0131<\/td><td>Pediatric Cardiologist<\/td><td>Ege \u00dcniversitesi T\u0131p Fak\u00fcltesi<\/td><\/tr><tr><td>Ya\u011fmur Damla<\/td><td>\u00d6NAL<\/td><td>Yan Dal Asistan\u0131<\/td><td>Pediatric Cardiologist<\/td><td>Dokuz Eyl\u00fcl \u00dcniversitesi T\u0131p Fak\u00fcltesi<\/td><\/tr><tr><td>Rahmi<\/td><td>\u00d6ZDEM\u0130R<\/td><td>Professor<\/td><td>Pediatric Cardiologist<\/td><td>\u0130zmir \u015eehir Hastanesi<\/td><\/tr><tr><td>Aykut<\/td><td>\u00d6Z\u00d6N<\/td><td>Yan Dal Asistan\u0131<\/td><td>Pediatric Cardiologist<\/td><td>Beh\u00e7et Uz \u00c7ocuk Hastal\u0131klar\u0131 ve Cerrahisi EAH<\/td><\/tr><tr><td>Arif Ruhi<\/td><td>\u00d6ZY\u00dcREK<\/td><td>Professor<\/td><td>Pediatric Cardiologist<\/td><td>Serbest<\/td><\/tr><tr><td>Osman Nejat<\/td><td>SARIOSMANO\u011eLU<\/td><td>Professor<\/td><td>Heart Surgeon<\/td><td>Dokuz Eyl\u00fcl \u00dcniversitesi T\u0131p Fak\u00fcltesi<\/td><\/tr><tr><td>Yeliz<\/td><td>SEV\u0130N\u00c7<\/td><td>Attending Physician<\/td><td>Pediatric Cardiologist<\/td><td>\u00c7i\u011fli EAH<\/td><\/tr><tr><td>Erdem Erin\u00e7<\/td><td>S\u0130L\u0130STREL\u0130<\/td><td>Professor<\/td><td>Heart Surgeon<\/td><td>Dokuz Eyl\u00fcl \u00dcniversitesi T\u0131p Fak\u00fcltesi<\/td><\/tr><tr><td>Ay\u015fe<\/td><td>\u015e\u0130M\u015eEK<\/td><td>Assoc. Prof.<\/td><td>Pediatric Cardiologist<\/td><td>\u0130zmir Demokrasi \u00dcniversitesi T\u0131p Fak\u00fcltesi<\/td><\/tr><tr><td>T\u00fclay<\/td><td>\u015e\u0130R\u0130NO\u011eLU<\/td><td>Assoc. Prof.<\/td><td>Pediatric Cardiologist<\/td><td>\u0130zmir Katip \u00c7elebi \u00dcniversitesi Tepecik EAH<\/td><\/tr><tr><td>Onur<\/td><td>TA\u015e\u00c7I<\/td><td>Assoc. Prof.<\/td><td>Pediatric Cardiologist<\/td><td>Tepecik EAH<\/td><\/tr><tr><td>Osman Nuri<\/td><td>TUNCER<\/td><td>\u00d6\u011fr.G\u00f6revlisi<\/td><td>Heart Surgeon<\/td><td>Ege \u00dcniversitesi T\u0131p Fak\u00fcltesi<\/td><\/tr><tr><td>\u015eevket Baran<\/td><td>U\u011eURLU<\/td><td>Professor<\/td><td>Heart Surgeon<\/td><td>Dokuz Eyl\u00fcl \u00dcniversitesi T\u0131p Fak\u00fcltesi<\/td><\/tr><tr><td>Z\u00fclal<\/td><td>\u00dcLGER TUTAR<\/td><td>Professor<\/td><td>Pediatric Cardiologist<\/td><td>Ege \u00dcniversitesi T\u0131p Fak\u00fcltesi<\/td><\/tr><tr><td>Nurettin<\/td><td>\u00dcNAL<\/td><td>Professor<\/td><td>Pediatric Cardiologist<\/td><td>\u0130zmir \u00d6zel Can Hastanesi<\/td><\/tr><tr><td>Gamze<\/td><td>VURAN<\/td><td>Attending Physician<\/td><td>Pediatric Cardiologist<\/td><td>Beh\u00e7et Uz \u00c7ocuk Hastal\u0131klar\u0131 ve Cerrahisi EAH<\/td><\/tr><tr><td>Kaan<\/td><td>YILDIZ<\/td><td>Assoc. Prof.<\/td><td>Pediatric Cardiologist<\/td><td>\u0130zmir Bayrakl\u0131 \u015eehir Hastenesi<\/td><\/tr><tr><td>Meral<\/td><td>YILMAZ<\/td><td>Yan Dal Asistan\u0131<\/td><td>Pediatric Cardiologist<\/td><td>Ege \u00dcniversitesi T\u0131p Fak\u00fcltesi<\/td><\/tr><tr><td>Murat Muhtar<\/td><td>YILMAZER<\/td><td>Professor<\/td><td>Pediatric Cardiologist<\/td><td>Beh\u00e7et Uz \u00c7ocuk Hastal\u0131klar\u0131 ve Cerrahisi EAH<\/td><\/tr><tr><td>C\u00fcneyt<\/td><td>Z\u0130HN\u0130<\/td><td>Attending Physician<\/td><td>Pediatric Cardiologist<\/td><td>S.B.\u00dc. \u0130zmir Tepecik EAH<\/td><\/tr><\/tbody><\/table><\/figure>","protected":false},"excerpt":{"rendered":"<p>ADI SOYADI UNVANI BRAN\u015eI \u0130\u015e ADRES\u0130 Burcu B\u00fc\u015fra ACAR Yan Dal Asistan\u0131 Kard. Ege \u00dcniversitesi T\u0131p Fak\u00fcltesi G\u00f6kmen AKKAYA Do\u00e7ent Cerrah \u0130zmir \u015eehir Hastanesi Ra\u015fit AKTA\u015e Yan Dal Asistan\u0131 Kard. SB\u00dc Tepecik EAH Muhammet AKY\u00dcZ Uzman Cerrah \u0130zmir Katip \u00c7elebi \u00dcniversitesi Tepecik EAH Emin Alp ALAYUNT Profes\u00f6r Cerrah Serbest Berkay AL\u0130MO\u011eLU Yan Dal Asistan\u0131 Kard. &#8230; <a title=\"Doctors in \u0130zmir\" class=\"read-more\" href=\"https:\/\/turkpedkar.org.tr\/en\/izmir-doktorlari\/\" aria-label=\"Read more about \u0130zmir Doktorlar\u0131\">Read more<\/a><\/p>","protected":false},"author":1,"featured_media":0,"parent":0,"menu_order":0,"comment_status":"closed","ping_status":"closed","template":"","meta":{"footnotes":""},"class_list":["post-1216","page","type-page","status-publish"],"_links":{"self":[{"href":"https:\/\/turkpedkar.org.tr\/en\/wp-json\/wp\/v2\/pages\/1216","targetHints":{"allow":["GET"]}}],"collection":[{"href":"https:\/\/turkpedkar.org.tr\/en\/wp-json\/wp\/v2\/pages"}],"about":[{"href":"https:\/\/turkpedkar.org.tr\/en\/wp-json\/wp\/v2\/types\/page"}],"author":[{"embeddable":true,"href":"https:\/\/turkpedkar.org.tr\/en\/wp-json\/wp\/v2\/users\/1"}],"replies":[{"embeddable":true,"href":"https:\/\/turkpedkar.org.tr\/en\/wp-json\/wp\/v2\/comments?post=1216"}],"version-history":[{"count":7,"href":"https:\/\/turkpedkar.org.tr\/en\/wp-json\/wp\/v2\/pages\/1216\/revisions"}],"predecessor-version":[{"id":151494,"href":"https:\/\/turkpedkar.org.tr\/en\/wp-json\/wp\/v2\/pages\/1216\/revisions\/151494"}],"wp:attachment":[{"href":"https:\/\/turkpedkar.org.tr\/en\/wp-json\/wp\/v2\/media?parent=1216"}],"curies":[{"name":"wp","href":"https:\/\/api.w.org\/{rel}","templated":true}]}}