{"id":1214,"date":"2013-11-12T12:54:52","date_gmt":"2013-11-12T10:54:52","guid":{"rendered":"http:\/\/test.bartekyazilim.com\/?page_id=1214"},"modified":"2025-08-20T16:25:54","modified_gmt":"2025-08-20T13:25:54","slug":"kayseri-doktorlari","status":"publish","type":"page","link":"https:\/\/turkpedkar.org.tr\/en\/kayseri-doktorlari\/","title":{"rendered":"Doctors in Kayseri"},"content":{"rendered":"<figure class=\"wp-block-table\"><table class=\"has-fixed-layout\"><tbody><tr><td><strong>FIRST NAME<\/strong><\/td><td><strong>LAST NAME<\/strong><\/td><td><strong>TITLE<\/strong><\/td><td><strong>SPECIALTY<\/strong><\/td><td><strong>WORK ADDRESS<\/strong><\/td><\/tr><tr><td>Mustafa<\/td><td>ARGUN<\/td><td>Professor<\/td><td>Pediatric Cardiologist<\/td><td>SB\u00dcKayseri T\u0131p Fak\u00fcltesi Kayseri \u015eehir E\u011fitim ve Ara\u015ft\u0131rma Hastanesi<\/td><\/tr><tr><td>Ali<\/td><td>BAYKAN<\/td><td>Professor<\/td><td>Pediatric Cardiologist<\/td><td>Erciyes \u00dcniversitesi T\u0131p Fak\u00fcltesi<\/td><\/tr><tr><td>T\u00fcrker<\/td><td>G\u00d6KER<\/td><td>Yan Dal Asistan\u0131<\/td><td>Pediatric Cardiologist<\/td><td>Kayseri \u015eehir Hastanesi<\/td><\/tr><tr><td>O\u011fuzhan<\/td><td>KAYAR<\/td><td>Yan Dal Asistan\u0131<\/td><td>Pediatric Cardiologist<\/td><td>Kayseri \u015eehir Hastanesi<\/td><\/tr><tr><td>Cemile Zeynep<\/td><td>K\u00dc\u00c7\u00dcKAYDIN<\/td><td>Yan Dal Asistan\u0131<\/td><td>Pediatric Cardiologist<\/td><td>Erciyes \u00dcniversitesi T\u0131p Fak\u00fcltesi<\/td><\/tr><tr><td>Erhan<\/td><td>S\u00d6NMEZ<\/td><td>Yan Dal Asistan\u0131<\/td><td>Pediatric Cardiologist<\/td><td>Erciyes \u00dcniversitesi T\u0131p Fak\u00fcltesi<\/td><\/tr><tr><td>S\u00fcleyman<\/td><td>SUNKAK<\/td><td>Attending Physician<\/td><td>Pediatric Cardiologist<\/td><td>Kayseri \u015eehir Hastanesi<\/td><\/tr><tr><td>Ayd\u0131n<\/td><td>TUN\u00c7AY<\/td><td>Asst. Prof.<\/td><td>Heart Surgeon<\/td><td>Erciyes \u00dcniversitesi T\u0131p Fak\u00fcltesi<\/td><\/tr><tr><td>Kaz\u0131m<\/td><td>\u00dcZ\u00dcM<\/td><td>Professor<\/td><td>Pediatric Cardiologist<\/td><td>\u00d6zel Merkez Hastanesi<\/td><\/tr><tr><td>\u00c7a\u011fda\u015f<\/td><td>VURAL<\/td><td>Asst. Prof.<\/td><td>Pediatric Cardiologist<\/td><td>Erciyes \u00dcniversitesi&nbsp;T\u0131p Fak\u00fcltesi<\/td><\/tr><\/tbody><\/table><\/figure>","protected":false},"excerpt":{"rendered":"<p>ADI SOYADI UNVANI BRAN\u015eI \u0130\u015e ADRES\u0130 Mustafa ARGUN Profes\u00f6r Kard. SB\u00dcKayseri T\u0131p Fak\u00fcltesi Kayseri \u015eehir E\u011fitim ve Ara\u015ft\u0131rma Hastanesi Ali BAYKAN Profes\u00f6r Kard. Erciyes \u00dcniversitesi T\u0131p Fak\u00fcltesi T\u00fcrker G\u00d6KER Yan Dal Asistan\u0131 Kard. Kayseri \u015eehir Hastanesi O\u011fuzhan KAYAR Yan Dal Asistan\u0131 Kard. Kayseri \u015eehir Hastanesi Cemile Zeynep K\u00dc\u00c7\u00dcKAYDIN Yan Dal Asistan\u0131 Kard. Erciyes \u00dcniversitesi T\u0131p &#8230; <a title=\"Doctors in Kayseri\" class=\"read-more\" href=\"https:\/\/turkpedkar.org.tr\/en\/kayseri-doktorlari\/\" aria-label=\"Read more about Kayseri Doktorlar\u0131\">Read more<\/a><\/p>","protected":false},"author":1,"featured_media":0,"parent":0,"menu_order":0,"comment_status":"closed","ping_status":"closed","template":"","meta":{"footnotes":""},"class_list":["post-1214","page","type-page","status-publish"],"_links":{"self":[{"href":"https:\/\/turkpedkar.org.tr\/en\/wp-json\/wp\/v2\/pages\/1214","targetHints":{"allow":["GET"]}}],"collection":[{"href":"https:\/\/turkpedkar.org.tr\/en\/wp-json\/wp\/v2\/pages"}],"about":[{"href":"https:\/\/turkpedkar.org.tr\/en\/wp-json\/wp\/v2\/types\/page"}],"author":[{"embeddable":true,"href":"https:\/\/turkpedkar.org.tr\/en\/wp-json\/wp\/v2\/users\/1"}],"replies":[{"embeddable":true,"href":"https:\/\/turkpedkar.org.tr\/en\/wp-json\/wp\/v2\/comments?post=1214"}],"version-history":[{"count":2,"href":"https:\/\/turkpedkar.org.tr\/en\/wp-json\/wp\/v2\/pages\/1214\/revisions"}],"predecessor-version":[{"id":151017,"href":"https:\/\/turkpedkar.org.tr\/en\/wp-json\/wp\/v2\/pages\/1214\/revisions\/151017"}],"wp:attachment":[{"href":"https:\/\/turkpedkar.org.tr\/en\/wp-json\/wp\/v2\/media?parent=1214"}],"curies":[{"name":"wp","href":"https:\/\/api.w.org\/{rel}","templated":true}]}}