{"id":1211,"date":"2013-11-12T12:48:18","date_gmt":"2013-11-12T10:48:18","guid":{"rendered":"http:\/\/test.bartekyazilim.com\/?page_id=1211"},"modified":"2025-07-31T16:30:18","modified_gmt":"2025-07-31T13:30:18","slug":"kirikkale-doktorlari","status":"publish","type":"page","link":"https:\/\/turkpedkar.org.tr\/en\/kirikkale-doktorlari\/","title":{"rendered":"Doctors in K\u0131r\u0131kkale"},"content":{"rendered":"<table width=\"772\">\n<tbody>\n<tr>\n<td width=\"110\"><strong>FIRST NAME<\/strong><\/td>\n<td width=\"107\"><strong>LAST NAME<\/strong><\/td>\n<td width=\"66\"><strong>TITLE<\/strong><\/td>\n<td width=\"65\"><strong>SPECIALTY<\/strong><\/td>\n<td width=\"290\"><strong>WORK ADDRESS<\/strong><\/td>\n<\/tr>\n<tr>\n<td>\tFatma<\/td>\n<td>\tHAYVACI CANBEYL\u0130<\/td>\n<td>\tAttending Physician<\/td>\n<td>\tPediatric Cardiologist<\/td>\n<td>\tK\u0131r\u0131kkale \u00dcniversitesi T\u0131p Fak\u00fcltesi\u0307<\/td>\n<\/tr>\n<tr>\n<td>\tCihat<\/td>\n<td>\t\u015eANLI<\/td>\n<td>\tAsst. Prof.<\/td>\n<td>\tPediatric Cardiologist<\/td>\n<td>\tK\u0131r\u0131kkale \u00dcniversitesi T\u0131p Fak\u00fcltesi\u0307<\/td>\n<\/tr>\n<\/tbody>\n<\/table>","protected":false},"excerpt":{"rendered":"<p>ADI SOYADI UNVANI BRAN\u015eI \u0130\u015e ADRES\u0130 Fatma HAYVACI CANBEYL\u0130 Uzman Kard. K\u0131r\u0131kkale \u00dcniversitesi T\u0131p Fak\u00fcltesi\u0307 Cihat \u015eANLI Dr.\u00d6\u011fretim \u00dcyesi Kard. K\u0131r\u0131kkale \u00dcniversitesi T\u0131p Fak\u00fcltesi\u0307<\/p>","protected":false},"author":1,"featured_media":0,"parent":0,"menu_order":0,"comment_status":"closed","ping_status":"closed","template":"","meta":{"footnotes":""},"class_list":["post-1211","page","type-page","status-publish"],"_links":{"self":[{"href":"https:\/\/turkpedkar.org.tr\/en\/wp-json\/wp\/v2\/pages\/1211","targetHints":{"allow":["GET"]}}],"collection":[{"href":"https:\/\/turkpedkar.org.tr\/en\/wp-json\/wp\/v2\/pages"}],"about":[{"href":"https:\/\/turkpedkar.org.tr\/en\/wp-json\/wp\/v2\/types\/page"}],"author":[{"embeddable":true,"href":"https:\/\/turkpedkar.org.tr\/en\/wp-json\/wp\/v2\/users\/1"}],"replies":[{"embeddable":true,"href":"https:\/\/turkpedkar.org.tr\/en\/wp-json\/wp\/v2\/comments?post=1211"}],"version-history":[{"count":1,"href":"https:\/\/turkpedkar.org.tr\/en\/wp-json\/wp\/v2\/pages\/1211\/revisions"}],"predecessor-version":[{"id":150586,"href":"https:\/\/turkpedkar.org.tr\/en\/wp-json\/wp\/v2\/pages\/1211\/revisions\/150586"}],"wp:attachment":[{"href":"https:\/\/turkpedkar.org.tr\/en\/wp-json\/wp\/v2\/media?parent=1211"}],"curies":[{"name":"wp","href":"https:\/\/api.w.org\/{rel}","templated":true}]}}