{"id":1209,"date":"2013-11-12T12:45:25","date_gmt":"2013-11-12T10:45:25","guid":{"rendered":"http:\/\/test.bartekyazilim.com\/?page_id=1209"},"modified":"2025-08-30T10:39:47","modified_gmt":"2025-08-30T07:39:47","slug":"kocaeli-doktorlari","status":"publish","type":"page","link":"https:\/\/turkpedkar.org.tr\/en\/kocaeli-doktorlari\/","title":{"rendered":"Doctors in Kocaeli"},"content":{"rendered":"<figure class=\"wp-block-table\"><table class=\"has-fixed-layout\"><tbody><tr><td><strong>FIRST NAME<\/strong><\/td><td><strong>LAST NAME<\/strong><\/td><td><strong>TITLE<\/strong><\/td><td><strong>SPECIALTY<\/strong><\/td><td><strong>WORK ADDRESS<\/strong><\/td><\/tr><tr><td>G\u00f6kmen<\/td><td>AKG\u00dcN<\/td><td>Attending Physician<\/td><td>Pediatric Cardiologist<\/td><td>Kocaeli \u015eehir Hastanesi<\/td><\/tr><tr><td>Evi\u00e7 Zeynep<\/td><td>AKG\u00dcN<\/td><td>Assoc. Prof.<\/td><td>Pediatric Cardiologist<\/td><td>Kocaeli \u00dcniversitesi T\u0131p Fak\u00fcltesi<\/td><\/tr><tr><td>G\u00fcrkan<\/td><td>ALTUN<\/td><td>Attending Physician<\/td><td>Pediatric Cardiologist<\/td><td>Serbest<\/td><\/tr><tr><td>Abd\u00fclkadir<\/td><td>BABAO\u011eLU<\/td><td>Professor<\/td><td>Pediatric Cardiologist<\/td><td>Kocaeli \u00dcniversitesi T\u0131p Fak\u00fcltesi<\/td><\/tr><tr><td>Resmiye<\/td><td>BE\u015e\u0130K\u00c7\u0130<\/td><td>Attending Physician<\/td><td>Pediatric Cardiologist<\/td><td>Anadolu Sa\u011fl\u0131k Merkezi<\/td><\/tr><tr><td>Dilek<\/td><td>BORAKAY<\/td><td>Attending Physician<\/td><td>Pediatric Cardiologist<\/td><td>Kocaeli \u015eehir Hastanesi<\/td><\/tr><tr><td>Ahmed Mahmud<\/td><td>\u00c7IRAKO\u011eLU<\/td><td>Yan Dal Asistan\u0131<\/td><td>Pediatric Cardiologist<\/td><td>Kocaeli \u00dcniversitesi T\u0131p Fak\u00fcltesi<\/td><\/tr><tr><td>Ali<\/td><td>ORGUN<\/td><td>Assoc. Prof.<\/td><td>Pediatric Cardiologist<\/td><td>Kocaeli \u015eehir Hastanesi<\/td><\/tr><tr><td>Okan<\/td><td>TU\u011eRAL<\/td><td>Attending Physician<\/td><td>Pediatric Cardiologist<\/td><td>Serbest<\/td><\/tr><tr><td>Ha\u015fim<\/td><td>\u00dcST\u00dcNSOY<\/td><td>Professor<\/td><td>Heart Surgeon<\/td><td>Kocaeli \u00dcniversitesi T\u0131p Fak\u00fcltesi<\/td><\/tr><tr><td>O\u011fuz<\/td><td>OMAY<\/td><td>Assoc. Prof.<\/td><td>Heart Surgeon<\/td><td>Kocaeli \u00dcniversitesi T\u0131p Fak\u00fcltesi<\/td><\/tr><\/tbody><\/table><\/figure>","protected":false},"excerpt":{"rendered":"<p>ADI SOYADI UNVANI BRAN\u015eI \u0130\u015e ADRES\u0130 G\u00f6kmen AKG\u00dcN Uzman Kard. Kocaeli \u015eehir Hastanesi Evi\u00e7 Zeynep AKG\u00dcN Do\u00e7ent Kard. Kocaeli \u00dcniversitesi T\u0131p Fak\u00fcltesi G\u00fcrkan ALTUN Uzman Kard. Serbest Abd\u00fclkadir BABAO\u011eLU Profes\u00f6r Kard. Kocaeli \u00dcniversitesi T\u0131p Fak\u00fcltesi Resmiye BE\u015e\u0130K\u00c7\u0130 Uzman Kard. Anadolu Sa\u011fl\u0131k Merkezi Dilek BORAKAY Uzman Kard. Kocaeli \u015eehir Hastanesi Ahmed Mahmud \u00c7IRAKO\u011eLU Yan Dal Asistan\u0131 &#8230; <a title=\"Doctors in Kocaeli\" class=\"read-more\" href=\"https:\/\/turkpedkar.org.tr\/en\/kocaeli-doktorlari\/\" aria-label=\"Read more about Kocaeli Doktorlar\u0131\">Read more<\/a><\/p>","protected":false},"author":1,"featured_media":0,"parent":0,"menu_order":0,"comment_status":"closed","ping_status":"closed","template":"","meta":{"footnotes":""},"class_list":["post-1209","page","type-page","status-publish"],"_links":{"self":[{"href":"https:\/\/turkpedkar.org.tr\/en\/wp-json\/wp\/v2\/pages\/1209","targetHints":{"allow":["GET"]}}],"collection":[{"href":"https:\/\/turkpedkar.org.tr\/en\/wp-json\/wp\/v2\/pages"}],"about":[{"href":"https:\/\/turkpedkar.org.tr\/en\/wp-json\/wp\/v2\/types\/page"}],"author":[{"embeddable":true,"href":"https:\/\/turkpedkar.org.tr\/en\/wp-json\/wp\/v2\/users\/1"}],"replies":[{"embeddable":true,"href":"https:\/\/turkpedkar.org.tr\/en\/wp-json\/wp\/v2\/comments?post=1209"}],"version-history":[{"count":3,"href":"https:\/\/turkpedkar.org.tr\/en\/wp-json\/wp\/v2\/pages\/1209\/revisions"}],"predecessor-version":[{"id":151413,"href":"https:\/\/turkpedkar.org.tr\/en\/wp-json\/wp\/v2\/pages\/1209\/revisions\/151413"}],"wp:attachment":[{"href":"https:\/\/turkpedkar.org.tr\/en\/wp-json\/wp\/v2\/media?parent=1209"}],"curies":[{"name":"wp","href":"https:\/\/api.w.org\/{rel}","templated":true}]}}