{"id":1205,"date":"2013-11-12T12:26:47","date_gmt":"2013-11-12T10:26:47","guid":{"rendered":"http:\/\/test.bartekyazilim.com\/?page_id=1205"},"modified":"2025-08-20T16:05:27","modified_gmt":"2025-08-20T13:05:27","slug":"isparta-doktorlari","status":"publish","type":"page","link":"https:\/\/turkpedkar.org.tr\/en\/isparta-doktorlari\/","title":{"rendered":"Doctors in Isparta"},"content":{"rendered":"<figure class=\"wp-block-table\"><table class=\"has-fixed-layout\"><tbody><tr><td><strong>FIRST NAME<\/strong><\/td><td><strong>LAST NAME<\/strong><\/td><td><strong>TITLE<\/strong><\/td><td><strong>SPECIALTY<\/strong><\/td><td><strong>WORK ADDRESS<\/strong><\/td><\/tr><tr><td>Deniz<\/td><td>ER\u0130\u015e<\/td><td>Attending Physician<\/td><td>Pediatric Cardiologist<\/td><td>Isparta \u015eehir Hastanesi<\/td><\/tr><tr><td>Mahmut<\/td><td>KESK\u0130N<\/td><td>Asst. Prof.<\/td><td>Pediatric Cardiologist<\/td><td>S\u00fcleyman Demirel \u00dcniversitesi T\u0131p Fak\u00fcltesi<\/td><\/tr><tr><td>Hasan Tahsin<\/td><td>TOLA<\/td><td>Attending Physician<\/td><td>Pediatric Cardiologist<\/td><td>\u00d6zel Hastane<\/td><\/tr><\/tbody><\/table><\/figure>","protected":false},"excerpt":{"rendered":"<p>ADI SOYADI UNVANI BRAN\u015eI \u0130\u015e ADRES\u0130 Deniz ER\u0130\u015e Uzman Kard. Isparta \u015eehir Hastanesi Mahmut KESK\u0130N Dr.\u00d6\u011fretim \u00dcyesi Kard. S\u00fcleyman Demirel \u00dcniversitesi T\u0131p Fak\u00fcltesi Hasan Tahsin TOLA Uzman Kard. \u00d6zel Hastane<\/p>","protected":false},"author":1,"featured_media":0,"parent":0,"menu_order":0,"comment_status":"closed","ping_status":"closed","template":"","meta":{"footnotes":""},"class_list":["post-1205","page","type-page","status-publish"],"_links":{"self":[{"href":"https:\/\/turkpedkar.org.tr\/en\/wp-json\/wp\/v2\/pages\/1205","targetHints":{"allow":["GET"]}}],"collection":[{"href":"https:\/\/turkpedkar.org.tr\/en\/wp-json\/wp\/v2\/pages"}],"about":[{"href":"https:\/\/turkpedkar.org.tr\/en\/wp-json\/wp\/v2\/types\/page"}],"author":[{"embeddable":true,"href":"https:\/\/turkpedkar.org.tr\/en\/wp-json\/wp\/v2\/users\/1"}],"replies":[{"embeddable":true,"href":"https:\/\/turkpedkar.org.tr\/en\/wp-json\/wp\/v2\/comments?post=1205"}],"version-history":[{"count":2,"href":"https:\/\/turkpedkar.org.tr\/en\/wp-json\/wp\/v2\/pages\/1205\/revisions"}],"predecessor-version":[{"id":151007,"href":"https:\/\/turkpedkar.org.tr\/en\/wp-json\/wp\/v2\/pages\/1205\/revisions\/151007"}],"wp:attachment":[{"href":"https:\/\/turkpedkar.org.tr\/en\/wp-json\/wp\/v2\/media?parent=1205"}],"curies":[{"name":"wp","href":"https:\/\/api.w.org\/{rel}","templated":true}]}}